{"id":13319,"date":"2023-10-19T20:22:55","date_gmt":"2023-10-19T19:22:55","guid":{"rendered":"https:\/\/baralivres.ma\/?post_type=product&#038;p=13319"},"modified":"2023-10-19T20:22:55","modified_gmt":"2023-10-19T19:22:55","slug":"rendez-vous","status":"publish","type":"product","link":"https:\/\/baralivres.ma\/?product=rendez-vous","title":{"rendered":"Rendez-vous"},"content":{"rendered":"<p>Paris est abasourdie lorsque son mari demande le divorce apr\u00e8s vingt-cinq ans de mariage. Elle choisit de d\u00e9m\u00e9nager \u00e0 San Francisco pour commencer une nouvelle vie en tant que c\u00e9libataire, embrassant la solitude, la libert\u00e9 et les nouvelles rencontres.<\/p>\n","protected":false},"excerpt":{"rendered":"<p>Paris, apr\u00e8s vingt-cinq ans de mariage, d\u00e9cide de d\u00e9m\u00e9nager \u00e0 San Francisco suite \u00e0 la demande de divorce de son mari, embrassant ainsi une nouvelle vie de c\u00e9libataire.<\/p>\n","protected":false},"featured_media":13321,"comment_status":"open","ping_status":"closed","template":"","meta":{"inline_featured_image":false},"product_cat":[204,143],"product_tag":[],"class_list":{"0":"post-13319","1":"product","2":"type-product","3":"status-publish","4":"has-post-thumbnail","6":"product_cat-francais","7":"product_cat-roman","8":"pa_auteurs-danielle-steel","10":"first","11":"instock","12":"shipping-taxable","13":"purchasable","14":"product-type-simple"},"_links":{"self":[{"href":"https:\/\/baralivres.ma\/index.php?rest_route=\/wp\/v2\/product\/13319","targetHints":{"allow":["GET"]}}],"collection":[{"href":"https:\/\/baralivres.ma\/index.php?rest_route=\/wp\/v2\/product"}],"about":[{"href":"https:\/\/baralivres.ma\/index.php?rest_route=\/wp\/v2\/types\/product"}],"replies":[{"embeddable":true,"href":"https:\/\/baralivres.ma\/index.php?rest_route=%2Fwp%2Fv2%2Fcomments&post=13319"}],"version-history":[{"count":1,"href":"https:\/\/baralivres.ma\/index.php?rest_route=\/wp\/v2\/product\/13319\/revisions"}],"predecessor-version":[{"id":13322,"href":"https:\/\/baralivres.ma\/index.php?rest_route=\/wp\/v2\/product\/13319\/revisions\/13322"}],"wp:featuredmedia":[{"embeddable":true,"href":"https:\/\/baralivres.ma\/index.php?rest_route=\/wp\/v2\/media\/13321"}],"wp:attachment":[{"href":"https:\/\/baralivres.ma\/index.php?rest_route=%2Fwp%2Fv2%2Fmedia&parent=13319"}],"wp:term":[{"taxonomy":"product_cat","embeddable":true,"href":"https:\/\/baralivres.ma\/index.php?rest_route=%2Fwp%2Fv2%2Fproduct_cat&post=13319"},{"taxonomy":"product_tag","embeddable":true,"href":"https:\/\/baralivres.ma\/index.php?rest_route=%2Fwp%2Fv2%2Fproduct_tag&post=13319"}],"curies":[{"name":"wp","href":"https:\/\/api.w.org\/{rel}","templated":true}]}}