{"id":13316,"date":"2023-10-19T20:12:59","date_gmt":"2023-10-19T19:12:59","guid":{"rendered":"https:\/\/baralivres.ma\/?post_type=product&#038;p=13316"},"modified":"2023-10-19T20:13:00","modified_gmt":"2023-10-19T19:13:00","slug":"agent-secret","status":"publish","type":"product","link":"https:\/\/baralivres.ma\/?product=agent-secret","title":{"rendered":"Agent Secret"},"content":{"rendered":"<p>Marshall Everett, un agent secret brillant, se fait d\u00e9masquer apr\u00e8s avoir infiltr\u00e9 un cartel de drogue en Am\u00e9rique du Sud, perdant ainsi tous ceux qu&rsquo;il ch\u00e9rissait. Ariana Gregory, apr\u00e8s avoir renonc\u00e9 \u00e0 la vie tr\u00e9pidante de New York pour suivre son p\u00e8re diplomate en Argentine, subit un enl\u00e8vement traumatisant. Lib\u00e9r\u00e9e dans des circonstances difficiles, elle se retrouve \u00e9galement seule au monde. Le destin les r\u00e9unit \u00e0 Paris, o\u00f9 tous deux cherchent \u00e0 se reconstruire.<\/p>\n","protected":false},"excerpt":{"rendered":"<p>Marshall Everett, agent secret d\u00e9masqu\u00e9 en Am\u00e9rique du Sud, perd ses proches. Ariana Gregory, kidnapp\u00e9e en Argentine, se retrouve seule apr\u00e8s sa lib\u00e9ration. Le destin les r\u00e9unit \u00e0 Paris pour se reconstruire.<\/p>\n","protected":false},"featured_media":13317,"comment_status":"open","ping_status":"closed","template":"","meta":{"inline_featured_image":false},"product_cat":[143],"product_tag":[],"class_list":{"0":"post-13316","1":"product","2":"type-product","3":"status-publish","4":"has-post-thumbnail","6":"product_cat-roman","7":"pa_auteurs-danielle-steel","9":"first","10":"instock","11":"shipping-taxable","12":"purchasable","13":"product-type-simple"},"_links":{"self":[{"href":"https:\/\/baralivres.ma\/index.php?rest_route=\/wp\/v2\/product\/13316","targetHints":{"allow":["GET"]}}],"collection":[{"href":"https:\/\/baralivres.ma\/index.php?rest_route=\/wp\/v2\/product"}],"about":[{"href":"https:\/\/baralivres.ma\/index.php?rest_route=\/wp\/v2\/types\/product"}],"replies":[{"embeddable":true,"href":"https:\/\/baralivres.ma\/index.php?rest_route=%2Fwp%2Fv2%2Fcomments&post=13316"}],"version-history":[{"count":1,"href":"https:\/\/baralivres.ma\/index.php?rest_route=\/wp\/v2\/product\/13316\/revisions"}],"predecessor-version":[{"id":13318,"href":"https:\/\/baralivres.ma\/index.php?rest_route=\/wp\/v2\/product\/13316\/revisions\/13318"}],"wp:featuredmedia":[{"embeddable":true,"href":"https:\/\/baralivres.ma\/index.php?rest_route=\/wp\/v2\/media\/13317"}],"wp:attachment":[{"href":"https:\/\/baralivres.ma\/index.php?rest_route=%2Fwp%2Fv2%2Fmedia&parent=13316"}],"wp:term":[{"taxonomy":"product_cat","embeddable":true,"href":"https:\/\/baralivres.ma\/index.php?rest_route=%2Fwp%2Fv2%2Fproduct_cat&post=13316"},{"taxonomy":"product_tag","embeddable":true,"href":"https:\/\/baralivres.ma\/index.php?rest_route=%2Fwp%2Fv2%2Fproduct_tag&post=13316"}],"curies":[{"name":"wp","href":"https:\/\/api.w.org\/{rel}","templated":true}]}}