{"id":13313,"date":"2023-10-19T20:04:18","date_gmt":"2023-10-19T19:04:18","guid":{"rendered":"https:\/\/baralivres.ma\/?post_type=product&#038;p=13313"},"modified":"2023-10-19T20:04:18","modified_gmt":"2023-10-19T19:04:18","slug":"lhomme-qui-voulait-vivre-sa-vie","status":"publish","type":"product","link":"https:\/\/baralivres.ma\/?product=lhomme-qui-voulait-vivre-sa-vie","title":{"rendered":"L&rsquo;homme qui voulait vivre sa vie"},"content":{"rendered":"<p>Bien que Ben Bradford ait un poste important, une grande maison, une femme \u00e9l\u00e9gante et un b\u00e9b\u00e9, il ne se consid\u00e8re pas vraiment comme un succ\u00e8s. Son r\u00eave d&rsquo;enfance, devenir photographe, est d\u00e9sormais rel\u00e9gu\u00e9 au second plan. Bien qu&rsquo;il poss\u00e8de des \u00e9quipements photographiques haut de gamme, les occasions de les utiliser sont rares. Il ressent de plus en plus qu&rsquo;il est un imposteur dans sa propre vie.<\/p>\n","protected":false},"excerpt":{"rendered":"<p>Ben Bradford, en apparence r\u00e9ussi avec un poste important et une vie confortable, se sent comme un imposteur car son r\u00eave de devenir photographe est rel\u00e9gu\u00e9 au second plan.<\/p>\n","protected":false},"featured_media":13314,"comment_status":"open","ping_status":"closed","template":"","meta":{"inline_featured_image":false},"product_cat":[204,143,178],"product_tag":[],"class_list":{"0":"post-13313","1":"product","2":"type-product","3":"status-publish","4":"has-post-thumbnail","6":"product_cat-francais","7":"product_cat-roman","8":"product_cat-contemporain","9":"pa_auteurs-douglas-kennedy","11":"first","12":"instock","13":"shipping-taxable","14":"purchasable","15":"product-type-simple"},"_links":{"self":[{"href":"https:\/\/baralivres.ma\/index.php?rest_route=\/wp\/v2\/product\/13313","targetHints":{"allow":["GET"]}}],"collection":[{"href":"https:\/\/baralivres.ma\/index.php?rest_route=\/wp\/v2\/product"}],"about":[{"href":"https:\/\/baralivres.ma\/index.php?rest_route=\/wp\/v2\/types\/product"}],"replies":[{"embeddable":true,"href":"https:\/\/baralivres.ma\/index.php?rest_route=%2Fwp%2Fv2%2Fcomments&post=13313"}],"version-history":[{"count":1,"href":"https:\/\/baralivres.ma\/index.php?rest_route=\/wp\/v2\/product\/13313\/revisions"}],"predecessor-version":[{"id":13315,"href":"https:\/\/baralivres.ma\/index.php?rest_route=\/wp\/v2\/product\/13313\/revisions\/13315"}],"wp:featuredmedia":[{"embeddable":true,"href":"https:\/\/baralivres.ma\/index.php?rest_route=\/wp\/v2\/media\/13314"}],"wp:attachment":[{"href":"https:\/\/baralivres.ma\/index.php?rest_route=%2Fwp%2Fv2%2Fmedia&parent=13313"}],"wp:term":[{"taxonomy":"product_cat","embeddable":true,"href":"https:\/\/baralivres.ma\/index.php?rest_route=%2Fwp%2Fv2%2Fproduct_cat&post=13313"},{"taxonomy":"product_tag","embeddable":true,"href":"https:\/\/baralivres.ma\/index.php?rest_route=%2Fwp%2Fv2%2Fproduct_tag&post=13313"}],"curies":[{"name":"wp","href":"https:\/\/api.w.org\/{rel}","templated":true}]}}