{"id":13296,"date":"2023-10-19T16:24:21","date_gmt":"2023-10-19T15:24:21","guid":{"rendered":"https:\/\/baralivres.ma\/?post_type=product&#038;p=13296"},"modified":"2023-11-07T12:30:17","modified_gmt":"2023-11-07T11:30:17","slug":"une-fille-comme-elle","status":"publish","type":"product","link":"https:\/\/baralivres.ma\/?product=une-fille-comme-elle","title":{"rendered":"Une fille comme elle"},"content":{"rendered":"<p>\u00c0 New York, sur la 5e Avenue, un petit immeuble se distingue par sa singularit\u00e9. Ses r\u00e9sidents ont une forte affection pour leur concierge d&rsquo;ascenseur, Deepak, dont la responsabilit\u00e9 est de maintenir en marche l&rsquo;ascenseur m\u00e9canique, un v\u00e9ritable vestige du pass\u00e9. Cependant, la tranquillit\u00e9 de cette communaut\u00e9 joyeuse est perturb\u00e9e lorsque son coll\u00e8gue de nuit fait une chute dans l&rsquo;escalier.<\/p>\n<p>Lorsque Sanji, le myst\u00e9rieux neveu de Deepak, arrive en sauveur pour prendre la rel\u00e8ve en tant que concierge d&rsquo;ascenseur, personne ne peut soup\u00e7onner qu&rsquo;il est en r\u00e9alit\u00e9 un multimillionnaire de Bombay. C&rsquo;est d&rsquo;autant plus surprenant pour Chlo\u00e9, l&rsquo;occupante du dernier \u00e9tage.<\/p>\n","protected":false},"excerpt":{"rendered":"<p>Un immeuble \u00e0 New York est boulevers\u00e9 lorsque Sanji, le neveu riche de Deepak, devient le liftier, cachant sa fortune \u00e0 Chlo\u00e9, l&rsquo;occupante du dernier \u00e9tage.<\/p>\n","protected":false},"featured_media":13539,"comment_status":"open","ping_status":"closed","template":"","meta":{"inline_featured_image":false},"product_cat":[204,143],"product_tag":[],"class_list":{"0":"post-13296","1":"product","2":"type-product","3":"status-publish","4":"has-post-thumbnail","6":"product_cat-francais","7":"product_cat-roman","8":"pa_auteurs-marc-levy","10":"first","11":"instock","12":"shipping-taxable","13":"purchasable","14":"product-type-simple"},"_links":{"self":[{"href":"https:\/\/baralivres.ma\/index.php?rest_route=\/wp\/v2\/product\/13296","targetHints":{"allow":["GET"]}}],"collection":[{"href":"https:\/\/baralivres.ma\/index.php?rest_route=\/wp\/v2\/product"}],"about":[{"href":"https:\/\/baralivres.ma\/index.php?rest_route=\/wp\/v2\/types\/product"}],"replies":[{"embeddable":true,"href":"https:\/\/baralivres.ma\/index.php?rest_route=%2Fwp%2Fv2%2Fcomments&post=13296"}],"version-history":[{"count":1,"href":"https:\/\/baralivres.ma\/index.php?rest_route=\/wp\/v2\/product\/13296\/revisions"}],"predecessor-version":[{"id":13298,"href":"https:\/\/baralivres.ma\/index.php?rest_route=\/wp\/v2\/product\/13296\/revisions\/13298"}],"wp:featuredmedia":[{"embeddable":true,"href":"https:\/\/baralivres.ma\/index.php?rest_route=\/wp\/v2\/media\/13539"}],"wp:attachment":[{"href":"https:\/\/baralivres.ma\/index.php?rest_route=%2Fwp%2Fv2%2Fmedia&parent=13296"}],"wp:term":[{"taxonomy":"product_cat","embeddable":true,"href":"https:\/\/baralivres.ma\/index.php?rest_route=%2Fwp%2Fv2%2Fproduct_cat&post=13296"},{"taxonomy":"product_tag","embeddable":true,"href":"https:\/\/baralivres.ma\/index.php?rest_route=%2Fwp%2Fv2%2Fproduct_tag&post=13296"}],"curies":[{"name":"wp","href":"https:\/\/api.w.org\/{rel}","templated":true}]}}