{"id":13293,"date":"2023-10-19T16:02:21","date_gmt":"2023-10-19T15:02:21","guid":{"rendered":"https:\/\/baralivres.ma\/?post_type=product&#038;p=13293"},"modified":"2023-10-19T16:02:22","modified_gmt":"2023-10-19T15:02:22","slug":"si-cetait-a-refaire","status":"publish","type":"product","link":"https:\/\/baralivres.ma\/?product=si-cetait-a-refaire","title":{"rendered":"Si c&rsquo;\u00e9tait \u00e0 refaire"},"content":{"rendered":"<p>\u00c0 New York, Andrew Stilman, un journaliste du New York Times, entame une course matinale le long de la rivi\u00e8re Hudson aux c\u00f4t\u00e9s d&rsquo;autres joggeurs. Son esprit est partag\u00e9 entre les pr\u00e9occupations li\u00e9es \u00e0 l&rsquo;enqu\u00eate la plus cruciale de sa carri\u00e8re, les r\u00e9flexions sur son mariage et l&rsquo;anticipation d&rsquo;un scoop sur le point d&rsquo;\u00e9clater. Pourtant, en l&rsquo;espace d&rsquo;une minute, le destin d&rsquo;Andrew Stilman bascule brusquement lorsqu&rsquo;un assassin se fond dans la foule et lui inflige une douleur d\u00e9vastatrice dans le dos, le pr\u00e9cipitant vers l&rsquo;inconscience.<\/p>\n<p>Ce qui suit est toutefois incroyable : Andrew Stilman se retrouve soudain replong\u00e9 dans le pass\u00e9, deux mois en arri\u00e8re. Confront\u00e9 \u00e0 cette \u00e9nigme temporelle, Stilman se trouve confront\u00e9 \u00e0 un choix d\u00e9chirant entre poursuivre son enqu\u00eate capitale, sauver son mariage, identifier son futur assassin, et contrer la roue implacable du destin. Des rues de New York jusqu&rsquo;aux quartiers de Buenos Aires, ce reporter se voit inextricablement emport\u00e9 dans un tourbillon effr\u00e9n\u00e9 d&rsquo;\u00e9v\u00e9nements.<\/p>\n","protected":false},"excerpt":{"rendered":"<p>Andrew Stilman, reporter agress\u00e9, revit deux mois pour enqu\u00eater, sauver son mariage, d\u00e9masquer son agresseur, entre New York et Buenos Aires.<\/p>\n","protected":false},"featured_media":13294,"comment_status":"open","ping_status":"closed","template":"","meta":{"inline_featured_image":false},"product_cat":[204,143],"product_tag":[],"class_list":{"0":"post-13293","1":"product","2":"type-product","3":"status-publish","4":"has-post-thumbnail","6":"product_cat-francais","7":"product_cat-roman","8":"pa_auteurs-marc-levy","10":"first","11":"instock","12":"shipping-taxable","13":"purchasable","14":"product-type-simple"},"_links":{"self":[{"href":"https:\/\/baralivres.ma\/index.php?rest_route=\/wp\/v2\/product\/13293","targetHints":{"allow":["GET"]}}],"collection":[{"href":"https:\/\/baralivres.ma\/index.php?rest_route=\/wp\/v2\/product"}],"about":[{"href":"https:\/\/baralivres.ma\/index.php?rest_route=\/wp\/v2\/types\/product"}],"replies":[{"embeddable":true,"href":"https:\/\/baralivres.ma\/index.php?rest_route=%2Fwp%2Fv2%2Fcomments&post=13293"}],"version-history":[{"count":1,"href":"https:\/\/baralivres.ma\/index.php?rest_route=\/wp\/v2\/product\/13293\/revisions"}],"predecessor-version":[{"id":13295,"href":"https:\/\/baralivres.ma\/index.php?rest_route=\/wp\/v2\/product\/13293\/revisions\/13295"}],"wp:featuredmedia":[{"embeddable":true,"href":"https:\/\/baralivres.ma\/index.php?rest_route=\/wp\/v2\/media\/13294"}],"wp:attachment":[{"href":"https:\/\/baralivres.ma\/index.php?rest_route=%2Fwp%2Fv2%2Fmedia&parent=13293"}],"wp:term":[{"taxonomy":"product_cat","embeddable":true,"href":"https:\/\/baralivres.ma\/index.php?rest_route=%2Fwp%2Fv2%2Fproduct_cat&post=13293"},{"taxonomy":"product_tag","embeddable":true,"href":"https:\/\/baralivres.ma\/index.php?rest_route=%2Fwp%2Fv2%2Fproduct_tag&post=13293"}],"curies":[{"name":"wp","href":"https:\/\/api.w.org\/{rel}","templated":true}]}}