{"id":13282,"date":"2023-10-19T03:33:20","date_gmt":"2023-10-19T02:33:20","guid":{"rendered":"https:\/\/baralivres.ma\/?post_type=product&#038;p=13282"},"modified":"2023-10-19T03:33:21","modified_gmt":"2023-10-19T02:33:21","slug":"mirage","status":"publish","type":"product","link":"https:\/\/baralivres.ma\/?product=mirage","title":{"rendered":"MIRAGE"},"content":{"rendered":"<p>Robyn, expert-comptable, et Paul, artiste, forment un couple improbable, mais leur amour est profond. Ils d\u00e9sirent ardemment un enfant et esp\u00e8rent qu&rsquo;un voyage \u00e0 Essaouira r\u00e9alisera leur r\u00eave. Cependant, un secret r\u00e9v\u00e9l\u00e9 les bouleverse et Paul dispara\u00eet. Entre myst\u00e8res et illusions, Robyn traverse des \u00e9preuves d\u00e9vastatrices pour retrouver son amour perdu.<\/p>\n","protected":false},"excerpt":{"rendered":"<p>Robyn, expert-comptable, et Paul, artiste, vivent un amour improbable. Un secret r\u00e9v\u00e9l\u00e9 bouleverse leur vie et la disparition de Paul au Maroc pousse Robyn dans une qu\u00eate d\u00e9sesp\u00e9r\u00e9e pour le retrouver.<\/p>\n","protected":false},"featured_media":13283,"comment_status":"open","ping_status":"closed","template":"","meta":{"inline_featured_image":false},"product_cat":[143,178],"product_tag":[],"class_list":{"0":"post-13282","1":"product","2":"type-product","3":"status-publish","4":"has-post-thumbnail","6":"product_cat-roman","7":"product_cat-contemporain","8":"pa_auteurs-douglas-kennedy","10":"first","11":"instock","12":"shipping-taxable","13":"purchasable","14":"product-type-simple"},"_links":{"self":[{"href":"https:\/\/baralivres.ma\/index.php?rest_route=\/wp\/v2\/product\/13282","targetHints":{"allow":["GET"]}}],"collection":[{"href":"https:\/\/baralivres.ma\/index.php?rest_route=\/wp\/v2\/product"}],"about":[{"href":"https:\/\/baralivres.ma\/index.php?rest_route=\/wp\/v2\/types\/product"}],"replies":[{"embeddable":true,"href":"https:\/\/baralivres.ma\/index.php?rest_route=%2Fwp%2Fv2%2Fcomments&post=13282"}],"version-history":[{"count":1,"href":"https:\/\/baralivres.ma\/index.php?rest_route=\/wp\/v2\/product\/13282\/revisions"}],"predecessor-version":[{"id":13284,"href":"https:\/\/baralivres.ma\/index.php?rest_route=\/wp\/v2\/product\/13282\/revisions\/13284"}],"wp:featuredmedia":[{"embeddable":true,"href":"https:\/\/baralivres.ma\/index.php?rest_route=\/wp\/v2\/media\/13283"}],"wp:attachment":[{"href":"https:\/\/baralivres.ma\/index.php?rest_route=%2Fwp%2Fv2%2Fmedia&parent=13282"}],"wp:term":[{"taxonomy":"product_cat","embeddable":true,"href":"https:\/\/baralivres.ma\/index.php?rest_route=%2Fwp%2Fv2%2Fproduct_cat&post=13282"},{"taxonomy":"product_tag","embeddable":true,"href":"https:\/\/baralivres.ma\/index.php?rest_route=%2Fwp%2Fv2%2Fproduct_tag&post=13282"}],"curies":[{"name":"wp","href":"https:\/\/api.w.org\/{rel}","templated":true}]}}