{"id":13278,"date":"2023-10-19T03:22:30","date_gmt":"2023-10-19T02:22:30","guid":{"rendered":"https:\/\/baralivres.ma\/?post_type=product&#038;p=13278"},"modified":"2023-10-19T03:22:30","modified_gmt":"2023-10-19T02:22:30","slug":"isabelle-lapres-midi","status":"publish","type":"product","link":"https:\/\/baralivres.ma\/?product=isabelle-lapres-midi","title":{"rendered":"ISABELLE. L&rsquo;APRES-MIDI"},"content":{"rendered":"<p>Avant Isabelle, Sam \u00e9tait ignorant de l&rsquo;amour et de la vie. Jeune \u00e9tudiant am\u00e9ricain \u00e0 Paris dans les ann\u00e9es 1970, il fait sa rencontre dans une librairie. Malgr\u00e9 une diff\u00e9rence d&rsquo;\u00e2ge et de statut marital, une passion intense se d\u00e9veloppe entre eux, rythm\u00e9e par des rendez-vous entre cinq et sept heures. Mais Sam en veut plus. Isabelle, la femme qui lui a ouvert les portes d&rsquo;une nouvelle existence, est-elle pr\u00eate \u00e0 tout sacrifier ? La passion pourra-t-elle r\u00e9sister aux \u00e9preuves du quotidien et au passage du temps ?<\/p>\n","protected":false},"excerpt":{"rendered":"<p>Sam, \u00e9tudiant am\u00e9ricain \u00e0 Paris, rencontre Isabelle, une femme mari\u00e9e. Leur passion soul\u00e8ve des questions sur le long terme.<\/p>\n","protected":false},"featured_media":13279,"comment_status":"open","ping_status":"closed","template":"","meta":{"inline_featured_image":false},"product_cat":[143,178],"product_tag":[],"class_list":{"0":"post-13278","1":"product","2":"type-product","3":"status-publish","4":"has-post-thumbnail","6":"product_cat-roman","7":"product_cat-contemporain","8":"pa_auteurs-douglas-kennedy","10":"first","11":"instock","12":"shipping-taxable","13":"purchasable","14":"product-type-simple"},"_links":{"self":[{"href":"https:\/\/baralivres.ma\/index.php?rest_route=\/wp\/v2\/product\/13278","targetHints":{"allow":["GET"]}}],"collection":[{"href":"https:\/\/baralivres.ma\/index.php?rest_route=\/wp\/v2\/product"}],"about":[{"href":"https:\/\/baralivres.ma\/index.php?rest_route=\/wp\/v2\/types\/product"}],"replies":[{"embeddable":true,"href":"https:\/\/baralivres.ma\/index.php?rest_route=%2Fwp%2Fv2%2Fcomments&post=13278"}],"version-history":[{"count":1,"href":"https:\/\/baralivres.ma\/index.php?rest_route=\/wp\/v2\/product\/13278\/revisions"}],"predecessor-version":[{"id":13280,"href":"https:\/\/baralivres.ma\/index.php?rest_route=\/wp\/v2\/product\/13278\/revisions\/13280"}],"wp:featuredmedia":[{"embeddable":true,"href":"https:\/\/baralivres.ma\/index.php?rest_route=\/wp\/v2\/media\/13279"}],"wp:attachment":[{"href":"https:\/\/baralivres.ma\/index.php?rest_route=%2Fwp%2Fv2%2Fmedia&parent=13278"}],"wp:term":[{"taxonomy":"product_cat","embeddable":true,"href":"https:\/\/baralivres.ma\/index.php?rest_route=%2Fwp%2Fv2%2Fproduct_cat&post=13278"},{"taxonomy":"product_tag","embeddable":true,"href":"https:\/\/baralivres.ma\/index.php?rest_route=%2Fwp%2Fv2%2Fproduct_tag&post=13278"}],"curies":[{"name":"wp","href":"https:\/\/api.w.org\/{rel}","templated":true}]}}