{"id":13272,"date":"2023-10-19T03:09:31","date_gmt":"2023-10-19T02:09:31","guid":{"rendered":"https:\/\/baralivres.ma\/?post_type=product&#038;p=13272"},"modified":"2023-10-19T03:09:32","modified_gmt":"2023-10-19T02:09:32","slug":"piege-nuptial","status":"publish","type":"product","link":"https:\/\/baralivres.ma\/?product=piege-nuptial","title":{"rendered":"PIEGE NUPTIAL"},"content":{"rendered":"<p>Quelques r\u00e8gles \u00e9l\u00e9mentaires de survie dans le bush australien :<br \/>\n1) Ne jamais conduire en pleine nuit sur une route d\u00e9serte : un kangourou se ferait une joie de d\u00e9foncer votre pare-chocs.<br \/>\n2) Ne jamais c\u00e9der aux charmes d&rsquo;une auto-stoppeuse du cru.<br \/>\n3) Et ne jamais se laisser droguer, enlever et \u00e9pouser par ladite autochtone.<br \/>\nDans son village, en effet, le divorce n&rsquo;est pas autoris\u00e9. Mais le nombre de veuves y est impressionnant&#8230;<\/p>\n","protected":false},"excerpt":{"rendered":"<p>Dans le bush australien, ne conduisez pas la nuit pour \u00e9viter les collisions avec les kangourous, m\u00e9fiez-vous des auto-stoppeuses locales, et ne vous faites pas droguer, enlever et \u00e9pouser par elles, car le divorce est interdit dans leur village, expliquant le nombre inhabituellement \u00e9lev\u00e9 de veuves.<\/p>\n","protected":false},"featured_media":13273,"comment_status":"open","ping_status":"closed","template":"","meta":{"inline_featured_image":false},"product_cat":[204,143],"product_tag":[],"class_list":{"0":"post-13272","1":"product","2":"type-product","3":"status-publish","4":"has-post-thumbnail","6":"product_cat-francais","7":"product_cat-roman","8":"pa_auteurs-douglas-kennedy","10":"first","11":"instock","12":"shipping-taxable","13":"purchasable","14":"product-type-simple"},"_links":{"self":[{"href":"https:\/\/baralivres.ma\/index.php?rest_route=\/wp\/v2\/product\/13272","targetHints":{"allow":["GET"]}}],"collection":[{"href":"https:\/\/baralivres.ma\/index.php?rest_route=\/wp\/v2\/product"}],"about":[{"href":"https:\/\/baralivres.ma\/index.php?rest_route=\/wp\/v2\/types\/product"}],"replies":[{"embeddable":true,"href":"https:\/\/baralivres.ma\/index.php?rest_route=%2Fwp%2Fv2%2Fcomments&post=13272"}],"version-history":[{"count":1,"href":"https:\/\/baralivres.ma\/index.php?rest_route=\/wp\/v2\/product\/13272\/revisions"}],"predecessor-version":[{"id":13274,"href":"https:\/\/baralivres.ma\/index.php?rest_route=\/wp\/v2\/product\/13272\/revisions\/13274"}],"wp:featuredmedia":[{"embeddable":true,"href":"https:\/\/baralivres.ma\/index.php?rest_route=\/wp\/v2\/media\/13273"}],"wp:attachment":[{"href":"https:\/\/baralivres.ma\/index.php?rest_route=%2Fwp%2Fv2%2Fmedia&parent=13272"}],"wp:term":[{"taxonomy":"product_cat","embeddable":true,"href":"https:\/\/baralivres.ma\/index.php?rest_route=%2Fwp%2Fv2%2Fproduct_cat&post=13272"},{"taxonomy":"product_tag","embeddable":true,"href":"https:\/\/baralivres.ma\/index.php?rest_route=%2Fwp%2Fv2%2Fproduct_tag&post=13272"}],"curies":[{"name":"wp","href":"https:\/\/api.w.org\/{rel}","templated":true}]}}