{"id":13269,"date":"2023-10-19T03:02:11","date_gmt":"2023-10-19T02:02:11","guid":{"rendered":"https:\/\/baralivres.ma\/?post_type=product&#038;p=13269"},"modified":"2023-10-19T19:42:06","modified_gmt":"2023-10-19T18:42:06","slug":"toutes-ces-grandes-questions","status":"publish","type":"product","link":"https:\/\/baralivres.ma\/?product=toutes-ces-grandes-questions","title":{"rendered":"Toutes ces grandes questions sans r\u00e9ponse"},"content":{"rendered":"<p>Douglas Kennedy propose un manuel de savoir-vivre \u00e0 la Montaigne, tout en se r\u00e9v\u00e9lant comme jamais auparavant : Le bonheur n&rsquo;est-il qu&rsquo;un instant fugace ? Sommes-nous les victimes ou bien les artisans de notre infortune ? Ce sont l\u00e0 quelques-unes des grandes questions qu&rsquo;explore Kennedy dans un livre qui m\u00eale confession intime et essai litt\u00e9raire, offrant une lecture vivifiante, touchante et dr\u00f4le, enrichie d&rsquo;anecdotes et d&rsquo;exp\u00e9riences personnelles tant\u00f4t dramatiques, tant\u00f4t comiques.<\/p>\n","protected":false},"excerpt":{"rendered":"<p>Douglas Kennedy propose un manuel de vie \u00e0 la Montaigne, explorant les questions fondamentales sur le bonheur et notre responsabilit\u00e9 dans notre propre malheur, dans un r\u00e9cit entre confession et essai, riche en anecdotes personnelles.<\/p>\n","protected":false},"featured_media":13270,"comment_status":"open","ping_status":"closed","template":"","meta":{"inline_featured_image":false},"product_cat":[204,143],"product_tag":[],"class_list":{"0":"post-13269","1":"product","2":"type-product","3":"status-publish","4":"has-post-thumbnail","6":"product_cat-francais","7":"product_cat-roman","8":"pa_auteurs-douglas-kennedy","10":"first","11":"instock","12":"shipping-taxable","13":"purchasable","14":"product-type-simple"},"_links":{"self":[{"href":"https:\/\/baralivres.ma\/index.php?rest_route=\/wp\/v2\/product\/13269","targetHints":{"allow":["GET"]}}],"collection":[{"href":"https:\/\/baralivres.ma\/index.php?rest_route=\/wp\/v2\/product"}],"about":[{"href":"https:\/\/baralivres.ma\/index.php?rest_route=\/wp\/v2\/types\/product"}],"replies":[{"embeddable":true,"href":"https:\/\/baralivres.ma\/index.php?rest_route=%2Fwp%2Fv2%2Fcomments&post=13269"}],"version-history":[{"count":2,"href":"https:\/\/baralivres.ma\/index.php?rest_route=\/wp\/v2\/product\/13269\/revisions"}],"predecessor-version":[{"id":13311,"href":"https:\/\/baralivres.ma\/index.php?rest_route=\/wp\/v2\/product\/13269\/revisions\/13311"}],"wp:featuredmedia":[{"embeddable":true,"href":"https:\/\/baralivres.ma\/index.php?rest_route=\/wp\/v2\/media\/13270"}],"wp:attachment":[{"href":"https:\/\/baralivres.ma\/index.php?rest_route=%2Fwp%2Fv2%2Fmedia&parent=13269"}],"wp:term":[{"taxonomy":"product_cat","embeddable":true,"href":"https:\/\/baralivres.ma\/index.php?rest_route=%2Fwp%2Fv2%2Fproduct_cat&post=13269"},{"taxonomy":"product_tag","embeddable":true,"href":"https:\/\/baralivres.ma\/index.php?rest_route=%2Fwp%2Fv2%2Fproduct_tag&post=13269"}],"curies":[{"name":"wp","href":"https:\/\/api.w.org\/{rel}","templated":true}]}}