{"id":13263,"date":"2023-10-19T02:41:26","date_gmt":"2023-10-19T01:41:26","guid":{"rendered":"https:\/\/baralivres.ma\/?post_type=product&#038;p=13263"},"modified":"2023-10-23T11:46:10","modified_gmt":"2023-10-23T10:46:10","slug":"la-femme-de-v-e","status":"publish","type":"product","link":"https:\/\/baralivres.ma\/?product=la-femme-de-v-e","title":{"rendered":"La femme du Ve"},"content":{"rendered":"<p>Dans ce nouveau thriller de Douglas Kennedy, Paris devient un d\u00e9cor cr\u00e9pusculaire, impr\u00e9gn\u00e9 des influences de Simenon et Bu\u00f1uel, o\u00f9 un cauchemar orchestr\u00e9 par l&rsquo;auteur se d\u00e9ploie de mani\u00e8re machiav\u00e9lique.<\/p>\n<p>Il fut un temps o\u00f9 Harry Ricks menait une vie paisible en tant que professeur dans une universit\u00e9 am\u00e9ricaine, aux c\u00f4t\u00e9s de sa femme et de leur fille. Aujourd&rsquo;hui, il survit p\u00e9niblement dans une sordide chambre de bonne du Xe arrondissement de Paris, coup\u00e9 de sa famille. Alors qu&rsquo;il pense avoir touch\u00e9 le fond, la passion entre dans sa vie sous les traits de Margit, une Hongroise sensuelle et \u00e9nigmatique. Cependant, Harry est soumis \u00e0 des r\u00e8gles strictes : il ne doit pas poser de questions sur son travail, son pass\u00e9 ou sa vie, et il ne peut la rencontrer que deux fois par semaine, \u00e0 dix-sept heures, dans son appartement du Ve arrondissement. Envo\u00fbt\u00e9, Harry accepte. Mais bient\u00f4t, d&rsquo;\u00e9tranges co\u00efncidences se produisent autour de lui\u2026<\/p>\n","protected":false},"excerpt":{"rendered":"<p>Harry, ex-professeur am\u00e9ricain \u00e0 Paris, rencontre Margit, \u00e9nigmatique. Leur liaison d\u00e9clenche des \u00e9v\u00e9nements myst\u00e9rieux. Le roman offre un thriller sombre \u00e0 l&rsquo;ambiance Simenon-Bu\u00f1uel.<\/p>\n","protected":false},"featured_media":13540,"comment_status":"open","ping_status":"closed","template":"","meta":{"inline_featured_image":false},"product_cat":[204,143],"product_tag":[],"class_list":{"0":"post-13263","1":"product","2":"type-product","3":"status-publish","4":"has-post-thumbnail","6":"product_cat-francais","7":"product_cat-roman","8":"pa_auteurs-douglas-kennedy","10":"first","11":"instock","12":"shipping-taxable","13":"purchasable","14":"product-type-simple"},"_links":{"self":[{"href":"https:\/\/baralivres.ma\/index.php?rest_route=\/wp\/v2\/product\/13263","targetHints":{"allow":["GET"]}}],"collection":[{"href":"https:\/\/baralivres.ma\/index.php?rest_route=\/wp\/v2\/product"}],"about":[{"href":"https:\/\/baralivres.ma\/index.php?rest_route=\/wp\/v2\/types\/product"}],"replies":[{"embeddable":true,"href":"https:\/\/baralivres.ma\/index.php?rest_route=%2Fwp%2Fv2%2Fcomments&post=13263"}],"version-history":[{"count":2,"href":"https:\/\/baralivres.ma\/index.php?rest_route=\/wp\/v2\/product\/13263\/revisions"}],"predecessor-version":[{"id":13542,"href":"https:\/\/baralivres.ma\/index.php?rest_route=\/wp\/v2\/product\/13263\/revisions\/13542"}],"wp:featuredmedia":[{"embeddable":true,"href":"https:\/\/baralivres.ma\/index.php?rest_route=\/wp\/v2\/media\/13540"}],"wp:attachment":[{"href":"https:\/\/baralivres.ma\/index.php?rest_route=%2Fwp%2Fv2%2Fmedia&parent=13263"}],"wp:term":[{"taxonomy":"product_cat","embeddable":true,"href":"https:\/\/baralivres.ma\/index.php?rest_route=%2Fwp%2Fv2%2Fproduct_cat&post=13263"},{"taxonomy":"product_tag","embeddable":true,"href":"https:\/\/baralivres.ma\/index.php?rest_route=%2Fwp%2Fv2%2Fproduct_tag&post=13263"}],"curies":[{"name":"wp","href":"https:\/\/api.w.org\/{rel}","templated":true}]}}