{"id":13257,"date":"2023-10-19T02:21:14","date_gmt":"2023-10-19T01:21:14","guid":{"rendered":"https:\/\/baralivres.ma\/?post_type=product&#038;p=13257"},"modified":"2023-10-19T02:21:15","modified_gmt":"2023-10-19T01:21:15","slug":"symphonie-du-hasard-t2","status":"publish","type":"product","link":"https:\/\/baralivres.ma\/?product=symphonie-du-hasard-t2","title":{"rendered":"SYMPHONIE DU HASARD T2"},"content":{"rendered":"<p>En 1975, Alice Burns fuit sa famille toxique pour \u00e9tudier \u00e0 Dublin, malgr\u00e9 le climat peu cl\u00e9ment. Elle trouve progressivement sa place entre la r\u00e9novation de son appartement et les chaleureuses soir\u00e9es dans les pubs, se faisant des amis au passage. La rencontre fortuite avec Ciaran apporte une lueur d&rsquo;espoir \u00e0 sa vie en Irlande. Cependant, un ancien visage refait surface, ravivant un pass\u00e9 que Alice aurait pr\u00e9f\u00e9r\u00e9 laisser derri\u00e8re elle pour toujours\u2026<\/p>\n","protected":false},"excerpt":{"rendered":"<p>En 1975, Alice quitte sa famille difficile pour \u00e9tudier \u00e0 Dublin. Elle trouve des amis et un nouveau d\u00e9part, mais un pass\u00e9 qu&rsquo;elle souhaitait oublier refait surface.<\/p>\n","protected":false},"featured_media":13258,"comment_status":"open","ping_status":"closed","template":"","meta":{"inline_featured_image":false},"product_cat":[204,143,178],"product_tag":[],"class_list":{"0":"post-13257","1":"product","2":"type-product","3":"status-publish","4":"has-post-thumbnail","6":"product_cat-francais","7":"product_cat-roman","8":"product_cat-contemporain","9":"pa_auteurs-douglas-kennedy","11":"first","12":"instock","13":"shipping-taxable","14":"purchasable","15":"product-type-simple"},"_links":{"self":[{"href":"https:\/\/baralivres.ma\/index.php?rest_route=\/wp\/v2\/product\/13257","targetHints":{"allow":["GET"]}}],"collection":[{"href":"https:\/\/baralivres.ma\/index.php?rest_route=\/wp\/v2\/product"}],"about":[{"href":"https:\/\/baralivres.ma\/index.php?rest_route=\/wp\/v2\/types\/product"}],"replies":[{"embeddable":true,"href":"https:\/\/baralivres.ma\/index.php?rest_route=%2Fwp%2Fv2%2Fcomments&post=13257"}],"version-history":[{"count":1,"href":"https:\/\/baralivres.ma\/index.php?rest_route=\/wp\/v2\/product\/13257\/revisions"}],"predecessor-version":[{"id":13259,"href":"https:\/\/baralivres.ma\/index.php?rest_route=\/wp\/v2\/product\/13257\/revisions\/13259"}],"wp:featuredmedia":[{"embeddable":true,"href":"https:\/\/baralivres.ma\/index.php?rest_route=\/wp\/v2\/media\/13258"}],"wp:attachment":[{"href":"https:\/\/baralivres.ma\/index.php?rest_route=%2Fwp%2Fv2%2Fmedia&parent=13257"}],"wp:term":[{"taxonomy":"product_cat","embeddable":true,"href":"https:\/\/baralivres.ma\/index.php?rest_route=%2Fwp%2Fv2%2Fproduct_cat&post=13257"},{"taxonomy":"product_tag","embeddable":true,"href":"https:\/\/baralivres.ma\/index.php?rest_route=%2Fwp%2Fv2%2Fproduct_tag&post=13257"}],"curies":[{"name":"wp","href":"https:\/\/api.w.org\/{rel}","templated":true}]}}