{"id":13251,"date":"2023-10-19T02:05:36","date_gmt":"2023-10-19T01:05:36","guid":{"rendered":"https:\/\/baralivres.ma\/?post_type=product&#038;p=13251"},"modified":"2023-10-19T02:05:37","modified_gmt":"2023-10-19T01:05:37","slug":"cinq-jours","status":"publish","type":"product","link":"https:\/\/baralivres.ma\/?product=cinq-jours","title":{"rendered":"CINQ JOURS"},"content":{"rendered":"<p>Laura Warren, technicienne en imagerie m\u00e9dicale de 42 ans, assume seule les responsabilit\u00e9s financi\u00e8res de sa famille. Richard Copeland, en revanche, est commer\u00e7ant en assurances, mais il se sent prisonnier dans son mariage. Lors d&rsquo;une escapade de cinq jours \u00e0 Boston, leurs vies solitaires se croisent. Ils d\u00e9couvrent des passions communes pour les mots, les livres et les films, et r\u00e9alisent qu&rsquo;ils sont faits l&rsquo;un pour l&rsquo;autre. C&rsquo;est l&rsquo;\u00e9closion d&rsquo;un amour passionn\u00e9 et l&rsquo;espoir d&rsquo;un nouveau d\u00e9part\u2026<\/p>\n<p>Mais sommes-nous r\u00e9ellement ma\u00eetres de notre bonheur?<\/p>\n","protected":false},"excerpt":{"rendered":"<p>Laura, technicienne m\u00e9dicale, et Richard, assureur, se rencontrent \u00e0 Boston. Leur passion commune pour la culture les rapproche, donnant naissance \u00e0 un amour prometteur. Reste la question : avons-nous le pouvoir de choisir notre bonheur?<\/p>\n","protected":false},"featured_media":13252,"comment_status":"open","ping_status":"closed","template":"","meta":{"inline_featured_image":false},"product_cat":[204,143],"product_tag":[],"class_list":{"0":"post-13251","1":"product","2":"type-product","3":"status-publish","4":"has-post-thumbnail","6":"product_cat-francais","7":"product_cat-roman","8":"pa_auteurs-douglas-kennedy","10":"first","11":"instock","12":"shipping-taxable","13":"purchasable","14":"product-type-simple"},"_links":{"self":[{"href":"https:\/\/baralivres.ma\/index.php?rest_route=\/wp\/v2\/product\/13251","targetHints":{"allow":["GET"]}}],"collection":[{"href":"https:\/\/baralivres.ma\/index.php?rest_route=\/wp\/v2\/product"}],"about":[{"href":"https:\/\/baralivres.ma\/index.php?rest_route=\/wp\/v2\/types\/product"}],"replies":[{"embeddable":true,"href":"https:\/\/baralivres.ma\/index.php?rest_route=%2Fwp%2Fv2%2Fcomments&post=13251"}],"version-history":[{"count":1,"href":"https:\/\/baralivres.ma\/index.php?rest_route=\/wp\/v2\/product\/13251\/revisions"}],"predecessor-version":[{"id":13253,"href":"https:\/\/baralivres.ma\/index.php?rest_route=\/wp\/v2\/product\/13251\/revisions\/13253"}],"wp:featuredmedia":[{"embeddable":true,"href":"https:\/\/baralivres.ma\/index.php?rest_route=\/wp\/v2\/media\/13252"}],"wp:attachment":[{"href":"https:\/\/baralivres.ma\/index.php?rest_route=%2Fwp%2Fv2%2Fmedia&parent=13251"}],"wp:term":[{"taxonomy":"product_cat","embeddable":true,"href":"https:\/\/baralivres.ma\/index.php?rest_route=%2Fwp%2Fv2%2Fproduct_cat&post=13251"},{"taxonomy":"product_tag","embeddable":true,"href":"https:\/\/baralivres.ma\/index.php?rest_route=%2Fwp%2Fv2%2Fproduct_tag&post=13251"}],"curies":[{"name":"wp","href":"https:\/\/api.w.org\/{rel}","templated":true}]}}