{"id":13237,"date":"2023-10-18T21:57:46","date_gmt":"2023-10-18T20:57:46","guid":{"rendered":"https:\/\/baralivres.ma\/?post_type=product&#038;p=13237"},"modified":"2023-10-18T21:57:46","modified_gmt":"2023-10-18T20:57:46","slug":"ou-es-tu","status":"publish","type":"product","link":"https:\/\/baralivres.ma\/?product=ou-es-tu","title":{"rendered":"O\u00f9 es-tu ?"},"content":{"rendered":"<p>Chaque ann\u00e9e, \u00e0 la m\u00eame date, ils se retrouvent \u00e0 la caf\u00e9t\u00e9ria d&rsquo;un a\u00e9roport. Elle, en transit entre deux vols, toujours sur le point de partir. Lui, empli d&rsquo;espoir, demeure fid\u00e8le au serment fait durant leur enfance : s&rsquo;aimer toute leur vie. Malheureusement, les malentendus n&rsquo;ont cess\u00e9 de cro\u00eetre entre cette \u00e2me charitable engag\u00e9e dans l&rsquo;humanitaire et cet homme publicitaire de Manhattan. Les vicissitudes de la vie ont rendu leur amour impraticable. Un v\u00e9ritable ouragan, bien r\u00e9el cette fois, les destine \u00e0 une s\u00e9paration in\u00e9vitable. \u00c0 moins qu&rsquo;il ne les unisse pour l&rsquo;\u00e9ternit\u00e9 ?<\/p>\n<p>C&rsquo;est une aventure \u00e9mouvante et haletante entre deux \u00e9toiles, unies pour l&rsquo;\u00e9ternit\u00e9.<\/p>\n","protected":false},"excerpt":{"rendered":"<p>Chaque ann\u00e9e, retrouvailles \u00e0 l&rsquo;a\u00e9roport. Amour d\u00e9fiant les \u00e9preuves, mais la vie les s\u00e9pare. Un ouragan approche. Lien \u00e9ternel.<\/p>\n","protected":false},"featured_media":13238,"comment_status":"open","ping_status":"closed","template":"","meta":{"inline_featured_image":false},"product_cat":[204,143],"product_tag":[],"class_list":{"0":"post-13237","1":"product","2":"type-product","3":"status-publish","4":"has-post-thumbnail","6":"product_cat-francais","7":"product_cat-roman","8":"pa_auteurs-marc-levy","10":"first","11":"instock","12":"shipping-taxable","13":"purchasable","14":"product-type-simple"},"_links":{"self":[{"href":"https:\/\/baralivres.ma\/index.php?rest_route=\/wp\/v2\/product\/13237","targetHints":{"allow":["GET"]}}],"collection":[{"href":"https:\/\/baralivres.ma\/index.php?rest_route=\/wp\/v2\/product"}],"about":[{"href":"https:\/\/baralivres.ma\/index.php?rest_route=\/wp\/v2\/types\/product"}],"replies":[{"embeddable":true,"href":"https:\/\/baralivres.ma\/index.php?rest_route=%2Fwp%2Fv2%2Fcomments&post=13237"}],"version-history":[{"count":1,"href":"https:\/\/baralivres.ma\/index.php?rest_route=\/wp\/v2\/product\/13237\/revisions"}],"predecessor-version":[{"id":13239,"href":"https:\/\/baralivres.ma\/index.php?rest_route=\/wp\/v2\/product\/13237\/revisions\/13239"}],"wp:featuredmedia":[{"embeddable":true,"href":"https:\/\/baralivres.ma\/index.php?rest_route=\/wp\/v2\/media\/13238"}],"wp:attachment":[{"href":"https:\/\/baralivres.ma\/index.php?rest_route=%2Fwp%2Fv2%2Fmedia&parent=13237"}],"wp:term":[{"taxonomy":"product_cat","embeddable":true,"href":"https:\/\/baralivres.ma\/index.php?rest_route=%2Fwp%2Fv2%2Fproduct_cat&post=13237"},{"taxonomy":"product_tag","embeddable":true,"href":"https:\/\/baralivres.ma\/index.php?rest_route=%2Fwp%2Fv2%2Fproduct_tag&post=13237"}],"curies":[{"name":"wp","href":"https:\/\/api.w.org\/{rel}","templated":true}]}}