{"id":13230,"date":"2023-10-18T21:20:24","date_gmt":"2023-10-18T20:20:24","guid":{"rendered":"https:\/\/baralivres.ma\/?post_type=product&#038;p=13230"},"modified":"2023-10-18T21:20:24","modified_gmt":"2023-10-18T20:20:24","slug":"une-autre-idee-du-bonheur","status":"publish","type":"product","link":"https:\/\/baralivres.ma\/?product=une-autre-idee-du-bonheur","title":{"rendered":"Une autre id\u00e9e du bonheur"},"content":{"rendered":"<p>\u00c0 Philadelphie, lors des premiers jours du printemps, Milly m\u00e8ne une existence bien r\u00e9gl\u00e9e, une routine aussi pr\u00e9cise qu&rsquo;une partition musicale. Jamais elle n&rsquo;aurait imagin\u00e9 que le destin prendrait une telle tournure : Agatha, qui a trente ans de plus qu&rsquo;elle et vient tout juste de s&rsquo;\u00e9vader de prison, la prend en otage \u00e0 bord de sa propre voiture. Sous la menace d&rsquo;un revolver, Milly n&rsquo;a d&rsquo;autre choix que de la conduire \u00e0 travers le pays. Elle se retrouve ainsi entra\u00een\u00e9e dans une fuite effr\u00e9n\u00e9e \u00e0 travers les \u00c9tats-Unis, o\u00f9 elle devra faire face \u00e0 bien plus que la traque du FBI : elle devra affronter ses propres certitudes. C&rsquo;est une course contre la montre qui met en lumi\u00e8re notre qu\u00eate inextinguible de libert\u00e9, transformant ainsi une vie banale en un destin extraordinaire.<\/p>\n","protected":false},"excerpt":{"rendered":"<p>\u00c0 Philadelphie, Milly est prise en otage par Agatha, une \u00e9vad\u00e9e, et leur fuite change tout.<\/p>\n","protected":false},"featured_media":13232,"comment_status":"open","ping_status":"closed","template":"","meta":{"inline_featured_image":false},"product_cat":[204,143],"product_tag":[],"class_list":{"0":"post-13230","1":"product","2":"type-product","3":"status-publish","4":"has-post-thumbnail","6":"product_cat-francais","7":"product_cat-roman","8":"pa_auteurs-marc-levy","10":"first","11":"instock","12":"shipping-taxable","13":"purchasable","14":"product-type-simple"},"_links":{"self":[{"href":"https:\/\/baralivres.ma\/index.php?rest_route=\/wp\/v2\/product\/13230","targetHints":{"allow":["GET"]}}],"collection":[{"href":"https:\/\/baralivres.ma\/index.php?rest_route=\/wp\/v2\/product"}],"about":[{"href":"https:\/\/baralivres.ma\/index.php?rest_route=\/wp\/v2\/types\/product"}],"replies":[{"embeddable":true,"href":"https:\/\/baralivres.ma\/index.php?rest_route=%2Fwp%2Fv2%2Fcomments&post=13230"}],"version-history":[{"count":1,"href":"https:\/\/baralivres.ma\/index.php?rest_route=\/wp\/v2\/product\/13230\/revisions"}],"predecessor-version":[{"id":13233,"href":"https:\/\/baralivres.ma\/index.php?rest_route=\/wp\/v2\/product\/13230\/revisions\/13233"}],"wp:featuredmedia":[{"embeddable":true,"href":"https:\/\/baralivres.ma\/index.php?rest_route=\/wp\/v2\/media\/13232"}],"wp:attachment":[{"href":"https:\/\/baralivres.ma\/index.php?rest_route=%2Fwp%2Fv2%2Fmedia&parent=13230"}],"wp:term":[{"taxonomy":"product_cat","embeddable":true,"href":"https:\/\/baralivres.ma\/index.php?rest_route=%2Fwp%2Fv2%2Fproduct_cat&post=13230"},{"taxonomy":"product_tag","embeddable":true,"href":"https:\/\/baralivres.ma\/index.php?rest_route=%2Fwp%2Fv2%2Fproduct_tag&post=13230"}],"curies":[{"name":"wp","href":"https:\/\/api.w.org\/{rel}","templated":true}]}}