{"id":13217,"date":"2023-10-18T19:21:02","date_gmt":"2023-10-18T18:21:02","guid":{"rendered":"https:\/\/baralivres.ma\/?post_type=product&#038;p=13217"},"modified":"2023-10-23T11:56:40","modified_gmt":"2023-10-23T10:56:40","slug":"au-dela-des-pyramides","status":"publish","type":"product","link":"https:\/\/baralivres.ma\/?product=au-dela-des-pyramides","title":{"rendered":"Au-del\u00e0 des pyramides"},"content":{"rendered":"<p>Il y a plus de vingt ans, Douglas Kennedy, alors jeune auteur m\u00e9connu, arrive en \u00c9gypte avec l&rsquo;intention de fuir les incontournables pyramides et croisi\u00e8res sur le Nil. De l&rsquo;auto-stop d&rsquo;Alexandrie \u00e0 Assouan, de l&rsquo;oasis de Siwa aux bidonvilles du Caire, il offre une plong\u00e9e captivante dans les coulisses du pays. \u00c0 travers r\u00e9cits et souvenirs, cette chronique de voyage irr\u00e9sistible est port\u00e9e par le regard perspicace et la plume aff\u00fbt\u00e9e du reporter.<\/p>\n","protected":false},"excerpt":{"rendered":"<p>Jeune auteur inconnu, Douglas Kennedy visite l&rsquo;\u00c9gypte en \u00e9vitant les sites touristiques classiques. Sa chronique de voyage offre un regard perspicace sur le pays.<\/p>\n","protected":false},"featured_media":13551,"comment_status":"open","ping_status":"closed","template":"","meta":{"inline_featured_image":false},"product_cat":[204,143],"product_tag":[],"class_list":{"0":"post-13217","1":"product","2":"type-product","3":"status-publish","4":"has-post-thumbnail","6":"product_cat-francais","7":"product_cat-roman","8":"pa_auteurs-douglas-kennedy","10":"first","11":"instock","12":"shipping-taxable","13":"purchasable","14":"product-type-simple"},"_links":{"self":[{"href":"https:\/\/baralivres.ma\/index.php?rest_route=\/wp\/v2\/product\/13217","targetHints":{"allow":["GET"]}}],"collection":[{"href":"https:\/\/baralivres.ma\/index.php?rest_route=\/wp\/v2\/product"}],"about":[{"href":"https:\/\/baralivres.ma\/index.php?rest_route=\/wp\/v2\/types\/product"}],"replies":[{"embeddable":true,"href":"https:\/\/baralivres.ma\/index.php?rest_route=%2Fwp%2Fv2%2Fcomments&post=13217"}],"version-history":[{"count":3,"href":"https:\/\/baralivres.ma\/index.php?rest_route=\/wp\/v2\/product\/13217\/revisions"}],"predecessor-version":[{"id":13552,"href":"https:\/\/baralivres.ma\/index.php?rest_route=\/wp\/v2\/product\/13217\/revisions\/13552"}],"wp:featuredmedia":[{"embeddable":true,"href":"https:\/\/baralivres.ma\/index.php?rest_route=\/wp\/v2\/media\/13551"}],"wp:attachment":[{"href":"https:\/\/baralivres.ma\/index.php?rest_route=%2Fwp%2Fv2%2Fmedia&parent=13217"}],"wp:term":[{"taxonomy":"product_cat","embeddable":true,"href":"https:\/\/baralivres.ma\/index.php?rest_route=%2Fwp%2Fv2%2Fproduct_cat&post=13217"},{"taxonomy":"product_tag","embeddable":true,"href":"https:\/\/baralivres.ma\/index.php?rest_route=%2Fwp%2Fv2%2Fproduct_tag&post=13217"}],"curies":[{"name":"wp","href":"https:\/\/api.w.org\/{rel}","templated":true}]}}