{"id":13207,"date":"2023-10-18T18:29:34","date_gmt":"2023-10-18T17:29:34","guid":{"rendered":"https:\/\/baralivres.ma\/?post_type=product&#038;p=13207"},"modified":"2023-10-23T11:58:50","modified_gmt":"2023-10-23T10:58:50","slug":"cet-instant-la","status":"publish","type":"product","link":"https:\/\/baralivres.ma\/?product=cet-instant-la","title":{"rendered":"Cet instant-l\u00e0"},"content":{"rendered":"<p>Thomas Neesbitt, \u00e9crivain bas\u00e9 \u00e0 New York, est confront\u00e9 \u00e0 deux \u00e9v\u00e9nements qui le replongent dans son pass\u00e9 : d&rsquo;abord, la r\u00e9ception des documents de son divorce apr\u00e8s vingt ans de mariage, puis la red\u00e9couverte du journal de son premier amour.<\/p>\n<p>En 1984, lors d&rsquo;un s\u00e9jour \u00e0 Berlin pour se consacrer \u00e0 l&rsquo;\u00e9criture, Thomas gagne sa vie en travaillant pour Radio Liberty. C&rsquo;est l\u00e0 qu&rsquo;il croise la route de Petra, sa traductrice. Une passion ardente na\u00eet entre eux. Au fil du temps, Petra partage avec lui son histoire et son p\u00e9riple vers l&rsquo;Occident. Thomas en est profond\u00e9ment boulevers\u00e9. Il semble d\u00e9sormais que rien ne puisse s\u00e9parer ces deux amants&#8230;<\/p>\n","protected":false},"excerpt":{"rendered":"<p>Thomas Neesbitt, \u00e9crivain \u00e0 New York, re\u00e7oit les papiers de son divorce et le journal de son premier amour. En 1984 \u00e0 Berlin, il rencontre Petra, sa traductrice, naissant une passion intense. Le r\u00e9cit de Petra le bouleverse. Rien ne semble pouvoir les s\u00e9parer.<\/p>\n","protected":false},"featured_media":13554,"comment_status":"open","ping_status":"closed","template":"","meta":{"inline_featured_image":false},"product_cat":[204,143],"product_tag":[],"class_list":{"0":"post-13207","1":"product","2":"type-product","3":"status-publish","4":"has-post-thumbnail","6":"product_cat-francais","7":"product_cat-roman","8":"pa_auteurs-douglas-kennedy","10":"first","11":"instock","12":"shipping-taxable","13":"purchasable","14":"product-type-simple"},"_links":{"self":[{"href":"https:\/\/baralivres.ma\/index.php?rest_route=\/wp\/v2\/product\/13207","targetHints":{"allow":["GET"]}}],"collection":[{"href":"https:\/\/baralivres.ma\/index.php?rest_route=\/wp\/v2\/product"}],"about":[{"href":"https:\/\/baralivres.ma\/index.php?rest_route=\/wp\/v2\/types\/product"}],"replies":[{"embeddable":true,"href":"https:\/\/baralivres.ma\/index.php?rest_route=%2Fwp%2Fv2%2Fcomments&post=13207"}],"version-history":[{"count":3,"href":"https:\/\/baralivres.ma\/index.php?rest_route=\/wp\/v2\/product\/13207\/revisions"}],"predecessor-version":[{"id":13555,"href":"https:\/\/baralivres.ma\/index.php?rest_route=\/wp\/v2\/product\/13207\/revisions\/13555"}],"wp:featuredmedia":[{"embeddable":true,"href":"https:\/\/baralivres.ma\/index.php?rest_route=\/wp\/v2\/media\/13554"}],"wp:attachment":[{"href":"https:\/\/baralivres.ma\/index.php?rest_route=%2Fwp%2Fv2%2Fmedia&parent=13207"}],"wp:term":[{"taxonomy":"product_cat","embeddable":true,"href":"https:\/\/baralivres.ma\/index.php?rest_route=%2Fwp%2Fv2%2Fproduct_cat&post=13207"},{"taxonomy":"product_tag","embeddable":true,"href":"https:\/\/baralivres.ma\/index.php?rest_route=%2Fwp%2Fv2%2Fproduct_tag&post=13207"}],"curies":[{"name":"wp","href":"https:\/\/api.w.org\/{rel}","templated":true}]}}