{"id":13192,"date":"2023-10-18T16:27:50","date_gmt":"2023-10-18T15:27:50","guid":{"rendered":"https:\/\/baralivres.ma\/?post_type=product&#038;p=13192"},"modified":"2023-10-18T17:44:00","modified_gmt":"2023-10-18T16:44:00","slug":"mes-amis-mes-amours","status":"publish","type":"product","link":"https:\/\/baralivres.ma\/?product=mes-amis-mes-amours","title":{"rendered":"Mes amis Mes amours"},"content":{"rendered":"<p>En raison de leur situation commune en tant que p\u00e8res c\u00e9libataires et divorc\u00e9s, Mathias et Antoine, amis de longue date, prennent la d\u00e9cision de partager un logement au c\u0153ur de Londres. La vie quotidienne est un m\u00e9lange joyeux d&rsquo;\u00e9pisodes tels que les courses, la garde des enfants et les rencontres avec les amis du quartier fran\u00e7ais. Cependant, au sein de cette famille recompos\u00e9e, l&rsquo;amour s&rsquo;invite, d\u00e9fiant les r\u00e8gles de l&rsquo;amiti\u00e9. L&rsquo;intrigue se d\u00e9voile \u00e0 travers ces relations d&rsquo;amiti\u00e9 et d&rsquo;amour, tissant des destins qui s&rsquo;entrem\u00ealent dans cette com\u00e9die douce et dynamique.<\/p>\n","protected":false},"excerpt":{"rendered":"<p>Mathias et Antoine, amis c\u00e9libataires, vivent ensemble \u00e0 Londres, partageant amiti\u00e9, amour et chaos.<\/p>\n","protected":false},"featured_media":13203,"comment_status":"open","ping_status":"closed","template":"","meta":{"inline_featured_image":false},"product_cat":[204,143],"product_tag":[],"class_list":{"0":"post-13192","1":"product","2":"type-product","3":"status-publish","4":"has-post-thumbnail","6":"product_cat-francais","7":"product_cat-roman","8":"pa_auteurs-marc-levy","10":"first","11":"instock","12":"shipping-taxable","13":"purchasable","14":"product-type-simple"},"_links":{"self":[{"href":"https:\/\/baralivres.ma\/index.php?rest_route=\/wp\/v2\/product\/13192","targetHints":{"allow":["GET"]}}],"collection":[{"href":"https:\/\/baralivres.ma\/index.php?rest_route=\/wp\/v2\/product"}],"about":[{"href":"https:\/\/baralivres.ma\/index.php?rest_route=\/wp\/v2\/types\/product"}],"replies":[{"embeddable":true,"href":"https:\/\/baralivres.ma\/index.php?rest_route=%2Fwp%2Fv2%2Fcomments&post=13192"}],"version-history":[{"count":3,"href":"https:\/\/baralivres.ma\/index.php?rest_route=\/wp\/v2\/product\/13192\/revisions"}],"predecessor-version":[{"id":13199,"href":"https:\/\/baralivres.ma\/index.php?rest_route=\/wp\/v2\/product\/13192\/revisions\/13199"}],"wp:featuredmedia":[{"embeddable":true,"href":"https:\/\/baralivres.ma\/index.php?rest_route=\/wp\/v2\/media\/13203"}],"wp:attachment":[{"href":"https:\/\/baralivres.ma\/index.php?rest_route=%2Fwp%2Fv2%2Fmedia&parent=13192"}],"wp:term":[{"taxonomy":"product_cat","embeddable":true,"href":"https:\/\/baralivres.ma\/index.php?rest_route=%2Fwp%2Fv2%2Fproduct_cat&post=13192"},{"taxonomy":"product_tag","embeddable":true,"href":"https:\/\/baralivres.ma\/index.php?rest_route=%2Fwp%2Fv2%2Fproduct_tag&post=13192"}],"curies":[{"name":"wp","href":"https:\/\/api.w.org\/{rel}","templated":true}]}}