{"id":13187,"date":"2023-10-18T11:10:53","date_gmt":"2023-10-18T10:10:53","guid":{"rendered":"https:\/\/baralivres.ma\/?post_type=product&#038;p=13187"},"modified":"2023-10-18T17:48:13","modified_gmt":"2023-10-18T16:48:13","slug":"la-derniere-des-stanfield","status":"publish","type":"product","link":"https:\/\/baralivres.ma\/?product=la-derniere-des-stanfield","title":{"rendered":"La Derni\u00e8re des Stanfield"},"content":{"rendered":"<p>Eleanor-Rigby, r\u00e9sidant \u00e0 Londres et journaliste pour le magazine National Geographic, re\u00e7oit un matin une lettre anonyme r\u00e9v\u00e9lant un sombre pass\u00e9 criminel concernant sa m\u00e8re, tandis que George-Harrison, un \u00e9b\u00e9niste vivant dans les Cantons-de-l&rsquo;Est au Qu\u00e9bec, est \u00e9galement cibl\u00e9 par un message similaire accusant sa propre m\u00e8re de m\u00e9faits similaires. Ces deux individus, totalement \u00e9trangers l&rsquo;un \u00e0 l&rsquo;autre, se trouvent tous deux confront\u00e9s \u00e0 cette myst\u00e9rieuse correspondance. L&rsquo;auteur des lettres les convie \u00e0 un rendez-vous dans un bar de p\u00eacheurs situ\u00e9 sur le port de Baltimore.<\/p>\n<p>Le lien qui les unit reste inconnu, tout comme la nature du crime que leurs m\u00e8res auraient commis par le pass\u00e9. Qui se cache derri\u00e8re ce myst\u00e9rieux corbeau et quelles sont ses intentions ? Au c\u0153ur de ce myst\u00e8re qui semble hanter trois g\u00e9n\u00e9rations, \u00ab\u00a0La Derni\u00e8re des Stanfield\u00a0\u00bb nous emm\u00e8ne dans un voyage allant de la France occup\u00e9e \u00e0 l&rsquo;\u00e9t\u00e9 1944, jusqu&rsquo;\u00e0 Baltimore dans les ann\u00e9es 1980, puis \u00e0 Londres et Montr\u00e9al de nos jours.<\/p>\n","protected":false},"excerpt":{"rendered":"<p>Eleanor-Rigby et George-Harrison d\u00e9couvrent le pass\u00e9 criminel de leurs m\u00e8res gr\u00e2ce \u00e0 des lettres anonymes, les menant \u00e0 un rendez-vous myst\u00e9rieux \u00e0 Baltimore.<\/p>\n","protected":false},"featured_media":13205,"comment_status":"open","ping_status":"closed","template":"","meta":{"inline_featured_image":false},"product_cat":[204,143],"product_tag":[],"class_list":{"0":"post-13187","1":"product","2":"type-product","3":"status-publish","4":"has-post-thumbnail","6":"product_cat-francais","7":"product_cat-roman","8":"pa_auteurs-marc-levy","10":"first","11":"instock","12":"shipping-taxable","13":"purchasable","14":"product-type-simple"},"_links":{"self":[{"href":"https:\/\/baralivres.ma\/index.php?rest_route=\/wp\/v2\/product\/13187","targetHints":{"allow":["GET"]}}],"collection":[{"href":"https:\/\/baralivres.ma\/index.php?rest_route=\/wp\/v2\/product"}],"about":[{"href":"https:\/\/baralivres.ma\/index.php?rest_route=\/wp\/v2\/types\/product"}],"replies":[{"embeddable":true,"href":"https:\/\/baralivres.ma\/index.php?rest_route=%2Fwp%2Fv2%2Fcomments&post=13187"}],"version-history":[{"count":1,"href":"https:\/\/baralivres.ma\/index.php?rest_route=\/wp\/v2\/product\/13187\/revisions"}],"predecessor-version":[{"id":13188,"href":"https:\/\/baralivres.ma\/index.php?rest_route=\/wp\/v2\/product\/13187\/revisions\/13188"}],"wp:featuredmedia":[{"embeddable":true,"href":"https:\/\/baralivres.ma\/index.php?rest_route=\/wp\/v2\/media\/13205"}],"wp:attachment":[{"href":"https:\/\/baralivres.ma\/index.php?rest_route=%2Fwp%2Fv2%2Fmedia&parent=13187"}],"wp:term":[{"taxonomy":"product_cat","embeddable":true,"href":"https:\/\/baralivres.ma\/index.php?rest_route=%2Fwp%2Fv2%2Fproduct_cat&post=13187"},{"taxonomy":"product_tag","embeddable":true,"href":"https:\/\/baralivres.ma\/index.php?rest_route=%2Fwp%2Fv2%2Fproduct_tag&post=13187"}],"curies":[{"name":"wp","href":"https:\/\/api.w.org\/{rel}","templated":true}]}}