{"id":13182,"date":"2023-10-18T10:46:30","date_gmt":"2023-10-18T09:46:30","guid":{"rendered":"https:\/\/baralivres.ma\/?post_type=product&#038;p=13182"},"modified":"2023-10-23T12:01:31","modified_gmt":"2023-10-23T11:01:31","slug":"lhorizon-a-lenvers","status":"publish","type":"product","link":"https:\/\/baralivres.ma\/?product=lhorizon-a-lenvers","title":{"rendered":"L&rsquo;Horizon \u00e0 l&rsquo;envers"},"content":{"rendered":"<p>O\u00f9 r\u00e9side notre conscience ?<\/p>\n<p>Peut-elle \u00eatre d\u00e9plac\u00e9e et pr\u00e9serv\u00e9e ? Hope, Josh et Luke, trois \u00e9tudiants en neurosciences, sont li\u00e9s par une amiti\u00e9 profonde et une id\u00e9e r\u00e9volutionnaire. Lorsqu&rsquo;un des trois est confront\u00e9 \u00e0 une mort imminente, ils d\u00e9cident d&rsquo;explorer l&rsquo;inexplorable et de concr\u00e9tiser leur projet extraordinaire. C&rsquo;est une histoire \u00e9mouvante, myst\u00e9rieuse et teint\u00e9e d&rsquo;humour, une saga romantique hors du commun, dont le d\u00e9nouement est inoubliable et m\u00e9rite d&rsquo;\u00eatre pr\u00e9serv\u00e9. C&rsquo;est un r\u00e9cit qui aborde la vie, l&rsquo;amour et la mort, car apr\u00e8s cela, tout change irr\u00e9m\u00e9diablement. Marc Levy, auteur du 17e roman intitul\u00e9 L&rsquo;Horizon \u00e0 l&rsquo;envers, nous livre ici une \u0153uvre singuli\u00e8re. Ses ouvrages pr\u00e9c\u00e9dents se sont \u00e9coul\u00e9s \u00e0 plus de 35 millions d&rsquo;exemplaires et ont \u00e9t\u00e9 traduits en 49 langues, ce qui en fait l&rsquo;\u00e9crivain fran\u00e7ais le plus lu \u00e0 l&rsquo;\u00e9chelle mondiale.<\/p>\n","protected":false},"excerpt":{"rendered":"<p>Trois amis neuroscientifiques explorent la conscience face \u00e0 la mort imminente dans L&rsquo;Horizon \u00e0 l&rsquo;envers de Marc Levy.<\/p>\n","protected":false},"featured_media":13558,"comment_status":"open","ping_status":"closed","template":"","meta":{"inline_featured_image":false},"product_cat":[204,143,178],"product_tag":[],"class_list":{"0":"post-13182","1":"product","2":"type-product","3":"status-publish","4":"has-post-thumbnail","6":"product_cat-francais","7":"product_cat-roman","8":"product_cat-contemporain","9":"pa_auteurs-marc-levy","11":"first","12":"instock","13":"shipping-taxable","14":"purchasable","15":"product-type-simple"},"_links":{"self":[{"href":"https:\/\/baralivres.ma\/index.php?rest_route=\/wp\/v2\/product\/13182","targetHints":{"allow":["GET"]}}],"collection":[{"href":"https:\/\/baralivres.ma\/index.php?rest_route=\/wp\/v2\/product"}],"about":[{"href":"https:\/\/baralivres.ma\/index.php?rest_route=\/wp\/v2\/types\/product"}],"replies":[{"embeddable":true,"href":"https:\/\/baralivres.ma\/index.php?rest_route=%2Fwp%2Fv2%2Fcomments&post=13182"}],"version-history":[{"count":1,"href":"https:\/\/baralivres.ma\/index.php?rest_route=\/wp\/v2\/product\/13182\/revisions"}],"predecessor-version":[{"id":13183,"href":"https:\/\/baralivres.ma\/index.php?rest_route=\/wp\/v2\/product\/13182\/revisions\/13183"}],"wp:featuredmedia":[{"embeddable":true,"href":"https:\/\/baralivres.ma\/index.php?rest_route=\/wp\/v2\/media\/13558"}],"wp:attachment":[{"href":"https:\/\/baralivres.ma\/index.php?rest_route=%2Fwp%2Fv2%2Fmedia&parent=13182"}],"wp:term":[{"taxonomy":"product_cat","embeddable":true,"href":"https:\/\/baralivres.ma\/index.php?rest_route=%2Fwp%2Fv2%2Fproduct_cat&post=13182"},{"taxonomy":"product_tag","embeddable":true,"href":"https:\/\/baralivres.ma\/index.php?rest_route=%2Fwp%2Fv2%2Fproduct_tag&post=13182"}],"curies":[{"name":"wp","href":"https:\/\/api.w.org\/{rel}","templated":true}]}}