{"id":13169,"date":"2023-09-19T17:43:37","date_gmt":"2023-09-19T16:43:37","guid":{"rendered":"https:\/\/baralivres.ma\/?post_type=product&#038;p=13169"},"modified":"2024-11-18T13:59:56","modified_gmt":"2024-11-18T12:59:56","slug":"a-la-croisee-des-mondes-tome-2","status":"publish","type":"product","link":"https:\/\/baralivres.ma\/?product=a-la-croisee-des-mondes-tome-2","title":{"rendered":"A la crois\u00e9e des mondes Tome 2"},"content":{"rendered":"<p>Le jeune Will, \u00e0 la recherche de son p\u00e8re disparu depuis des ann\u00e9es, croit avoir tu\u00e9 un homme. Dans sa fuite, il franchit la br\u00e8che qui lui permet de passer dans un monde parall\u00e8le. L\u00e0, \u00e0 Citt\u00e0gazze, la ville au-del\u00e0 de l&rsquo;Aurore, il rencontre Lyra. Les deux enfants devront lutter contre les forces obscures du mal et, pour accomplir leur qu\u00eate, p\u00e9n\u00e9trer dans la myst\u00e9rieuse tour des Anges.<\/p>\n","protected":false},"excerpt":{"rendered":"<p>Le jeune Will, \u00e0 la recherche de son p\u00e8re disparu depuis des ann\u00e9es, croit avoir tu\u00e9 un homme. Dans sa fuite, il franchit la br\u00e8che qui lui permet de passer dans un monde parall\u00e8le. L\u00e0, \u00e0 Citt\u00e0gazze, la ville au-del\u00e0 de l&rsquo;Aurore, il rencontre Lyra. Les deux enfants devront lutter contre les forces obscures du mal et, pour accomplir leur qu\u00eate, p\u00e9n\u00e9trer dans la myst\u00e9rieuse tour des Anges.<\/p>\n","protected":false},"featured_media":13170,"comment_status":"open","ping_status":"closed","template":"","meta":{"inline_featured_image":false},"product_cat":[203,204],"product_tag":[],"class_list":{"0":"post-13169","1":"product","2":"type-product","3":"status-publish","4":"has-post-thumbnail","6":"product_cat-adolescente","7":"product_cat-francais","8":"pa_auteurs-philip-pullman","10":"first","11":"instock","12":"shipping-taxable","13":"purchasable","14":"product-type-simple"},"_links":{"self":[{"href":"https:\/\/baralivres.ma\/index.php?rest_route=\/wp\/v2\/product\/13169","targetHints":{"allow":["GET"]}}],"collection":[{"href":"https:\/\/baralivres.ma\/index.php?rest_route=\/wp\/v2\/product"}],"about":[{"href":"https:\/\/baralivres.ma\/index.php?rest_route=\/wp\/v2\/types\/product"}],"replies":[{"embeddable":true,"href":"https:\/\/baralivres.ma\/index.php?rest_route=%2Fwp%2Fv2%2Fcomments&post=13169"}],"version-history":[{"count":1,"href":"https:\/\/baralivres.ma\/index.php?rest_route=\/wp\/v2\/product\/13169\/revisions"}],"predecessor-version":[{"id":13171,"href":"https:\/\/baralivres.ma\/index.php?rest_route=\/wp\/v2\/product\/13169\/revisions\/13171"}],"wp:featuredmedia":[{"embeddable":true,"href":"https:\/\/baralivres.ma\/index.php?rest_route=\/wp\/v2\/media\/13170"}],"wp:attachment":[{"href":"https:\/\/baralivres.ma\/index.php?rest_route=%2Fwp%2Fv2%2Fmedia&parent=13169"}],"wp:term":[{"taxonomy":"product_cat","embeddable":true,"href":"https:\/\/baralivres.ma\/index.php?rest_route=%2Fwp%2Fv2%2Fproduct_cat&post=13169"},{"taxonomy":"product_tag","embeddable":true,"href":"https:\/\/baralivres.ma\/index.php?rest_route=%2Fwp%2Fv2%2Fproduct_tag&post=13169"}],"curies":[{"name":"wp","href":"https:\/\/api.w.org\/{rel}","templated":true}]}}