{"id":13163,"date":"2023-09-19T17:33:23","date_gmt":"2023-09-19T16:33:23","guid":{"rendered":"https:\/\/baralivres.ma\/?post_type=product&#038;p=13163"},"modified":"2024-11-18T14:00:44","modified_gmt":"2024-11-18T13:00:44","slug":"linvite-des-ce2","status":"publish","type":"product","link":"https:\/\/baralivres.ma\/?product=linvite-des-ce2","title":{"rendered":"L&rsquo;invit\u00e9 des CE2"},"content":{"rendered":"<p>Un invit\u00e9 surprise ! La ma\u00eetresse a annonc\u00e9 la nouvelle, et les CE2 n&rsquo;ont pas vraiment saut\u00e9 de joie. Des visiteurs, ils en ont d\u00e9j\u00e0 re\u00e7u et aucun d&rsquo;eux n&rsquo;\u00e9tait tr\u00e8s dr\u00f4le. Quand l&rsquo;invit\u00e9 fait son entr\u00e9e dans la classe, les \u00e9l\u00e8ves n&rsquo;en reviennent pas. Les cheveux en bataille, M. Beloiseau, alias Evariste Legenou, leur fait une proposition incroyable : l&rsquo;aider \u00e0 finir son prochain roman ! Une savoureuse rencontre \u00e0 l&rsquo;\u00e9cole, entre un adulte r\u00eaveur et des enfants curieux.<\/p>\n","protected":false},"excerpt":{"rendered":"<p>Un invit\u00e9 surprise ! La ma\u00eetresse a annonc\u00e9 la nouvelle, et les CE2 n&rsquo;ont pas vraiment saut\u00e9 de joie. Des visiteurs, ils en ont d\u00e9j\u00e0 re\u00e7u et aucun d&rsquo;eux n&rsquo;\u00e9tait tr\u00e8s dr\u00f4le. Quand l&rsquo;invit\u00e9 fait son entr\u00e9e dans la classe, les \u00e9l\u00e8ves n&rsquo;en reviennent pas. Les cheveux en bataille, M. Beloiseau, alias Evariste Legenou, leur fait une proposition incroyable : l&rsquo;aider \u00e0 finir son prochain roman ! Une savoureuse rencontre \u00e0 l&rsquo;\u00e9cole, entre un adulte r\u00eaveur et des enfants curieux.<\/p>\n","protected":false},"featured_media":13164,"comment_status":"open","ping_status":"closed","template":"","meta":{"inline_featured_image":false},"product_cat":[203,204],"product_tag":[],"class_list":{"0":"post-13163","1":"product","2":"type-product","3":"status-publish","4":"has-post-thumbnail","6":"product_cat-adolescente","7":"product_cat-francais","8":"pa_auteurs-j-ph-v","10":"first","11":"instock","12":"shipping-taxable","13":"purchasable","14":"product-type-simple"},"_links":{"self":[{"href":"https:\/\/baralivres.ma\/index.php?rest_route=\/wp\/v2\/product\/13163","targetHints":{"allow":["GET"]}}],"collection":[{"href":"https:\/\/baralivres.ma\/index.php?rest_route=\/wp\/v2\/product"}],"about":[{"href":"https:\/\/baralivres.ma\/index.php?rest_route=\/wp\/v2\/types\/product"}],"replies":[{"embeddable":true,"href":"https:\/\/baralivres.ma\/index.php?rest_route=%2Fwp%2Fv2%2Fcomments&post=13163"}],"version-history":[{"count":1,"href":"https:\/\/baralivres.ma\/index.php?rest_route=\/wp\/v2\/product\/13163\/revisions"}],"predecessor-version":[{"id":13165,"href":"https:\/\/baralivres.ma\/index.php?rest_route=\/wp\/v2\/product\/13163\/revisions\/13165"}],"wp:featuredmedia":[{"embeddable":true,"href":"https:\/\/baralivres.ma\/index.php?rest_route=\/wp\/v2\/media\/13164"}],"wp:attachment":[{"href":"https:\/\/baralivres.ma\/index.php?rest_route=%2Fwp%2Fv2%2Fmedia&parent=13163"}],"wp:term":[{"taxonomy":"product_cat","embeddable":true,"href":"https:\/\/baralivres.ma\/index.php?rest_route=%2Fwp%2Fv2%2Fproduct_cat&post=13163"},{"taxonomy":"product_tag","embeddable":true,"href":"https:\/\/baralivres.ma\/index.php?rest_route=%2Fwp%2Fv2%2Fproduct_tag&post=13163"}],"curies":[{"name":"wp","href":"https:\/\/api.w.org\/{rel}","templated":true}]}}