{"id":13159,"date":"2023-09-18T18:25:56","date_gmt":"2023-09-18T17:25:56","guid":{"rendered":"https:\/\/baralivres.ma\/?post_type=product&#038;p=13159"},"modified":"2024-11-18T14:01:05","modified_gmt":"2024-11-18T13:01:05","slug":"les-aventures-darsene-lupin","status":"publish","type":"product","link":"https:\/\/baralivres.ma\/?product=les-aventures-darsene-lupin","title":{"rendered":"Les aventures d&rsquo;Ars\u00e8ne Lupin"},"content":{"rendered":"<p>Qui a vol\u00e9 le c\u00e9l\u00e8bre diamant bleu ? Ars\u00e8ne Lupin, bien s\u00fbr ! Pour coincer l&rsquo;insaisissable cambrioleur, la police fait appel au meilleur d\u00e9tective du monde, l&rsquo;Anglais Herlock Sholm\u00e8s en personne. Entre ces deux g\u00e9nies s&rsquo;engage un duel o\u00f9 tous les coups sont permis ! De nouvelles aventures du gentleman-cambrioleur qui m\u00ealent passages secrets, myst\u00e8re et humour.<\/p>\n","protected":false},"excerpt":{"rendered":"<p>Qui a vol\u00e9 le c\u00e9l\u00e8bre diamant bleu ? Ars\u00e8ne Lupin, bien s\u00fbr ! Pour coincer l&rsquo;insaisissable cambrioleur, la police fait appel au meilleur d\u00e9tective du monde, l&rsquo;Anglais Herlock Sholm\u00e8s en personne. Entre ces deux g\u00e9nies s&rsquo;engage un duel o\u00f9 tous les coups sont permis ! De nouvelles aventures du gentleman-cambrioleur qui m\u00ealent passages secrets, myst\u00e8re et humour.<\/p>\n","protected":false},"featured_media":13161,"comment_status":"open","ping_status":"closed","template":"","meta":{"inline_featured_image":false},"product_cat":[203,204],"product_tag":[],"class_list":{"0":"post-13159","1":"product","2":"type-product","3":"status-publish","4":"has-post-thumbnail","6":"product_cat-adolescente","7":"product_cat-francais","8":"pa_auteurs-maurice-leblanc","10":"first","11":"instock","12":"shipping-taxable","13":"purchasable","14":"product-type-simple"},"_links":{"self":[{"href":"https:\/\/baralivres.ma\/index.php?rest_route=\/wp\/v2\/product\/13159","targetHints":{"allow":["GET"]}}],"collection":[{"href":"https:\/\/baralivres.ma\/index.php?rest_route=\/wp\/v2\/product"}],"about":[{"href":"https:\/\/baralivres.ma\/index.php?rest_route=\/wp\/v2\/types\/product"}],"replies":[{"embeddable":true,"href":"https:\/\/baralivres.ma\/index.php?rest_route=%2Fwp%2Fv2%2Fcomments&post=13159"}],"version-history":[{"count":1,"href":"https:\/\/baralivres.ma\/index.php?rest_route=\/wp\/v2\/product\/13159\/revisions"}],"predecessor-version":[{"id":13162,"href":"https:\/\/baralivres.ma\/index.php?rest_route=\/wp\/v2\/product\/13159\/revisions\/13162"}],"wp:featuredmedia":[{"embeddable":true,"href":"https:\/\/baralivres.ma\/index.php?rest_route=\/wp\/v2\/media\/13161"}],"wp:attachment":[{"href":"https:\/\/baralivres.ma\/index.php?rest_route=%2Fwp%2Fv2%2Fmedia&parent=13159"}],"wp:term":[{"taxonomy":"product_cat","embeddable":true,"href":"https:\/\/baralivres.ma\/index.php?rest_route=%2Fwp%2Fv2%2Fproduct_cat&post=13159"},{"taxonomy":"product_tag","embeddable":true,"href":"https:\/\/baralivres.ma\/index.php?rest_route=%2Fwp%2Fv2%2Fproduct_tag&post=13159"}],"curies":[{"name":"wp","href":"https:\/\/api.w.org\/{rel}","templated":true}]}}