{"id":13153,"date":"2023-09-18T18:18:37","date_gmt":"2023-09-18T17:18:37","guid":{"rendered":"https:\/\/baralivres.ma\/?post_type=product&#038;p=13153"},"modified":"2024-11-18T14:29:02","modified_gmt":"2024-11-18T13:29:02","slug":"lickabog","status":"publish","type":"product","link":"https:\/\/baralivres.ma\/?product=lickabog","title":{"rendered":"L&rsquo;Ickabog"},"content":{"rendered":"<p>La Cornucopia \u00e9tait un petit royaume heureux. On n&rsquo;y manquait de rien, le roi portait la plus \u00e9l\u00e9gante des moustaches, et le pays \u00e9tait c\u00e9l\u00e8bre pour ses mets d\u00e9licieux : D\u00e9lice-des-Ducs ou Nacelles-de-F\u00e9es, nul ne pouvait go\u00fbter ses g\u00e2teaux divins sans pleurer de joie ! Mais dans tout le royaume, un monstre r\u00f4de : selon la l\u00e9gende, l&rsquo;Ickabog habitait les Mar\u00e9cages brumeux et froids du nord du pays.<br \/>\nOn disait de cette cr\u00e9ature qu&rsquo;elle avait de formidables pouvoirs et sortait la nuit pour d\u00e9vorer les moutons comme les enfants. Des histoires pour les petits et les na\u00effs ? Parfois, les mythes prennent vie de fa\u00e7on \u00e9tonnante&#8230; Alors, si vous \u00eates courageux et voulez conna\u00eetre la v\u00e9rit\u00e9, ouvrez ce livre, suivez deux jeunes h\u00e9ros d\u00e9termin\u00e9s et perspicaces dans une folle aventure qui changera pour toujours le sort de la Cornucopia.<\/p>\n","protected":false},"excerpt":{"rendered":"<p>La Cornucopia \u00e9tait un petit royaume heureux. On n&rsquo;y manquait de rien, le roi portait la plus \u00e9l\u00e9gante des moustaches, et le pays \u00e9tait c\u00e9l\u00e8bre pour ses mets d\u00e9licieux : D\u00e9lice-des-Ducs ou Nacelles-de-F\u00e9es, nul ne pouvait go\u00fbter ses g\u00e2teaux divins sans pleurer de joie ! Mais dans tout le royaume, un monstre r\u00f4de : selon la l\u00e9gende, l&rsquo;Ickabog habitait les Mar\u00e9cages brumeux et froids du nord du pays.<br \/>\nOn disait de cette cr\u00e9ature qu&rsquo;elle avait de formidables pouvoirs et sortait la nuit pour d\u00e9vorer les moutons comme les enfants. Des histoires pour les petits et les na\u00effs ? Parfois, les mythes prennent vie de fa\u00e7on \u00e9tonnante&#8230; Alors, si vous \u00eates courageux et voulez conna\u00eetre la v\u00e9rit\u00e9, ouvrez ce livre, suivez deux jeunes h\u00e9ros d\u00e9termin\u00e9s et perspicaces dans une folle aventure qui changera pour toujours le sort de la Cornucopia.<\/p>\n","protected":false},"featured_media":13154,"comment_status":"open","ping_status":"closed","template":"","meta":{"inline_featured_image":false},"product_cat":[203,204],"product_tag":[],"class_list":{"0":"post-13153","1":"product","2":"type-product","3":"status-publish","4":"has-post-thumbnail","6":"product_cat-adolescente","7":"product_cat-francais","8":"pa_auteurs-j_k_rowling","10":"first","11":"instock","12":"shipping-taxable","13":"purchasable","14":"product-type-simple"},"_links":{"self":[{"href":"https:\/\/baralivres.ma\/index.php?rest_route=\/wp\/v2\/product\/13153","targetHints":{"allow":["GET"]}}],"collection":[{"href":"https:\/\/baralivres.ma\/index.php?rest_route=\/wp\/v2\/product"}],"about":[{"href":"https:\/\/baralivres.ma\/index.php?rest_route=\/wp\/v2\/types\/product"}],"replies":[{"embeddable":true,"href":"https:\/\/baralivres.ma\/index.php?rest_route=%2Fwp%2Fv2%2Fcomments&post=13153"}],"version-history":[{"count":1,"href":"https:\/\/baralivres.ma\/index.php?rest_route=\/wp\/v2\/product\/13153\/revisions"}],"predecessor-version":[{"id":13155,"href":"https:\/\/baralivres.ma\/index.php?rest_route=\/wp\/v2\/product\/13153\/revisions\/13155"}],"wp:featuredmedia":[{"embeddable":true,"href":"https:\/\/baralivres.ma\/index.php?rest_route=\/wp\/v2\/media\/13154"}],"wp:attachment":[{"href":"https:\/\/baralivres.ma\/index.php?rest_route=%2Fwp%2Fv2%2Fmedia&parent=13153"}],"wp:term":[{"taxonomy":"product_cat","embeddable":true,"href":"https:\/\/baralivres.ma\/index.php?rest_route=%2Fwp%2Fv2%2Fproduct_cat&post=13153"},{"taxonomy":"product_tag","embeddable":true,"href":"https:\/\/baralivres.ma\/index.php?rest_route=%2Fwp%2Fv2%2Fproduct_tag&post=13153"}],"curies":[{"name":"wp","href":"https:\/\/api.w.org\/{rel}","templated":true}]}}