{"id":13144,"date":"2023-09-18T18:11:02","date_gmt":"2023-09-18T17:11:02","guid":{"rendered":"https:\/\/baralivres.ma\/?post_type=product&#038;p=13144"},"modified":"2024-11-18T14:29:40","modified_gmt":"2024-11-18T13:29:40","slug":"avant-la-tele","status":"publish","type":"product","link":"https:\/\/baralivres.ma\/?product=avant-la-tele","title":{"rendered":"Avant la t\u00e9l\u00e9"},"content":{"rendered":"<p>1953. La guerre est finie depuis huit ans. C&rsquo;est l&rsquo;\u00e2ge d&rsquo;Alain. Il porte des culottes courtes m\u00eame en hiver ; va \u00e0 l&rsquo;\u00e9cole \u00e0 pied, \u00e9crit \u00e0 la plume et \u00e0 l&rsquo;encre violette, joue dans la rue sans danger. Les premi\u00e8res t\u00e9l\u00e9visions font leur apparition. Les supermarch\u00e9s n&rsquo;existent pas, les ordinateurs non plus. Presque personne en France n&rsquo;a encore de t\u00e9l\u00e9phone, ni de r\u00e9frig\u00e9rateur, ni de voiture, ni de salle de bains. Quelques jours avant No\u00ebl, le ma\u00eetre, cigarette au bec, dessine le P\u00e8re No\u00ebl et son tra\u00eeneau au tableau noir. C&rsquo;est un chef-d&rsquo;oeuvre. Il ne sait pas qu&rsquo;il vient de transmettre \u00e0 l&rsquo;un de ses \u00e9l\u00e8ves la passion du dessin. Cinquante ans plus tard, Alain, devenu grand-p\u00e8re, nous raconte en couleurs ses fantastiques ann\u00e9es cinquante.<\/p>\n","protected":false},"excerpt":{"rendered":"<p>1953. La guerre est finie depuis huit ans. C&rsquo;est l&rsquo;\u00e2ge d&rsquo;Alain. Il porte des culottes courtes m\u00eame en hiver ; va \u00e0 l&rsquo;\u00e9cole \u00e0 pied, \u00e9crit \u00e0 la plume et \u00e0 l&rsquo;encre violette, joue dans la rue sans danger. Les premi\u00e8res t\u00e9l\u00e9visions font leur apparition. Les supermarch\u00e9s n&rsquo;existent pas, les ordinateurs non plus. Presque personne en France n&rsquo;a encore de t\u00e9l\u00e9phone, ni de r\u00e9frig\u00e9rateur, ni de voiture, ni de salle de bains. Quelques jours avant No\u00ebl, le ma\u00eetre, cigarette au bec, dessine le P\u00e8re No\u00ebl et son tra\u00eeneau au tableau noir. C&rsquo;est un chef-d&rsquo;oeuvre. Il ne sait pas qu&rsquo;il vient de transmettre \u00e0 l&rsquo;un de ses \u00e9l\u00e8ves la passion du dessin. Cinquante ans plus tard, Alain, devenu grand-p\u00e8re, nous raconte en couleurs ses fantastiques ann\u00e9es cinquante.<\/p>\n","protected":false},"featured_media":13146,"comment_status":"open","ping_status":"closed","template":"","meta":{"inline_featured_image":false},"product_cat":[203,204],"product_tag":[],"class_list":{"0":"post-13144","1":"product","2":"type-product","3":"status-publish","4":"has-post-thumbnail","6":"product_cat-adolescente","7":"product_cat-francais","8":"pa_auteurs-yven-pommaux","10":"first","11":"instock","12":"shipping-taxable","13":"purchasable","14":"product-type-simple"},"_links":{"self":[{"href":"https:\/\/baralivres.ma\/index.php?rest_route=\/wp\/v2\/product\/13144","targetHints":{"allow":["GET"]}}],"collection":[{"href":"https:\/\/baralivres.ma\/index.php?rest_route=\/wp\/v2\/product"}],"about":[{"href":"https:\/\/baralivres.ma\/index.php?rest_route=\/wp\/v2\/types\/product"}],"replies":[{"embeddable":true,"href":"https:\/\/baralivres.ma\/index.php?rest_route=%2Fwp%2Fv2%2Fcomments&post=13144"}],"version-history":[{"count":1,"href":"https:\/\/baralivres.ma\/index.php?rest_route=\/wp\/v2\/product\/13144\/revisions"}],"predecessor-version":[{"id":13148,"href":"https:\/\/baralivres.ma\/index.php?rest_route=\/wp\/v2\/product\/13144\/revisions\/13148"}],"wp:featuredmedia":[{"embeddable":true,"href":"https:\/\/baralivres.ma\/index.php?rest_route=\/wp\/v2\/media\/13146"}],"wp:attachment":[{"href":"https:\/\/baralivres.ma\/index.php?rest_route=%2Fwp%2Fv2%2Fmedia&parent=13144"}],"wp:term":[{"taxonomy":"product_cat","embeddable":true,"href":"https:\/\/baralivres.ma\/index.php?rest_route=%2Fwp%2Fv2%2Fproduct_cat&post=13144"},{"taxonomy":"product_tag","embeddable":true,"href":"https:\/\/baralivres.ma\/index.php?rest_route=%2Fwp%2Fv2%2Fproduct_tag&post=13144"}],"curies":[{"name":"wp","href":"https:\/\/api.w.org\/{rel}","templated":true}]}}