{"id":13118,"date":"2023-09-18T10:21:01","date_gmt":"2023-09-18T09:21:01","guid":{"rendered":"https:\/\/baralivres.ma\/?post_type=product&#038;p=13118"},"modified":"2024-11-18T14:30:14","modified_gmt":"2024-11-18T13:30:14","slug":"la-chevre-de-m-seguin","status":"publish","type":"product","link":"https:\/\/baralivres.ma\/?product=la-chevre-de-m-seguin","title":{"rendered":"La ch\u00e8vre de M. Seguin"},"content":{"rendered":"<p>Ah ! Gringoire, qu&rsquo;elle \u00e9tait jolie la petite ch\u00e8vre de M. Seguin ! qu&rsquo;elle \u00e9tait jolie avec ses yeux doux, sa barbiche de sous-officier, ses sabots noirs et luisants, ses cornes z\u00e9br\u00e9es et ses longs poils blancs qui lui faisaient une houppelande !&#8230; Un amour de petite ch\u00e8vre. \u00ab\u00a0.<\/p>\n","protected":false},"excerpt":{"rendered":"<p>Ah ! Gringoire, qu&rsquo;elle \u00e9tait jolie la petite ch\u00e8vre de M. Seguin ! qu&rsquo;elle \u00e9tait jolie avec ses yeux doux, sa barbiche de sous-officier, ses sabots noirs et luisants, ses cornes z\u00e9br\u00e9es et ses longs poils blancs qui lui faisaient une houppelande !&#8230; Un amour de petite ch\u00e8vre. \u00ab\u00a0.<\/p>\n","protected":false},"featured_media":13122,"comment_status":"open","ping_status":"closed","template":"","meta":{"inline_featured_image":false},"product_cat":[203,204],"product_tag":[],"class_list":{"0":"post-13118","1":"product","2":"type-product","3":"status-publish","4":"has-post-thumbnail","6":"product_cat-adolescente","7":"product_cat-francais","8":"pa_auteurs-alphonse-daudet","10":"first","11":"instock","12":"shipping-taxable","13":"purchasable","14":"product-type-simple"},"_links":{"self":[{"href":"https:\/\/baralivres.ma\/index.php?rest_route=\/wp\/v2\/product\/13118","targetHints":{"allow":["GET"]}}],"collection":[{"href":"https:\/\/baralivres.ma\/index.php?rest_route=\/wp\/v2\/product"}],"about":[{"href":"https:\/\/baralivres.ma\/index.php?rest_route=\/wp\/v2\/types\/product"}],"replies":[{"embeddable":true,"href":"https:\/\/baralivres.ma\/index.php?rest_route=%2Fwp%2Fv2%2Fcomments&post=13118"}],"version-history":[{"count":1,"href":"https:\/\/baralivres.ma\/index.php?rest_route=\/wp\/v2\/product\/13118\/revisions"}],"predecessor-version":[{"id":13123,"href":"https:\/\/baralivres.ma\/index.php?rest_route=\/wp\/v2\/product\/13118\/revisions\/13123"}],"wp:featuredmedia":[{"embeddable":true,"href":"https:\/\/baralivres.ma\/index.php?rest_route=\/wp\/v2\/media\/13122"}],"wp:attachment":[{"href":"https:\/\/baralivres.ma\/index.php?rest_route=%2Fwp%2Fv2%2Fmedia&parent=13118"}],"wp:term":[{"taxonomy":"product_cat","embeddable":true,"href":"https:\/\/baralivres.ma\/index.php?rest_route=%2Fwp%2Fv2%2Fproduct_cat&post=13118"},{"taxonomy":"product_tag","embeddable":true,"href":"https:\/\/baralivres.ma\/index.php?rest_route=%2Fwp%2Fv2%2Fproduct_tag&post=13118"}],"curies":[{"name":"wp","href":"https:\/\/api.w.org\/{rel}","templated":true}]}}