{"id":13071,"date":"2023-09-14T14:46:14","date_gmt":"2023-09-14T13:46:14","guid":{"rendered":"https:\/\/baralivres.ma\/?post_type=product&#038;p=13071"},"modified":"2024-11-18T14:30:32","modified_gmt":"2024-11-18T13:30:32","slug":"une-aventure-de-mlle-charlotte-tome-1","status":"publish","type":"product","link":"https:\/\/baralivres.ma\/?product=une-aventure-de-mlle-charlotte-tome-1","title":{"rendered":"Une Aventure de Mlle Charlotte Tome 1"},"content":{"rendered":"<p>Mlle Charlotte, la nouvelle ma\u00eetresse, est arriv\u00e9e ce matin. Elle porte un chapeau, une robe un peu froiss\u00e9e, mais le plus dr\u00f4le, c&rsquo;est qu&rsquo;elle parle \u00e0 un caillou. En math\u00e9matiques, elle nous a appris \u00e0 mesurer les murs de la classe avec des spaghettis&#8230; cuits ! Et l&rsquo;apr\u00e8s-midi, elle joue avec nous au football. On l&rsquo;adore ! Retrouve Mlle Charlotte, la nouvelle ma\u00eetresse. Ses \u00e9l\u00e8ves s&rsquo;amusent comme des fous !<\/p>\n","protected":false},"excerpt":{"rendered":"<p>Mlle Charlotte, la nouvelle ma\u00eetresse, est arriv\u00e9e ce matin. Elle porte un chapeau, une robe un peu froiss\u00e9e, mais le plus dr\u00f4le, c&rsquo;est qu&rsquo;elle parle \u00e0 un caillou. En math\u00e9matiques, elle nous a appris \u00e0 mesurer les murs de la classe avec des spaghettis&#8230; cuits ! Et l&rsquo;apr\u00e8s-midi, elle joue avec nous au football. On l&rsquo;adore ! Retrouve Mlle Charlotte, la nouvelle ma\u00eetresse. Ses \u00e9l\u00e8ves s&rsquo;amusent comme des fous !<\/p>\n","protected":false},"featured_media":13072,"comment_status":"open","ping_status":"closed","template":"","meta":{"inline_featured_image":false},"product_cat":[203,204],"product_tag":[],"class_list":{"0":"post-13071","1":"product","2":"type-product","3":"status-publish","4":"has-post-thumbnail","6":"product_cat-adolescente","7":"product_cat-francais","9":"first","10":"instock","11":"shipping-taxable","12":"purchasable","13":"product-type-simple"},"_links":{"self":[{"href":"https:\/\/baralivres.ma\/index.php?rest_route=\/wp\/v2\/product\/13071","targetHints":{"allow":["GET"]}}],"collection":[{"href":"https:\/\/baralivres.ma\/index.php?rest_route=\/wp\/v2\/product"}],"about":[{"href":"https:\/\/baralivres.ma\/index.php?rest_route=\/wp\/v2\/types\/product"}],"replies":[{"embeddable":true,"href":"https:\/\/baralivres.ma\/index.php?rest_route=%2Fwp%2Fv2%2Fcomments&post=13071"}],"version-history":[{"count":1,"href":"https:\/\/baralivres.ma\/index.php?rest_route=\/wp\/v2\/product\/13071\/revisions"}],"predecessor-version":[{"id":13073,"href":"https:\/\/baralivres.ma\/index.php?rest_route=\/wp\/v2\/product\/13071\/revisions\/13073"}],"wp:featuredmedia":[{"embeddable":true,"href":"https:\/\/baralivres.ma\/index.php?rest_route=\/wp\/v2\/media\/13072"}],"wp:attachment":[{"href":"https:\/\/baralivres.ma\/index.php?rest_route=%2Fwp%2Fv2%2Fmedia&parent=13071"}],"wp:term":[{"taxonomy":"product_cat","embeddable":true,"href":"https:\/\/baralivres.ma\/index.php?rest_route=%2Fwp%2Fv2%2Fproduct_cat&post=13071"},{"taxonomy":"product_tag","embeddable":true,"href":"https:\/\/baralivres.ma\/index.php?rest_route=%2Fwp%2Fv2%2Fproduct_tag&post=13071"}],"curies":[{"name":"wp","href":"https:\/\/api.w.org\/{rel}","templated":true}]}}