{"id":13068,"date":"2023-09-14T14:44:41","date_gmt":"2023-09-14T13:44:41","guid":{"rendered":"https:\/\/baralivres.ma\/?post_type=product&#038;p=13068"},"modified":"2024-11-18T14:30:48","modified_gmt":"2024-11-18T13:30:48","slug":"histoires-comme-ca","status":"publish","type":"product","link":"https:\/\/baralivres.ma\/?product=histoires-comme-ca","title":{"rendered":"Histoires comme \u00e7a"},"content":{"rendered":"<p>Sais-tu comment le chameau a eu sa bosse, le l\u00e9opard ses taches, le rhinoc\u00e9ros sa peau pliss\u00e9e ou l&rsquo;enfant d&rsquo;\u00e9l\u00e9phant sa trompe ? Veux-tu savoir comment les animaux sont devenus ceux que l&rsquo;on conna\u00eet ? Lis leurs aventures. Tu d\u00e9couvriras que toute chose a une explication logique ou dr\u00f4le&#8230; Il \u00e9tait une fois des contes tendres et merveilleux dont la po\u00e9sie et l&rsquo;humour enchantent petits et grands, toujours et encore.<\/p>\n","protected":false},"excerpt":{"rendered":"<p>Sais-tu comment le chameau a eu sa bosse, le l\u00e9opard ses taches, le rhinoc\u00e9ros sa peau pliss\u00e9e ou l&rsquo;enfant d&rsquo;\u00e9l\u00e9phant sa trompe ? Veux-tu savoir comment les animaux sont devenus ceux que l&rsquo;on conna\u00eet ? Lis leurs aventures. Tu d\u00e9couvriras que toute chose a une explication logique ou dr\u00f4le&#8230; Il \u00e9tait une fois des contes tendres et merveilleux dont la po\u00e9sie et l&rsquo;humour enchantent petits et grands, toujours et encore.<\/p>\n","protected":false},"featured_media":13069,"comment_status":"open","ping_status":"closed","template":"","meta":{"inline_featured_image":false},"product_cat":[203,204],"product_tag":[],"class_list":{"0":"post-13068","1":"product","2":"type-product","3":"status-publish","4":"has-post-thumbnail","6":"product_cat-adolescente","7":"product_cat-francais","9":"first","10":"instock","11":"shipping-taxable","12":"purchasable","13":"product-type-simple"},"_links":{"self":[{"href":"https:\/\/baralivres.ma\/index.php?rest_route=\/wp\/v2\/product\/13068","targetHints":{"allow":["GET"]}}],"collection":[{"href":"https:\/\/baralivres.ma\/index.php?rest_route=\/wp\/v2\/product"}],"about":[{"href":"https:\/\/baralivres.ma\/index.php?rest_route=\/wp\/v2\/types\/product"}],"replies":[{"embeddable":true,"href":"https:\/\/baralivres.ma\/index.php?rest_route=%2Fwp%2Fv2%2Fcomments&post=13068"}],"version-history":[{"count":1,"href":"https:\/\/baralivres.ma\/index.php?rest_route=\/wp\/v2\/product\/13068\/revisions"}],"predecessor-version":[{"id":13070,"href":"https:\/\/baralivres.ma\/index.php?rest_route=\/wp\/v2\/product\/13068\/revisions\/13070"}],"wp:featuredmedia":[{"embeddable":true,"href":"https:\/\/baralivres.ma\/index.php?rest_route=\/wp\/v2\/media\/13069"}],"wp:attachment":[{"href":"https:\/\/baralivres.ma\/index.php?rest_route=%2Fwp%2Fv2%2Fmedia&parent=13068"}],"wp:term":[{"taxonomy":"product_cat","embeddable":true,"href":"https:\/\/baralivres.ma\/index.php?rest_route=%2Fwp%2Fv2%2Fproduct_cat&post=13068"},{"taxonomy":"product_tag","embeddable":true,"href":"https:\/\/baralivres.ma\/index.php?rest_route=%2Fwp%2Fv2%2Fproduct_tag&post=13068"}],"curies":[{"name":"wp","href":"https:\/\/api.w.org\/{rel}","templated":true}]}}