{"id":13065,"date":"2023-09-14T14:29:57","date_gmt":"2023-09-14T13:29:57","guid":{"rendered":"https:\/\/baralivres.ma\/?post_type=product&#038;p=13065"},"modified":"2024-10-29T14:14:38","modified_gmt":"2024-10-29T13:14:38","slug":"oh-les-dinosaures","status":"publish","type":"product","link":"https:\/\/baralivres.ma\/?product=oh-les-dinosaures","title":{"rendered":"Oh ! les dinosaures"},"content":{"rendered":"<p>Une encyclop\u00e9die sur les dinosaures, pleine \u00e0 craquer d&rsquo;images et d&rsquo;informations, qui pr\u00e9sente de tr\u00e8s nombreuses esp\u00e8ces. Qu&rsquo;ils soient herbivores ou carnivores, petits ou g\u00e9ants, ces animaux brutalement disparus fascinent toujours. A la pointe des d\u00e9couvertes, ce livre r\u00e9v\u00e8le aussi que les oiseaux descendent des dinosaures ! Un beau livre excitant, accessible \u00e0 tous, qui explique d&rsquo;une mani\u00e8re claire, visuelle et fouill\u00e9e, gr\u00e2ce \u00e0 une mise en sc\u00e8ne graphique, originale, s\u00e9duisante et dynamique, toutes nos connaissances sur ces \u00ab\u00a0l\u00e9zards terribles\u00a0\u00bb.<br \/>\nPour voir, d\u00e9couvrir, comprendre et conna\u00eetre les dinosaures autrement.<\/p>\n","protected":false},"excerpt":{"rendered":"<p>Une encyclop\u00e9die sur les dinosaures, pleine \u00e0 craquer d&rsquo;images et d&rsquo;informations, qui pr\u00e9sente de tr\u00e8s nombreuses esp\u00e8ces. Qu&rsquo;ils soient herbivores ou carnivores, petits ou g\u00e9ants, ces animaux brutalement disparus fascinent toujours. A la pointe des d\u00e9couvertes, ce livre r\u00e9v\u00e8le aussi que les oiseaux descendent des dinosaures ! Un beau livre excitant, accessible \u00e0 tous, qui explique d&rsquo;une mani\u00e8re claire, visuelle et fouill\u00e9e, gr\u00e2ce \u00e0 une mise en sc\u00e8ne graphique, originale, s\u00e9duisante et dynamique, toutes nos connaissances sur ces \u00ab\u00a0l\u00e9zards terribles\u00a0\u00bb.<br \/>\nPour voir, d\u00e9couvrir, comprendre et conna\u00eetre les dinosaures autrement.<\/p>\n","protected":false},"featured_media":13066,"comment_status":"open","ping_status":"closed","template":"","meta":{"inline_featured_image":false},"product_cat":[3898,3706],"product_tag":[],"class_list":{"0":"post-13065","1":"product","2":"type-product","3":"status-publish","4":"has-post-thumbnail","6":"product_cat-encyclopedie_francais","7":"product_cat-encyclopedie-2","9":"first","10":"instock","11":"shipping-taxable","12":"purchasable","13":"product-type-simple"},"_links":{"self":[{"href":"https:\/\/baralivres.ma\/index.php?rest_route=\/wp\/v2\/product\/13065","targetHints":{"allow":["GET"]}}],"collection":[{"href":"https:\/\/baralivres.ma\/index.php?rest_route=\/wp\/v2\/product"}],"about":[{"href":"https:\/\/baralivres.ma\/index.php?rest_route=\/wp\/v2\/types\/product"}],"replies":[{"embeddable":true,"href":"https:\/\/baralivres.ma\/index.php?rest_route=%2Fwp%2Fv2%2Fcomments&post=13065"}],"version-history":[{"count":1,"href":"https:\/\/baralivres.ma\/index.php?rest_route=\/wp\/v2\/product\/13065\/revisions"}],"predecessor-version":[{"id":13067,"href":"https:\/\/baralivres.ma\/index.php?rest_route=\/wp\/v2\/product\/13065\/revisions\/13067"}],"wp:featuredmedia":[{"embeddable":true,"href":"https:\/\/baralivres.ma\/index.php?rest_route=\/wp\/v2\/media\/13066"}],"wp:attachment":[{"href":"https:\/\/baralivres.ma\/index.php?rest_route=%2Fwp%2Fv2%2Fmedia&parent=13065"}],"wp:term":[{"taxonomy":"product_cat","embeddable":true,"href":"https:\/\/baralivres.ma\/index.php?rest_route=%2Fwp%2Fv2%2Fproduct_cat&post=13065"},{"taxonomy":"product_tag","embeddable":true,"href":"https:\/\/baralivres.ma\/index.php?rest_route=%2Fwp%2Fv2%2Fproduct_tag&post=13065"}],"curies":[{"name":"wp","href":"https:\/\/api.w.org\/{rel}","templated":true}]}}