{"id":13062,"date":"2023-09-14T14:28:42","date_gmt":"2023-09-14T13:28:42","guid":{"rendered":"https:\/\/baralivres.ma\/?post_type=product&#038;p=13062"},"modified":"2023-09-14T14:28:43","modified_gmt":"2023-09-14T13:28:43","slug":"oh-la-terre-des-miliers-dinformations-etonnantes-sur-la-terre","status":"publish","type":"product","link":"https:\/\/baralivres.ma\/?product=oh-la-terre-des-miliers-dinformations-etonnantes-sur-la-terre","title":{"rendered":"Oh ! La terre &#8211; Des miliers d&rsquo;informations \u00e9tonnantes sur la Terre"},"content":{"rendered":"<p>Une encyclop\u00e9die pleine \u00e0 craquer d&rsquo;images et d&rsquo;informations sur la Terre : de l&rsquo;origine des m\u00e9t\u00e9orites \u00e0 la formation des volcans en passant par le r\u00f4le de l&rsquo;atmosph\u00e8re et l&rsquo;influence des oc\u00e9ans. Un beau livre excitant, accessible \u00e0 tous. qui aiguise la curiosit\u00e9 et aide \u00e0 comprendre tous les ph\u00e9nom\u00e8nes naturels et toutes les sciences de la Terre gr\u00e2ce \u00e0 une mise en sc\u00e8ne graphique, originale, s\u00e9duisante et dynamique.<\/p>\n","protected":false},"excerpt":{"rendered":"<p>Une encyclop\u00e9die pleine \u00e0 craquer d&rsquo;images et d&rsquo;informations sur la Terre : de l&rsquo;origine des m\u00e9t\u00e9orites \u00e0 la formation des volcans en passant par le r\u00f4le de l&rsquo;atmosph\u00e8re et l&rsquo;influence des oc\u00e9ans. Un beau livre excitant, accessible \u00e0 tous. qui aiguise la curiosit\u00e9 et aide \u00e0 comprendre tous les ph\u00e9nom\u00e8nes naturels et toutes les sciences de la Terre gr\u00e2ce \u00e0 une mise en sc\u00e8ne graphique, originale, s\u00e9duisante et dynamique.<\/p>\n","protected":false},"featured_media":13063,"comment_status":"open","ping_status":"closed","template":"","meta":{"inline_featured_image":false},"product_cat":[203,204],"product_tag":[],"class_list":{"0":"post-13062","1":"product","2":"type-product","3":"status-publish","4":"has-post-thumbnail","6":"product_cat-adolescente","7":"product_cat-francais","9":"first","10":"instock","11":"shipping-taxable","12":"purchasable","13":"product-type-simple"},"_links":{"self":[{"href":"https:\/\/baralivres.ma\/index.php?rest_route=\/wp\/v2\/product\/13062","targetHints":{"allow":["GET"]}}],"collection":[{"href":"https:\/\/baralivres.ma\/index.php?rest_route=\/wp\/v2\/product"}],"about":[{"href":"https:\/\/baralivres.ma\/index.php?rest_route=\/wp\/v2\/types\/product"}],"replies":[{"embeddable":true,"href":"https:\/\/baralivres.ma\/index.php?rest_route=%2Fwp%2Fv2%2Fcomments&post=13062"}],"version-history":[{"count":1,"href":"https:\/\/baralivres.ma\/index.php?rest_route=\/wp\/v2\/product\/13062\/revisions"}],"predecessor-version":[{"id":13064,"href":"https:\/\/baralivres.ma\/index.php?rest_route=\/wp\/v2\/product\/13062\/revisions\/13064"}],"wp:featuredmedia":[{"embeddable":true,"href":"https:\/\/baralivres.ma\/index.php?rest_route=\/wp\/v2\/media\/13063"}],"wp:attachment":[{"href":"https:\/\/baralivres.ma\/index.php?rest_route=%2Fwp%2Fv2%2Fmedia&parent=13062"}],"wp:term":[{"taxonomy":"product_cat","embeddable":true,"href":"https:\/\/baralivres.ma\/index.php?rest_route=%2Fwp%2Fv2%2Fproduct_cat&post=13062"},{"taxonomy":"product_tag","embeddable":true,"href":"https:\/\/baralivres.ma\/index.php?rest_route=%2Fwp%2Fv2%2Fproduct_tag&post=13062"}],"curies":[{"name":"wp","href":"https:\/\/api.w.org\/{rel}","templated":true}]}}