{"id":13059,"date":"2023-09-14T14:27:20","date_gmt":"2023-09-14T13:27:20","guid":{"rendered":"https:\/\/baralivres.ma\/?post_type=product&#038;p=13059"},"modified":"2024-10-29T14:15:05","modified_gmt":"2024-10-29T13:15:05","slug":"oh-les-sciences","status":"publish","type":"product","link":"https:\/\/baralivres.ma\/?product=oh-les-sciences","title":{"rendered":"Oh ! Les sciences"},"content":{"rendered":"<p>Une encyclop\u00e9die sur les sciences, pleine \u00e0 craquer d\u2019images et d\u2019informations, qui traite des principaux domaines scientifiques, du monde vivant \u00e0 l\u2019espace en passant par la Terre, la mati\u00e8re, les forces et l\u2019\u00e9nergie. Un beau livre excitant, accessible \u00e0 tous, qui explique d\u2019une mani\u00e8re claire, visuelle et fouill\u00e9e, gr\u00e2ce \u00e0 une mise en sc\u00e8ne graphique, originale, s\u00e9duisante et dynamique, les connaissances scientifiques essentielles.<br \/>\nPour voir, d\u00e9couvrir, comprendre et explorer les sciences autrement.<\/p>\n","protected":false},"excerpt":{"rendered":"<p>Une encyclop\u00e9die sur les sciences, pleine \u00e0 craquer d\u2019images et d\u2019informations, qui traite des principaux domaines scientifiques, du monde vivant \u00e0 l\u2019espace en passant par la Terre, la mati\u00e8re, les forces et l\u2019\u00e9nergie. Un beau livre excitant, accessible \u00e0 tous, qui explique d\u2019une mani\u00e8re claire, visuelle et fouill\u00e9e, gr\u00e2ce \u00e0 une mise en sc\u00e8ne graphique, originale, s\u00e9duisante et dynamique, les connaissances scientifiques essentielles.<br \/>\nPour voir, d\u00e9couvrir, comprendre et explorer les sciences autrement.<\/p>\n","protected":false},"featured_media":13060,"comment_status":"open","ping_status":"closed","template":"","meta":{"inline_featured_image":false},"product_cat":[3898,3706],"product_tag":[],"class_list":{"0":"post-13059","1":"product","2":"type-product","3":"status-publish","4":"has-post-thumbnail","6":"product_cat-encyclopedie_francais","7":"product_cat-encyclopedie-2","9":"first","10":"instock","11":"shipping-taxable","12":"purchasable","13":"product-type-simple"},"_links":{"self":[{"href":"https:\/\/baralivres.ma\/index.php?rest_route=\/wp\/v2\/product\/13059","targetHints":{"allow":["GET"]}}],"collection":[{"href":"https:\/\/baralivres.ma\/index.php?rest_route=\/wp\/v2\/product"}],"about":[{"href":"https:\/\/baralivres.ma\/index.php?rest_route=\/wp\/v2\/types\/product"}],"replies":[{"embeddable":true,"href":"https:\/\/baralivres.ma\/index.php?rest_route=%2Fwp%2Fv2%2Fcomments&post=13059"}],"version-history":[{"count":1,"href":"https:\/\/baralivres.ma\/index.php?rest_route=\/wp\/v2\/product\/13059\/revisions"}],"predecessor-version":[{"id":13061,"href":"https:\/\/baralivres.ma\/index.php?rest_route=\/wp\/v2\/product\/13059\/revisions\/13061"}],"wp:featuredmedia":[{"embeddable":true,"href":"https:\/\/baralivres.ma\/index.php?rest_route=\/wp\/v2\/media\/13060"}],"wp:attachment":[{"href":"https:\/\/baralivres.ma\/index.php?rest_route=%2Fwp%2Fv2%2Fmedia&parent=13059"}],"wp:term":[{"taxonomy":"product_cat","embeddable":true,"href":"https:\/\/baralivres.ma\/index.php?rest_route=%2Fwp%2Fv2%2Fproduct_cat&post=13059"},{"taxonomy":"product_tag","embeddable":true,"href":"https:\/\/baralivres.ma\/index.php?rest_route=%2Fwp%2Fv2%2Fproduct_tag&post=13059"}],"curies":[{"name":"wp","href":"https:\/\/api.w.org\/{rel}","templated":true}]}}