{"id":13056,"date":"2023-09-14T14:26:06","date_gmt":"2023-09-14T13:26:06","guid":{"rendered":"https:\/\/baralivres.ma\/?post_type=product&#038;p=13056"},"modified":"2024-10-29T14:15:25","modified_gmt":"2024-10-29T13:15:25","slug":"oh-les-animaux","status":"publish","type":"product","link":"https:\/\/baralivres.ma\/?product=oh-les-animaux","title":{"rendered":"Oh ! Les animaux"},"content":{"rendered":"<p>Une encyclop\u00e9die pleine \u00e0 craquer d&rsquo;images et d&rsquo;informations sur de tr\u00e8s nombreuses esp\u00e8ces, depuis la fourmi jusqu&rsquo;\u00e0 l&rsquo;\u00e9l\u00e9phant, tous observ\u00e9s dans leur milieu naturel. Un beau ivre excitant et tr\u00e8s accessible pour tous les passionn\u00e9s du monde animal. Gr\u00e2ce \u00e0 une mise en sc\u00e8ne graphique, originale, s\u00e9duisante et dynamique, vous d\u00e9couvrirez l&rsquo;extraordinaire diversit\u00e9 du r\u00e8gne animal<\/p>\n","protected":false},"excerpt":{"rendered":"<p>Une encyclop\u00e9die pleine \u00e0 craquer d&rsquo;images et d&rsquo;informations sur de tr\u00e8s nombreuses esp\u00e8ces, depuis la fourmi jusqu&rsquo;\u00e0 l&rsquo;\u00e9l\u00e9phant, tous observ\u00e9s dans leur milieu naturel. Un beau ivre excitant et tr\u00e8s accessible pour tous les passionn\u00e9s du monde animal. Gr\u00e2ce \u00e0 une mise en sc\u00e8ne graphique, originale, s\u00e9duisante et dynamique, vous d\u00e9couvrirez l&rsquo;extraordinaire diversit\u00e9 du r\u00e8gne animal<\/p>\n","protected":false},"featured_media":13057,"comment_status":"open","ping_status":"closed","template":"","meta":{"inline_featured_image":false},"product_cat":[3898,3706],"product_tag":[],"class_list":{"0":"post-13056","1":"product","2":"type-product","3":"status-publish","4":"has-post-thumbnail","6":"product_cat-encyclopedie_francais","7":"product_cat-encyclopedie-2","9":"first","10":"instock","11":"shipping-taxable","12":"purchasable","13":"product-type-simple"},"_links":{"self":[{"href":"https:\/\/baralivres.ma\/index.php?rest_route=\/wp\/v2\/product\/13056","targetHints":{"allow":["GET"]}}],"collection":[{"href":"https:\/\/baralivres.ma\/index.php?rest_route=\/wp\/v2\/product"}],"about":[{"href":"https:\/\/baralivres.ma\/index.php?rest_route=\/wp\/v2\/types\/product"}],"replies":[{"embeddable":true,"href":"https:\/\/baralivres.ma\/index.php?rest_route=%2Fwp%2Fv2%2Fcomments&post=13056"}],"version-history":[{"count":1,"href":"https:\/\/baralivres.ma\/index.php?rest_route=\/wp\/v2\/product\/13056\/revisions"}],"predecessor-version":[{"id":13058,"href":"https:\/\/baralivres.ma\/index.php?rest_route=\/wp\/v2\/product\/13056\/revisions\/13058"}],"wp:featuredmedia":[{"embeddable":true,"href":"https:\/\/baralivres.ma\/index.php?rest_route=\/wp\/v2\/media\/13057"}],"wp:attachment":[{"href":"https:\/\/baralivres.ma\/index.php?rest_route=%2Fwp%2Fv2%2Fmedia&parent=13056"}],"wp:term":[{"taxonomy":"product_cat","embeddable":true,"href":"https:\/\/baralivres.ma\/index.php?rest_route=%2Fwp%2Fv2%2Fproduct_cat&post=13056"},{"taxonomy":"product_tag","embeddable":true,"href":"https:\/\/baralivres.ma\/index.php?rest_route=%2Fwp%2Fv2%2Fproduct_tag&post=13056"}],"curies":[{"name":"wp","href":"https:\/\/api.w.org\/{rel}","templated":true}]}}