{"id":13044,"date":"2023-09-13T17:17:22","date_gmt":"2023-09-13T16:17:22","guid":{"rendered":"https:\/\/baralivres.ma\/?post_type=product&#038;p=13044"},"modified":"2024-10-29T14:17:28","modified_gmt":"2024-10-29T13:17:28","slug":"construis-et-anime-un-t-rex","status":"publish","type":"product","link":"https:\/\/baralivres.ma\/?product=construis-et-anime-un-t-rex","title":{"rendered":"Construis et anime un T. Rex"},"content":{"rendered":"<p>D\u00e9couvre pourquoi le T.rex \u00e9tait le plus terrible des pr\u00e9dateurs. Un livre de 32 pages pour tout savoir sur son anatomie et ses techniques de chasse. 19 pi\u00e8ces \u00e0 assembler et superposer pour reconstituer le squelette et les organes. Des illustrations claires et color\u00e9es expliquent comment fonctionnent les diff\u00e9rentes parties du corps du T.Rex. Un puzzle g\u00e9ant de 96 cm avec des membres articul\u00e9s. Des charni\u00e8res articul\u00e9es permettent aux membres et la m\u00e2choire de bouger.<\/p>\n","protected":false},"excerpt":{"rendered":"<p>D\u00e9couvre pourquoi le T.rex \u00e9tait le plus terrible des pr\u00e9dateurs. Un livre de 32 pages pour tout savoir sur son anatomie et ses techniques de chasse. 19 pi\u00e8ces \u00e0 assembler et superposer pour reconstituer le squelette et les organes. Des illustrations claires et color\u00e9es expliquent comment fonctionnent les diff\u00e9rentes parties du corps du T.Rex. Un puzzle g\u00e9ant de 96 cm avec des membres articul\u00e9s. Des charni\u00e8res articul\u00e9es permettent aux membres et la m\u00e2choire de bouger.<\/p>\n","protected":false},"featured_media":13045,"comment_status":"open","ping_status":"closed","template":"","meta":{"inline_featured_image":false},"product_cat":[3898,3706,218],"product_tag":[],"class_list":{"0":"post-13044","1":"product","2":"type-product","3":"status-publish","4":"has-post-thumbnail","6":"product_cat-encyclopedie_francais","7":"product_cat-encyclopedie-2","8":"product_cat-coffret-encyclopedie","10":"first","11":"instock","12":"shipping-taxable","13":"purchasable","14":"product-type-simple"},"_links":{"self":[{"href":"https:\/\/baralivres.ma\/index.php?rest_route=\/wp\/v2\/product\/13044","targetHints":{"allow":["GET"]}}],"collection":[{"href":"https:\/\/baralivres.ma\/index.php?rest_route=\/wp\/v2\/product"}],"about":[{"href":"https:\/\/baralivres.ma\/index.php?rest_route=\/wp\/v2\/types\/product"}],"replies":[{"embeddable":true,"href":"https:\/\/baralivres.ma\/index.php?rest_route=%2Fwp%2Fv2%2Fcomments&post=13044"}],"version-history":[{"count":1,"href":"https:\/\/baralivres.ma\/index.php?rest_route=\/wp\/v2\/product\/13044\/revisions"}],"predecessor-version":[{"id":13046,"href":"https:\/\/baralivres.ma\/index.php?rest_route=\/wp\/v2\/product\/13044\/revisions\/13046"}],"wp:featuredmedia":[{"embeddable":true,"href":"https:\/\/baralivres.ma\/index.php?rest_route=\/wp\/v2\/media\/13045"}],"wp:attachment":[{"href":"https:\/\/baralivres.ma\/index.php?rest_route=%2Fwp%2Fv2%2Fmedia&parent=13044"}],"wp:term":[{"taxonomy":"product_cat","embeddable":true,"href":"https:\/\/baralivres.ma\/index.php?rest_route=%2Fwp%2Fv2%2Fproduct_cat&post=13044"},{"taxonomy":"product_tag","embeddable":true,"href":"https:\/\/baralivres.ma\/index.php?rest_route=%2Fwp%2Fv2%2Fproduct_tag&post=13044"}],"curies":[{"name":"wp","href":"https:\/\/api.w.org\/{rel}","templated":true}]}}