{"id":13035,"date":"2023-09-13T17:11:01","date_gmt":"2023-09-13T16:11:01","guid":{"rendered":"https:\/\/baralivres.ma\/?post_type=product&#038;p=13035"},"modified":"2024-10-29T14:19:48","modified_gmt":"2024-10-29T13:19:48","slug":"construis-un-scorpion","status":"publish","type":"product","link":"https:\/\/baralivres.ma\/?product=construis-un-scorpion","title":{"rendered":"Construis un scorpion"},"content":{"rendered":"<p>Ce livre-coffret fourmille d\u2019informations passionnantes sur les scorpions, les araign\u00e9es, et les autres membres de la famille des arachnides. Construis un scorpion g\u00e9ant \u00e0 queue et pinces pr\u00e9hensiles et ce pr\u00e9dateur insectivore n\u2019aura plus aucun secret pour toi ! Quelle araign\u00e9e vit sous l\u2019eau dans une bulle d\u2019air faite \u00e0 l\u2019aide de ses soies ? Quel scorpion a une queue capable de lancer de l\u2019acide \u00e0 30 cm de hauteur ? Comment les acariens se font-ils transporter d\u2019une fleur \u00e0 l\u2019autre ? Trouve les r\u00e9ponses \u00e0 ces questions et \u00e0 bien d\u2019autres tout en construisant un gigantesque scorpion !<\/p>\n","protected":false},"excerpt":{"rendered":"<p>Ce livre-coffret fourmille d\u2019informations passionnantes sur les scorpions, les araign\u00e9es, et les autres membres de la famille des arachnides. Construis un scorpion g\u00e9ant \u00e0 queue et pinces pr\u00e9hensiles et ce pr\u00e9dateur insectivore n\u2019aura plus aucun secret pour toi ! Quelle araign\u00e9e vit sous l\u2019eau dans une bulle d\u2019air faite \u00e0 l\u2019aide de ses soies ? Quel scorpion a une queue capable de lancer de l\u2019acide \u00e0 30 cm de hauteur ? Comment les acariens se font-ils transporter d\u2019une fleur \u00e0 l\u2019autre ? Trouve les r\u00e9ponses \u00e0 ces questions et \u00e0 bien d\u2019autres tout en construisant un gigantesque scorpion !<\/p>\n","protected":false},"featured_media":13036,"comment_status":"open","ping_status":"closed","template":"","meta":{"inline_featured_image":false},"product_cat":[3898,3706,218],"product_tag":[],"class_list":{"0":"post-13035","1":"product","2":"type-product","3":"status-publish","4":"has-post-thumbnail","6":"product_cat-encyclopedie_francais","7":"product_cat-encyclopedie-2","8":"product_cat-coffret-encyclopedie","10":"first","11":"instock","12":"shipping-taxable","13":"product-type-simple"},"_links":{"self":[{"href":"https:\/\/baralivres.ma\/index.php?rest_route=\/wp\/v2\/product\/13035","targetHints":{"allow":["GET"]}}],"collection":[{"href":"https:\/\/baralivres.ma\/index.php?rest_route=\/wp\/v2\/product"}],"about":[{"href":"https:\/\/baralivres.ma\/index.php?rest_route=\/wp\/v2\/types\/product"}],"replies":[{"embeddable":true,"href":"https:\/\/baralivres.ma\/index.php?rest_route=%2Fwp%2Fv2%2Fcomments&post=13035"}],"version-history":[{"count":1,"href":"https:\/\/baralivres.ma\/index.php?rest_route=\/wp\/v2\/product\/13035\/revisions"}],"predecessor-version":[{"id":13037,"href":"https:\/\/baralivres.ma\/index.php?rest_route=\/wp\/v2\/product\/13035\/revisions\/13037"}],"wp:featuredmedia":[{"embeddable":true,"href":"https:\/\/baralivres.ma\/index.php?rest_route=\/wp\/v2\/media\/13036"}],"wp:attachment":[{"href":"https:\/\/baralivres.ma\/index.php?rest_route=%2Fwp%2Fv2%2Fmedia&parent=13035"}],"wp:term":[{"taxonomy":"product_cat","embeddable":true,"href":"https:\/\/baralivres.ma\/index.php?rest_route=%2Fwp%2Fv2%2Fproduct_cat&post=13035"},{"taxonomy":"product_tag","embeddable":true,"href":"https:\/\/baralivres.ma\/index.php?rest_route=%2Fwp%2Fv2%2Fproduct_tag&post=13035"}],"curies":[{"name":"wp","href":"https:\/\/api.w.org\/{rel}","templated":true}]}}