{"id":13032,"date":"2023-09-13T17:08:33","date_gmt":"2023-09-13T16:08:33","guid":{"rendered":"https:\/\/baralivres.ma\/?post_type=product&#038;p=13032"},"modified":"2024-10-29T14:20:38","modified_gmt":"2024-10-29T13:20:38","slug":"construis-un-requin","status":"publish","type":"product","link":"https:\/\/baralivres.ma\/?product=construis-un-requin","title":{"rendered":"Construis un requin"},"content":{"rendered":"<p>Ce livre-coffret unique et interactif fourmille d&rsquo;informations passionnantes sur ces grands pr\u00e9dateurs des mers. D\u00e9couvre l&rsquo;anatomie du grand requin blanc en assemblant sans danger les diff\u00e9rentes pi\u00e8ces d&rsquo;une maquette g\u00e9ante. Quel requin peut nager \u00e0 la vitesse de 65 km\/h ? Pourquoi le grand requin blanc roule-t-il ses yeux en arri\u00e8re lorsqu&rsquo;il attaque sa proie ? Comment un requin peut-il rep\u00e9rer sa proie sans m\u00eame l&rsquo;avoir vue ? Trouve les r\u00e9ponses \u00e0 ces questions et \u00e0 bien d&rsquo;autres tout en construisant un grand requin blanc !<\/p>\n","protected":false},"excerpt":{"rendered":"<p>Ce livre-coffret unique et interactif fourmille d&rsquo;informations passionnantes sur ces grands pr\u00e9dateurs des mers. D\u00e9couvre l&rsquo;anatomie du grand requin blanc en assemblant sans danger les diff\u00e9rentes pi\u00e8ces d&rsquo;une maquette g\u00e9ante. Quel requin peut nager \u00e0 la vitesse de 65 km\/h ? Pourquoi le grand requin blanc roule-t-il ses yeux en arri\u00e8re lorsqu&rsquo;il attaque sa proie ? Comment un requin peut-il rep\u00e9rer sa proie sans m\u00eame l&rsquo;avoir vue ? Trouve les r\u00e9ponses \u00e0 ces questions et \u00e0 bien d&rsquo;autres tout en construisant un grand requin blanc !<\/p>\n","protected":false},"featured_media":13033,"comment_status":"open","ping_status":"closed","template":"","meta":{"inline_featured_image":false},"product_cat":[3898,3706,218],"product_tag":[],"class_list":{"0":"post-13032","1":"product","2":"type-product","3":"status-publish","4":"has-post-thumbnail","6":"product_cat-encyclopedie_francais","7":"product_cat-encyclopedie-2","8":"product_cat-coffret-encyclopedie","10":"first","11":"instock","12":"shipping-taxable","13":"purchasable","14":"product-type-simple"},"_links":{"self":[{"href":"https:\/\/baralivres.ma\/index.php?rest_route=\/wp\/v2\/product\/13032","targetHints":{"allow":["GET"]}}],"collection":[{"href":"https:\/\/baralivres.ma\/index.php?rest_route=\/wp\/v2\/product"}],"about":[{"href":"https:\/\/baralivres.ma\/index.php?rest_route=\/wp\/v2\/types\/product"}],"replies":[{"embeddable":true,"href":"https:\/\/baralivres.ma\/index.php?rest_route=%2Fwp%2Fv2%2Fcomments&post=13032"}],"version-history":[{"count":1,"href":"https:\/\/baralivres.ma\/index.php?rest_route=\/wp\/v2\/product\/13032\/revisions"}],"predecessor-version":[{"id":13034,"href":"https:\/\/baralivres.ma\/index.php?rest_route=\/wp\/v2\/product\/13032\/revisions\/13034"}],"wp:featuredmedia":[{"embeddable":true,"href":"https:\/\/baralivres.ma\/index.php?rest_route=\/wp\/v2\/media\/13033"}],"wp:attachment":[{"href":"https:\/\/baralivres.ma\/index.php?rest_route=%2Fwp%2Fv2%2Fmedia&parent=13032"}],"wp:term":[{"taxonomy":"product_cat","embeddable":true,"href":"https:\/\/baralivres.ma\/index.php?rest_route=%2Fwp%2Fv2%2Fproduct_cat&post=13032"},{"taxonomy":"product_tag","embeddable":true,"href":"https:\/\/baralivres.ma\/index.php?rest_route=%2Fwp%2Fv2%2Fproduct_tag&post=13032"}],"curies":[{"name":"wp","href":"https:\/\/api.w.org\/{rel}","templated":true}]}}