{"id":13011,"date":"2023-09-13T16:44:04","date_gmt":"2023-09-13T15:44:04","guid":{"rendered":"https:\/\/baralivres.ma\/?post_type=product&#038;p=13011"},"modified":"2023-09-13T16:44:04","modified_gmt":"2023-09-13T15:44:04","slug":"tsugumi-project-tome-1-et-2","status":"publish","type":"product","link":"https:\/\/baralivres.ma\/?product=tsugumi-project-tome-1-et-2","title":{"rendered":"Tsugumi Project Tome 1 et 2"},"content":{"rendered":"<p>UN COMBAT POUR LA SURVIE DANS UN JAPON POST-APOCALYPTIQUE ! Leon, soldat d&rsquo;\u00e9lite d&rsquo;une Europe militariste. est embarqu\u00e9 de force dans une exp\u00e9dition secr\u00e8te. Dans un Japon en rame. abandonne depuis plus de 200 ans, lui et ses compagnons d&rsquo;infortune doivent r\u00e9cup\u00e9rer une arme terrifiante. Son nom de code : Tsugumi. Tout ce qu&rsquo;on sait d&rsquo;elle, c&rsquo;est que son potentiel de destruction est tel que le monde a pr\u00e9f\u00e9r\u00e9 \u00e9craser l&rsquo;archipel sous une pluie de bombes atomiques plut\u00f4t que de voir son d\u00e9veloppement men\u00e9 \u00e0 terme&#8230;<br \/>\nMais l&rsquo;op\u00e9ration tourne court : l&rsquo;avion s&rsquo;\u00e9crase, et L\u00e9on se retrouve seul dans la baie de Tokyo. Affam\u00e9, \u00e0 bout de forces, avec pour unique protection une combinaison antiradiations, il d\u00e9couvre vite que la m\u00e9tropole n&rsquo;est pas aussi d\u00e9serte que pr\u00e9vu&#8230; Sa course peur la survie commence ! Lancez-vous dans une qu\u00eate d\u00e9sesp\u00e9r\u00e9e au coeur d&rsquo;un Japon post-apocalyptique ! Avec son bestiaire d&rsquo;une richesse incroyable, ses personnages charismatiques et ses d\u00e9cors extraordinaires, Tsugumi Project vous marquera au fer rouge&#8230;<br \/>\nUN COMBAT POUR LA SURVIE DANS UN JAPON POST-APOCALYPTIQUE ! Perdu en plein Tokyo irradi\u00e9, L\u00e9on se rend vite compte que les ruines sont peupl\u00e9es de nombreuses cr\u00e9atures hybrides, dont la plupart se montrent particuli\u00e8rement hostiles&#8230; Mais pour lui, pas question d&rsquo;abandonner la mission : c&rsquo;est sa seule chance de revoir un jour sa femme et son fils ! La ville n&rsquo;abrite heureusement pas que des ennemis&#8230;<br \/>\nTsugumi, petite fille aux pattes d&rsquo;oiseau, et Doudou, ancien espion dans la m\u00eame gal\u00e8re que lui, semblent pr\u00eats \u00e0 aider le condamn\u00e9. Avec ces improbables alli\u00e9s, parviendra-t-il \u00e0 survivre aux monstres qui r\u00f4dent ? Lancez-vous dans une qu\u00eate d\u00e9sesp\u00e9r\u00e9e au coeur d&rsquo;un Japon post-apocalyptique ! Avec son bestiaire d&rsquo;une richesse incroyable, ses personnages charismatiques et ses d\u00e9cors extraordinaires.<br \/>\nTsugumi Project vous marquera au fer rouge&#8230;<\/p>\n","protected":false},"excerpt":{"rendered":"<p>UN COMBAT POUR LA SURVIE DANS UN JAPON POST-APOCALYPTIQUE ! Leon, soldat d&rsquo;\u00e9lite d&rsquo;une Europe militariste. est embarqu\u00e9 de force dans une exp\u00e9dition secr\u00e8te. Dans un Japon en rame. abandonne depuis plus de 200 ans, lui et ses compagnons d&rsquo;infortune doivent r\u00e9cup\u00e9rer une arme terrifiante. Son nom de code : Tsugumi. Tout ce qu&rsquo;on sait d&rsquo;elle, c&rsquo;est que son potentiel de destruction est tel que le monde a pr\u00e9f\u00e9r\u00e9 \u00e9craser l&rsquo;archipel sous une pluie de bombes atomiques plut\u00f4t que de voir son d\u00e9veloppement men\u00e9 \u00e0 terme..<\/p>\n","protected":false},"featured_media":13012,"comment_status":"open","ping_status":"closed","template":"","meta":{"inline_featured_image":false},"product_cat":[203,204,205,217],"product_tag":[],"class_list":{"0":"post-13011","1":"product","2":"type-product","3":"status-publish","4":"has-post-thumbnail","6":"product_cat-adolescente","7":"product_cat-francais","8":"product_cat-enfant-adolescente-francais","9":"product_cat-mangas-coffret","11":"first","12":"instock","13":"shipping-taxable","14":"purchasable","15":"product-type-simple"},"_links":{"self":[{"href":"https:\/\/baralivres.ma\/index.php?rest_route=\/wp\/v2\/product\/13011","targetHints":{"allow":["GET"]}}],"collection":[{"href":"https:\/\/baralivres.ma\/index.php?rest_route=\/wp\/v2\/product"}],"about":[{"href":"https:\/\/baralivres.ma\/index.php?rest_route=\/wp\/v2\/types\/product"}],"replies":[{"embeddable":true,"href":"https:\/\/baralivres.ma\/index.php?rest_route=%2Fwp%2Fv2%2Fcomments&post=13011"}],"version-history":[{"count":1,"href":"https:\/\/baralivres.ma\/index.php?rest_route=\/wp\/v2\/product\/13011\/revisions"}],"predecessor-version":[{"id":13013,"href":"https:\/\/baralivres.ma\/index.php?rest_route=\/wp\/v2\/product\/13011\/revisions\/13013"}],"wp:featuredmedia":[{"embeddable":true,"href":"https:\/\/baralivres.ma\/index.php?rest_route=\/wp\/v2\/media\/13012"}],"wp:attachment":[{"href":"https:\/\/baralivres.ma\/index.php?rest_route=%2Fwp%2Fv2%2Fmedia&parent=13011"}],"wp:term":[{"taxonomy":"product_cat","embeddable":true,"href":"https:\/\/baralivres.ma\/index.php?rest_route=%2Fwp%2Fv2%2Fproduct_cat&post=13011"},{"taxonomy":"product_tag","embeddable":true,"href":"https:\/\/baralivres.ma\/index.php?rest_route=%2Fwp%2Fv2%2Fproduct_tag&post=13011"}],"curies":[{"name":"wp","href":"https:\/\/api.w.org\/{rel}","templated":true}]}}