{"id":13002,"date":"2023-09-13T16:34:33","date_gmt":"2023-09-13T15:34:33","guid":{"rendered":"https:\/\/baralivres.ma\/?post_type=product&#038;p=13002"},"modified":"2023-09-13T16:34:34","modified_gmt":"2023-09-13T15:34:34","slug":"kemono-incidents-tomes-1-2-et-3","status":"publish","type":"product","link":"https:\/\/baralivres.ma\/?product=kemono-incidents-tomes-1-2-et-3","title":{"rendered":"Kemono Incidents Tomes 1, 2 et 3"},"content":{"rendered":"<p>Une s\u00e9rie qui dynamite les codes du r\u00e9cit fantastique en le pla\u00e7ant dans un contexte urbain et contemporain. Depuis la nuit des temps, des cr\u00e9atures de l\u00e9gende appel\u00e9es Kemono vivent cach\u00e9es des hommes. Avec l&rsquo;expansion de la civilisation humaine, ils ont \u00e9t\u00e9 chass\u00e9s de leur habitat naturel et leur existence est d\u00e9sormais menac\u00e9e. De ces contacts sont n\u00e9s des hybrides de sang-m\u00eal\u00e9 comme Kaban\u00e9, un jeune gar\u00e7on mi-goule, mi-humain.<br \/>\nAbandonn\u00e9 par ses parents, il m\u00e8ne une vie paisible dans un village perdu au fond des montagnes. Mais lorsqu&rsquo;une s\u00e9rie de crimes atroces survient, un d\u00e9tective de Tokyo est appel\u00e9 pour enqu\u00eater.<\/p>\n","protected":false},"excerpt":{"rendered":"<p>Une s\u00e9rie qui dynamite les codes du r\u00e9cit fantastique en le pla\u00e7ant dans un contexte urbain et contemporain. Depuis la nuit des temps, des cr\u00e9atures de l\u00e9gende appel\u00e9es Kemono vivent cach\u00e9es des hommes. Avec l&rsquo;expansion de la civilisation humaine, ils ont \u00e9t\u00e9 chass\u00e9s de leur habitat naturel et leur existence est d\u00e9sormais menac\u00e9e. De ces contacts sont n\u00e9s des hybrides de sang-m\u00eal\u00e9 comme Kaban\u00e9, un jeune gar\u00e7on mi-goule, mi-humain.<br \/>\nAbandonn\u00e9 par ses parents, il m\u00e8ne une vie paisible dans un village perdu au fond des montagnes. Mais lorsqu&rsquo;une s\u00e9rie de crimes atroces survient, un d\u00e9tective de Tokyo est appel\u00e9 pour enqu\u00eater.<\/p>\n","protected":false},"featured_media":13003,"comment_status":"open","ping_status":"closed","template":"","meta":{"inline_featured_image":false},"product_cat":[203,205,217],"product_tag":[],"class_list":{"0":"post-13002","1":"product","2":"type-product","3":"status-publish","4":"has-post-thumbnail","6":"product_cat-adolescente","7":"product_cat-enfant-adolescente-francais","8":"product_cat-mangas-coffret","10":"first","11":"instock","12":"shipping-taxable","13":"purchasable","14":"product-type-simple"},"_links":{"self":[{"href":"https:\/\/baralivres.ma\/index.php?rest_route=\/wp\/v2\/product\/13002","targetHints":{"allow":["GET"]}}],"collection":[{"href":"https:\/\/baralivres.ma\/index.php?rest_route=\/wp\/v2\/product"}],"about":[{"href":"https:\/\/baralivres.ma\/index.php?rest_route=\/wp\/v2\/types\/product"}],"replies":[{"embeddable":true,"href":"https:\/\/baralivres.ma\/index.php?rest_route=%2Fwp%2Fv2%2Fcomments&post=13002"}],"version-history":[{"count":1,"href":"https:\/\/baralivres.ma\/index.php?rest_route=\/wp\/v2\/product\/13002\/revisions"}],"predecessor-version":[{"id":13004,"href":"https:\/\/baralivres.ma\/index.php?rest_route=\/wp\/v2\/product\/13002\/revisions\/13004"}],"wp:featuredmedia":[{"embeddable":true,"href":"https:\/\/baralivres.ma\/index.php?rest_route=\/wp\/v2\/media\/13003"}],"wp:attachment":[{"href":"https:\/\/baralivres.ma\/index.php?rest_route=%2Fwp%2Fv2%2Fmedia&parent=13002"}],"wp:term":[{"taxonomy":"product_cat","embeddable":true,"href":"https:\/\/baralivres.ma\/index.php?rest_route=%2Fwp%2Fv2%2Fproduct_cat&post=13002"},{"taxonomy":"product_tag","embeddable":true,"href":"https:\/\/baralivres.ma\/index.php?rest_route=%2Fwp%2Fv2%2Fproduct_tag&post=13002"}],"curies":[{"name":"wp","href":"https:\/\/api.w.org\/{rel}","templated":true}]}}