{"id":12999,"date":"2023-09-13T16:32:18","date_gmt":"2023-09-13T15:32:18","guid":{"rendered":"https:\/\/baralivres.ma\/?post_type=product&#038;p=12999"},"modified":"2023-09-13T16:32:19","modified_gmt":"2023-09-13T15:32:19","slug":"transparente-integrale","status":"publish","type":"product","link":"https:\/\/baralivres.ma\/?product=transparente-integrale","title":{"rendered":"Transparente Int\u00e9grale"},"content":{"rendered":"<p>Elle peut faire dispara\u00eetre son corps&#8230; pas sa culpabilit\u00e9. Ne supportant plus la violence quotidienne de son p\u00e8re, Aya Kinomiya, 9 ans, ne souhaite plus qu&rsquo;une chose : dispara\u00eetre. Jusqu&rsquo;au jour o\u00f9 elle se d\u00e9couvre le pouvoir de devenir \u00a0\u00bb transparente \u00a0\u00bb aux yeux des autres. Mais ce don d&rsquo;invisibilit\u00e9 a un co\u00fbt, et il changera sa vie de mani\u00e8re irr\u00e9vocable.<\/p>\n","protected":false},"excerpt":{"rendered":"<p>Elle peut faire dispara\u00eetre son corps&#8230; pas sa culpabilit\u00e9. Ne supportant plus la violence quotidienne de son p\u00e8re, Aya Kinomiya, 9 ans, ne souhaite plus qu&rsquo;une chose : dispara\u00eetre. Jusqu&rsquo;au jour o\u00f9 elle se d\u00e9couvre le pouvoir de devenir \u00a0\u00bb transparente \u00a0\u00bb aux yeux des autres. Mais ce don d&rsquo;invisibilit\u00e9 a un co\u00fbt, et il changera sa vie de mani\u00e8re irr\u00e9vocable.<\/p>\n","protected":false},"featured_media":13000,"comment_status":"open","ping_status":"closed","template":"","meta":{"inline_featured_image":false},"product_cat":[203,204,205,217],"product_tag":[],"class_list":{"0":"post-12999","1":"product","2":"type-product","3":"status-publish","4":"has-post-thumbnail","6":"product_cat-adolescente","7":"product_cat-francais","8":"product_cat-enfant-adolescente-francais","9":"product_cat-mangas-coffret","11":"first","12":"instock","13":"shipping-taxable","14":"purchasable","15":"product-type-simple"},"_links":{"self":[{"href":"https:\/\/baralivres.ma\/index.php?rest_route=\/wp\/v2\/product\/12999","targetHints":{"allow":["GET"]}}],"collection":[{"href":"https:\/\/baralivres.ma\/index.php?rest_route=\/wp\/v2\/product"}],"about":[{"href":"https:\/\/baralivres.ma\/index.php?rest_route=\/wp\/v2\/types\/product"}],"replies":[{"embeddable":true,"href":"https:\/\/baralivres.ma\/index.php?rest_route=%2Fwp%2Fv2%2Fcomments&post=12999"}],"version-history":[{"count":1,"href":"https:\/\/baralivres.ma\/index.php?rest_route=\/wp\/v2\/product\/12999\/revisions"}],"predecessor-version":[{"id":13001,"href":"https:\/\/baralivres.ma\/index.php?rest_route=\/wp\/v2\/product\/12999\/revisions\/13001"}],"wp:featuredmedia":[{"embeddable":true,"href":"https:\/\/baralivres.ma\/index.php?rest_route=\/wp\/v2\/media\/13000"}],"wp:attachment":[{"href":"https:\/\/baralivres.ma\/index.php?rest_route=%2Fwp%2Fv2%2Fmedia&parent=12999"}],"wp:term":[{"taxonomy":"product_cat","embeddable":true,"href":"https:\/\/baralivres.ma\/index.php?rest_route=%2Fwp%2Fv2%2Fproduct_cat&post=12999"},{"taxonomy":"product_tag","embeddable":true,"href":"https:\/\/baralivres.ma\/index.php?rest_route=%2Fwp%2Fv2%2Fproduct_tag&post=12999"}],"curies":[{"name":"wp","href":"https:\/\/api.w.org\/{rel}","templated":true}]}}