{"id":12992,"date":"2023-09-12T11:32:27","date_gmt":"2023-09-12T10:32:27","guid":{"rendered":"https:\/\/baralivres.ma\/?post_type=product&#038;p=12992"},"modified":"2024-04-03T13:22:22","modified_gmt":"2024-04-03T12:22:22","slug":"one-punch-man-tome-2","status":"publish","type":"product","link":"https:\/\/baralivres.ma\/?product=one-punch-man-tome-2","title":{"rendered":"One-Punch Man Tome 2"},"content":{"rendered":"<p>Le plus grand des secrets est sur le point d&rsquo;\u00eatre r\u00e9v\u00e9l\u00e9 ! Apr\u00e8s avoir affront\u00e9 plusieurs adversaires, Saitama et Genos p\u00e9n\u00e8trent dans le repaire de la Maison de l&rsquo;\u00e9volution o\u00f9 ils vont devoir faire face \u00e0 Scaravageur, l&rsquo;ultime de vie artificielle. Alors que Genos se fait \u00e9liminer en une fraction de seconde, Saitama va-t-il enfin pouvoir passer auxchoses s\u00e9rieuses et montrer sa v\u00e9ritable puissance?<\/p>\n","protected":false},"excerpt":{"rendered":"<p>Le plus grand des secrets est sur le point d&rsquo;\u00eatre r\u00e9v\u00e9l\u00e9 ! Apr\u00e8s avoir affront\u00e9 plusieurs adversaires, Saitama et Genos p\u00e9n\u00e8trent dans le repaire de la Maison de l&rsquo;\u00e9volution o\u00f9 ils vont devoir faire face \u00e0 Scaravageur, l&rsquo;ultime de vie artificielle. Alors que Genos se fait \u00e9liminer en une fraction de seconde, Saitama va-t-il enfin pouvoir passer auxchoses s\u00e9rieuses et montrer sa v\u00e9ritable puissance?<\/p>\n","protected":false},"featured_media":12993,"comment_status":"open","ping_status":"closed","template":"","meta":{"inline_featured_image":false},"product_cat":[203,204,205,3686],"product_tag":[],"class_list":{"0":"post-12992","1":"product","2":"type-product","3":"status-publish","4":"has-post-thumbnail","6":"product_cat-adolescente","7":"product_cat-francais","8":"product_cat-enfant-adolescente-francais","9":"product_cat-one-punch-man","11":"first","12":"instock","13":"shipping-taxable","14":"purchasable","15":"product-type-simple"},"_links":{"self":[{"href":"https:\/\/baralivres.ma\/index.php?rest_route=\/wp\/v2\/product\/12992","targetHints":{"allow":["GET"]}}],"collection":[{"href":"https:\/\/baralivres.ma\/index.php?rest_route=\/wp\/v2\/product"}],"about":[{"href":"https:\/\/baralivres.ma\/index.php?rest_route=\/wp\/v2\/types\/product"}],"replies":[{"embeddable":true,"href":"https:\/\/baralivres.ma\/index.php?rest_route=%2Fwp%2Fv2%2Fcomments&post=12992"}],"version-history":[{"count":1,"href":"https:\/\/baralivres.ma\/index.php?rest_route=\/wp\/v2\/product\/12992\/revisions"}],"predecessor-version":[{"id":12994,"href":"https:\/\/baralivres.ma\/index.php?rest_route=\/wp\/v2\/product\/12992\/revisions\/12994"}],"wp:featuredmedia":[{"embeddable":true,"href":"https:\/\/baralivres.ma\/index.php?rest_route=\/wp\/v2\/media\/12993"}],"wp:attachment":[{"href":"https:\/\/baralivres.ma\/index.php?rest_route=%2Fwp%2Fv2%2Fmedia&parent=12992"}],"wp:term":[{"taxonomy":"product_cat","embeddable":true,"href":"https:\/\/baralivres.ma\/index.php?rest_route=%2Fwp%2Fv2%2Fproduct_cat&post=12992"},{"taxonomy":"product_tag","embeddable":true,"href":"https:\/\/baralivres.ma\/index.php?rest_route=%2Fwp%2Fv2%2Fproduct_tag&post=12992"}],"curies":[{"name":"wp","href":"https:\/\/api.w.org\/{rel}","templated":true}]}}