{"id":12989,"date":"2023-09-12T11:31:02","date_gmt":"2023-09-12T10:31:02","guid":{"rendered":"https:\/\/baralivres.ma\/?post_type=product&#038;p=12989"},"modified":"2024-04-03T13:22:23","modified_gmt":"2024-04-03T12:22:23","slug":"one-punch-man-tome-1","status":"publish","type":"product","link":"https:\/\/baralivres.ma\/?product=one-punch-man-tome-1","title":{"rendered":"One-Punch Man Tome 1"},"content":{"rendered":"<p>Saitama est trop puissant, tellement puissant qu&rsquo;il \u00e9limine les ennemis les plus farouches d&rsquo;un simple coup de poing. D\u00e9couvrez l&rsquo;histoire du plus fort des super-h\u00e9ros dans ce manga qui va vous mettre K-O<\/p>\n","protected":false},"excerpt":{"rendered":"<p>Saitama est trop puissant, tellement puissant qu&rsquo;il \u00e9limine les ennemis les plus farouches d&rsquo;un simple coup de poing. D\u00e9couvrez l&rsquo;histoire du plus fort des super-h\u00e9ros dans ce manga qui va vous mettre K-O<\/p>\n","protected":false},"featured_media":12990,"comment_status":"open","ping_status":"closed","template":"","meta":{"inline_featured_image":false},"product_cat":[203,204,205,3686],"product_tag":[],"class_list":{"0":"post-12989","1":"product","2":"type-product","3":"status-publish","4":"has-post-thumbnail","6":"product_cat-adolescente","7":"product_cat-francais","8":"product_cat-enfant-adolescente-francais","9":"product_cat-one-punch-man","11":"first","12":"instock","13":"shipping-taxable","14":"purchasable","15":"product-type-simple"},"_links":{"self":[{"href":"https:\/\/baralivres.ma\/index.php?rest_route=\/wp\/v2\/product\/12989","targetHints":{"allow":["GET"]}}],"collection":[{"href":"https:\/\/baralivres.ma\/index.php?rest_route=\/wp\/v2\/product"}],"about":[{"href":"https:\/\/baralivres.ma\/index.php?rest_route=\/wp\/v2\/types\/product"}],"replies":[{"embeddable":true,"href":"https:\/\/baralivres.ma\/index.php?rest_route=%2Fwp%2Fv2%2Fcomments&post=12989"}],"version-history":[{"count":1,"href":"https:\/\/baralivres.ma\/index.php?rest_route=\/wp\/v2\/product\/12989\/revisions"}],"predecessor-version":[{"id":12991,"href":"https:\/\/baralivres.ma\/index.php?rest_route=\/wp\/v2\/product\/12989\/revisions\/12991"}],"wp:featuredmedia":[{"embeddable":true,"href":"https:\/\/baralivres.ma\/index.php?rest_route=\/wp\/v2\/media\/12990"}],"wp:attachment":[{"href":"https:\/\/baralivres.ma\/index.php?rest_route=%2Fwp%2Fv2%2Fmedia&parent=12989"}],"wp:term":[{"taxonomy":"product_cat","embeddable":true,"href":"https:\/\/baralivres.ma\/index.php?rest_route=%2Fwp%2Fv2%2Fproduct_cat&post=12989"},{"taxonomy":"product_tag","embeddable":true,"href":"https:\/\/baralivres.ma\/index.php?rest_route=%2Fwp%2Fv2%2Fproduct_tag&post=12989"}],"curies":[{"name":"wp","href":"https:\/\/api.w.org\/{rel}","templated":true}]}}