{"id":12986,"date":"2023-09-12T11:29:44","date_gmt":"2023-09-12T10:29:44","guid":{"rendered":"https:\/\/baralivres.ma\/?post_type=product&#038;p=12986"},"modified":"2024-04-03T13:22:23","modified_gmt":"2024-04-03T12:22:23","slug":"one-punch-man-tome-5","status":"publish","type":"product","link":"https:\/\/baralivres.ma\/?product=one-punch-man-tome-5","title":{"rendered":"One-Punch Man Tome 5"},"content":{"rendered":"<p>Saitama et ses compagnons h\u00e9ros n&rsquo;ont pas perdu de temps et se sont aussit\u00f4t mis en route pour stopper un fl\u00e9au de niveau D\u00e9mon ! Mais le Roi des profondeurs, chef des monstres marins, est en train de massacrer un h\u00e9ros de classe S. Les h\u00e9ros vont devoir faire preuve d&rsquo;un grand courage pour affronter cet ennemi surpuissant et prot\u00e9ger la population<\/p>\n","protected":false},"excerpt":{"rendered":"<p>Saitama et ses compagnons h\u00e9ros n&rsquo;ont pas perdu de temps et se sont aussit\u00f4t mis en route pour stopper un fl\u00e9au de niveau D\u00e9mon ! Mais le Roi des profondeurs, chef des monstres marins, est en train de massacrer un h\u00e9ros de classe S. Les h\u00e9ros vont devoir faire preuve d&rsquo;un grand courage pour affronter cet ennemi surpuissant et prot\u00e9ger la population<\/p>\n","protected":false},"featured_media":12987,"comment_status":"open","ping_status":"closed","template":"","meta":{"inline_featured_image":false},"product_cat":[203,204,205,3686],"product_tag":[],"class_list":{"0":"post-12986","1":"product","2":"type-product","3":"status-publish","4":"has-post-thumbnail","6":"product_cat-adolescente","7":"product_cat-francais","8":"product_cat-enfant-adolescente-francais","9":"product_cat-one-punch-man","11":"first","12":"instock","13":"shipping-taxable","14":"purchasable","15":"product-type-simple"},"_links":{"self":[{"href":"https:\/\/baralivres.ma\/index.php?rest_route=\/wp\/v2\/product\/12986","targetHints":{"allow":["GET"]}}],"collection":[{"href":"https:\/\/baralivres.ma\/index.php?rest_route=\/wp\/v2\/product"}],"about":[{"href":"https:\/\/baralivres.ma\/index.php?rest_route=\/wp\/v2\/types\/product"}],"replies":[{"embeddable":true,"href":"https:\/\/baralivres.ma\/index.php?rest_route=%2Fwp%2Fv2%2Fcomments&post=12986"}],"version-history":[{"count":1,"href":"https:\/\/baralivres.ma\/index.php?rest_route=\/wp\/v2\/product\/12986\/revisions"}],"predecessor-version":[{"id":12988,"href":"https:\/\/baralivres.ma\/index.php?rest_route=\/wp\/v2\/product\/12986\/revisions\/12988"}],"wp:featuredmedia":[{"embeddable":true,"href":"https:\/\/baralivres.ma\/index.php?rest_route=\/wp\/v2\/media\/12987"}],"wp:attachment":[{"href":"https:\/\/baralivres.ma\/index.php?rest_route=%2Fwp%2Fv2%2Fmedia&parent=12986"}],"wp:term":[{"taxonomy":"product_cat","embeddable":true,"href":"https:\/\/baralivres.ma\/index.php?rest_route=%2Fwp%2Fv2%2Fproduct_cat&post=12986"},{"taxonomy":"product_tag","embeddable":true,"href":"https:\/\/baralivres.ma\/index.php?rest_route=%2Fwp%2Fv2%2Fproduct_tag&post=12986"}],"curies":[{"name":"wp","href":"https:\/\/api.w.org\/{rel}","templated":true}]}}