{"id":12983,"date":"2023-09-12T11:28:35","date_gmt":"2023-09-12T10:28:35","guid":{"rendered":"https:\/\/baralivres.ma\/?post_type=product&#038;p=12983"},"modified":"2024-04-03T13:22:25","modified_gmt":"2024-04-03T12:22:25","slug":"one-punch-man-tome-7","status":"publish","type":"product","link":"https:\/\/baralivres.ma\/?product=one-punch-man-tome-7","title":{"rendered":"One-Punch Man Tome 7"},"content":{"rendered":"<p>Les h\u00e9ros de classe S ont \u00e9t\u00e9 mobilis\u00e9s pour stopper l&rsquo;invasion de la Terre par des extraterrestres. A l&rsquo;int\u00e9rieur du vaisseau-m\u00e8re ennemi, Saitama affronte Boros, et face \u00e0 l&rsquo;impressionnante puissance de ce dernier, il va enfin devoir passer aux choses s\u00e9rieuses !! Quel sort attend donc la Terre au terme de ce combat contre des ennemis sans pr\u00e9c\u00e9dent<\/p>\n","protected":false},"excerpt":{"rendered":"<p>Les h\u00e9ros de classe S ont \u00e9t\u00e9 mobilis\u00e9s pour stopper l&rsquo;invasion de la Terre par des extraterrestres. A l&rsquo;int\u00e9rieur du vaisseau-m\u00e8re ennemi, Saitama affronte Boros, et face \u00e0 l&rsquo;impressionnante puissance de ce dernier, il va enfin devoir passer aux choses s\u00e9rieuses !! Quel sort attend donc la Terre au terme de ce combat contre des ennemis sans pr\u00e9c\u00e9dent<\/p>\n","protected":false},"featured_media":12984,"comment_status":"open","ping_status":"closed","template":"","meta":{"inline_featured_image":false},"product_cat":[203,204,205,3686],"product_tag":[],"class_list":{"0":"post-12983","1":"product","2":"type-product","3":"status-publish","4":"has-post-thumbnail","6":"product_cat-adolescente","7":"product_cat-francais","8":"product_cat-enfant-adolescente-francais","9":"product_cat-one-punch-man","11":"first","12":"instock","13":"shipping-taxable","14":"purchasable","15":"product-type-simple"},"_links":{"self":[{"href":"https:\/\/baralivres.ma\/index.php?rest_route=\/wp\/v2\/product\/12983","targetHints":{"allow":["GET"]}}],"collection":[{"href":"https:\/\/baralivres.ma\/index.php?rest_route=\/wp\/v2\/product"}],"about":[{"href":"https:\/\/baralivres.ma\/index.php?rest_route=\/wp\/v2\/types\/product"}],"replies":[{"embeddable":true,"href":"https:\/\/baralivres.ma\/index.php?rest_route=%2Fwp%2Fv2%2Fcomments&post=12983"}],"version-history":[{"count":1,"href":"https:\/\/baralivres.ma\/index.php?rest_route=\/wp\/v2\/product\/12983\/revisions"}],"predecessor-version":[{"id":12985,"href":"https:\/\/baralivres.ma\/index.php?rest_route=\/wp\/v2\/product\/12983\/revisions\/12985"}],"wp:featuredmedia":[{"embeddable":true,"href":"https:\/\/baralivres.ma\/index.php?rest_route=\/wp\/v2\/media\/12984"}],"wp:attachment":[{"href":"https:\/\/baralivres.ma\/index.php?rest_route=%2Fwp%2Fv2%2Fmedia&parent=12983"}],"wp:term":[{"taxonomy":"product_cat","embeddable":true,"href":"https:\/\/baralivres.ma\/index.php?rest_route=%2Fwp%2Fv2%2Fproduct_cat&post=12983"},{"taxonomy":"product_tag","embeddable":true,"href":"https:\/\/baralivres.ma\/index.php?rest_route=%2Fwp%2Fv2%2Fproduct_tag&post=12983"}],"curies":[{"name":"wp","href":"https:\/\/api.w.org\/{rel}","templated":true}]}}