{"id":12980,"date":"2023-09-12T11:27:36","date_gmt":"2023-09-12T10:27:36","guid":{"rendered":"https:\/\/baralivres.ma\/?post_type=product&#038;p=12980"},"modified":"2024-04-03T13:22:26","modified_gmt":"2024-04-03T12:22:26","slug":"one-punch-man-tome-9","status":"publish","type":"product","link":"https:\/\/baralivres.ma\/?product=one-punch-man-tome-9","title":{"rendered":"One-Punch Man Tome 9"},"content":{"rendered":"<p>Garoh, une t\u00e8te br\u00fbl\u00e9e qui r\u00eave de devenir un monstre, est venu mettre le boxon \u00e0 l&rsquo;Association des h\u00e9ros ! Il se retire apr\u00e8s avoir r\u00e9tam\u00e9 plusieurs d&rsquo;entre eux, mais quel est donc son but ? D&rsquo;autre part, Fubuki, premi\u00e8re de la classe B, rend visite \u00e0 Saitama avec l&rsquo;intention d&rsquo;en faire son larbin<\/p>\n","protected":false},"excerpt":{"rendered":"<p>Garoh, une t\u00e8te br\u00fbl\u00e9e qui r\u00eave de devenir un monstre, est venu mettre le boxon \u00e0 l&rsquo;Association des h\u00e9ros ! Il se retire apr\u00e8s avoir r\u00e9tam\u00e9 plusieurs d&rsquo;entre eux, mais quel est donc son but ? D&rsquo;autre part, Fubuki, premi\u00e8re de la classe B, rend visite \u00e0 Saitama avec l&rsquo;intention d&rsquo;en faire son larbin<\/p>\n","protected":false},"featured_media":12981,"comment_status":"open","ping_status":"closed","template":"","meta":{"inline_featured_image":false},"product_cat":[203,204,205,3686],"product_tag":[],"class_list":{"0":"post-12980","1":"product","2":"type-product","3":"status-publish","4":"has-post-thumbnail","6":"product_cat-adolescente","7":"product_cat-francais","8":"product_cat-enfant-adolescente-francais","9":"product_cat-one-punch-man","11":"first","12":"instock","13":"shipping-taxable","14":"purchasable","15":"product-type-simple"},"_links":{"self":[{"href":"https:\/\/baralivres.ma\/index.php?rest_route=\/wp\/v2\/product\/12980","targetHints":{"allow":["GET"]}}],"collection":[{"href":"https:\/\/baralivres.ma\/index.php?rest_route=\/wp\/v2\/product"}],"about":[{"href":"https:\/\/baralivres.ma\/index.php?rest_route=\/wp\/v2\/types\/product"}],"replies":[{"embeddable":true,"href":"https:\/\/baralivres.ma\/index.php?rest_route=%2Fwp%2Fv2%2Fcomments&post=12980"}],"version-history":[{"count":1,"href":"https:\/\/baralivres.ma\/index.php?rest_route=\/wp\/v2\/product\/12980\/revisions"}],"predecessor-version":[{"id":12982,"href":"https:\/\/baralivres.ma\/index.php?rest_route=\/wp\/v2\/product\/12980\/revisions\/12982"}],"wp:featuredmedia":[{"embeddable":true,"href":"https:\/\/baralivres.ma\/index.php?rest_route=\/wp\/v2\/media\/12981"}],"wp:attachment":[{"href":"https:\/\/baralivres.ma\/index.php?rest_route=%2Fwp%2Fv2%2Fmedia&parent=12980"}],"wp:term":[{"taxonomy":"product_cat","embeddable":true,"href":"https:\/\/baralivres.ma\/index.php?rest_route=%2Fwp%2Fv2%2Fproduct_cat&post=12980"},{"taxonomy":"product_tag","embeddable":true,"href":"https:\/\/baralivres.ma\/index.php?rest_route=%2Fwp%2Fv2%2Fproduct_tag&post=12980"}],"curies":[{"name":"wp","href":"https:\/\/api.w.org\/{rel}","templated":true}]}}