{"id":12962,"date":"2023-09-12T11:16:42","date_gmt":"2023-09-12T10:16:42","guid":{"rendered":"https:\/\/baralivres.ma\/?post_type=product&#038;p=12962"},"modified":"2024-03-29T16:01:31","modified_gmt":"2024-03-29T15:01:31","slug":"hunter-x-hunter-tome-28","status":"publish","type":"product","link":"https:\/\/baralivres.ma\/?product=hunter-x-hunter-tome-28","title":{"rendered":"Hunter X Hunter Tome 28"},"content":{"rendered":"<p>La bataille entre les Kimeras Ants et les humains s&rsquo;intensifie. Loin du palais royal, le roi et Netero m\u00e8nent un combat acharn\u00e9 \u00e0 l&rsquo;issue des plus inattendues !! Pendant ce temps, Kirua retrouve P\u00e2mu qui s&rsquo;inqui\u00e9tait pour Gon. Cependant, l&rsquo;attitude de P\u00e2mu reste encore partiellement incompr\u00e9hensible<\/p>\n","protected":false},"excerpt":{"rendered":"<p>La bataille entre les Kimeras Ants et les humains s&rsquo;intensifie. Loin du palais royal, le roi et Netero m\u00e8nent un combat acharn\u00e9 \u00e0 l&rsquo;issue des plus inattendues !! Pendant ce temps, Kirua retrouve P\u00e2mu qui s&rsquo;inqui\u00e9tait pour Gon. Cependant, l&rsquo;attitude de P\u00e2mu reste encore partiellement incompr\u00e9hensible<\/p>\n","protected":false},"featured_media":12963,"comment_status":"open","ping_status":"closed","template":"","meta":{"inline_featured_image":false},"product_cat":[203,204,205,3682],"product_tag":[],"class_list":{"0":"post-12962","1":"product","2":"type-product","3":"status-publish","4":"has-post-thumbnail","6":"product_cat-adolescente","7":"product_cat-francais","8":"product_cat-enfant-adolescente-francais","9":"product_cat-hunter-hunter","11":"first","12":"instock","13":"shipping-taxable","14":"purchasable","15":"product-type-simple"},"_links":{"self":[{"href":"https:\/\/baralivres.ma\/index.php?rest_route=\/wp\/v2\/product\/12962","targetHints":{"allow":["GET"]}}],"collection":[{"href":"https:\/\/baralivres.ma\/index.php?rest_route=\/wp\/v2\/product"}],"about":[{"href":"https:\/\/baralivres.ma\/index.php?rest_route=\/wp\/v2\/types\/product"}],"replies":[{"embeddable":true,"href":"https:\/\/baralivres.ma\/index.php?rest_route=%2Fwp%2Fv2%2Fcomments&post=12962"}],"version-history":[{"count":1,"href":"https:\/\/baralivres.ma\/index.php?rest_route=\/wp\/v2\/product\/12962\/revisions"}],"predecessor-version":[{"id":12964,"href":"https:\/\/baralivres.ma\/index.php?rest_route=\/wp\/v2\/product\/12962\/revisions\/12964"}],"wp:featuredmedia":[{"embeddable":true,"href":"https:\/\/baralivres.ma\/index.php?rest_route=\/wp\/v2\/media\/12963"}],"wp:attachment":[{"href":"https:\/\/baralivres.ma\/index.php?rest_route=%2Fwp%2Fv2%2Fmedia&parent=12962"}],"wp:term":[{"taxonomy":"product_cat","embeddable":true,"href":"https:\/\/baralivres.ma\/index.php?rest_route=%2Fwp%2Fv2%2Fproduct_cat&post=12962"},{"taxonomy":"product_tag","embeddable":true,"href":"https:\/\/baralivres.ma\/index.php?rest_route=%2Fwp%2Fv2%2Fproduct_tag&post=12962"}],"curies":[{"name":"wp","href":"https:\/\/api.w.org\/{rel}","templated":true}]}}