{"id":12959,"date":"2023-09-12T11:15:29","date_gmt":"2023-09-12T10:15:29","guid":{"rendered":"https:\/\/baralivres.ma\/?post_type=product&#038;p=12959"},"modified":"2024-03-29T16:01:31","modified_gmt":"2024-03-29T15:01:31","slug":"hunter-x-hunter-tome-29","status":"publish","type":"product","link":"https:\/\/baralivres.ma\/?product=hunter-x-hunter-tome-29","title":{"rendered":"Hunter X Hunter Tome 29"},"content":{"rendered":"<p>Le roi a pu ressusciter gr\u00e2ce \u00e0 Yup\u00ee et \u00e0 Pufu, mais sa m\u00e9moire s\u2019est temporairement embrouill\u00e9e. Pufu aimerait en profiter pour \u00e9liminer Komugi devenue g\u00eanante. Mais les hunters sont l\u00e0 pour la prot\u00e9ger !! Pendant ce temps, Gon est parti retrouver Kaito, mais il est abasourdi par les r\u00e9v\u00e9lations de Pit\u00f4<\/p>\n","protected":false},"excerpt":{"rendered":"<p>Le roi a pu ressusciter gr\u00e2ce \u00e0 Yup\u00ee et \u00e0 Pufu, mais sa m\u00e9moire s\u2019est temporairement embrouill\u00e9e. Pufu aimerait en profiter pour \u00e9liminer Komugi devenue g\u00eanante. Mais les hunters sont l\u00e0 pour la prot\u00e9ger !! Pendant ce temps, Gon est parti retrouver Kaito, mais il est abasourdi par les r\u00e9v\u00e9lations de Pit\u00f4<\/p>\n","protected":false},"featured_media":12960,"comment_status":"open","ping_status":"closed","template":"","meta":{"inline_featured_image":false},"product_cat":[203,204,205,3682],"product_tag":[],"class_list":{"0":"post-12959","1":"product","2":"type-product","3":"status-publish","4":"has-post-thumbnail","6":"product_cat-adolescente","7":"product_cat-francais","8":"product_cat-enfant-adolescente-francais","9":"product_cat-hunter-hunter","11":"first","12":"instock","13":"shipping-taxable","14":"purchasable","15":"product-type-simple"},"_links":{"self":[{"href":"https:\/\/baralivres.ma\/index.php?rest_route=\/wp\/v2\/product\/12959","targetHints":{"allow":["GET"]}}],"collection":[{"href":"https:\/\/baralivres.ma\/index.php?rest_route=\/wp\/v2\/product"}],"about":[{"href":"https:\/\/baralivres.ma\/index.php?rest_route=\/wp\/v2\/types\/product"}],"replies":[{"embeddable":true,"href":"https:\/\/baralivres.ma\/index.php?rest_route=%2Fwp%2Fv2%2Fcomments&post=12959"}],"version-history":[{"count":1,"href":"https:\/\/baralivres.ma\/index.php?rest_route=\/wp\/v2\/product\/12959\/revisions"}],"predecessor-version":[{"id":12961,"href":"https:\/\/baralivres.ma\/index.php?rest_route=\/wp\/v2\/product\/12959\/revisions\/12961"}],"wp:featuredmedia":[{"embeddable":true,"href":"https:\/\/baralivres.ma\/index.php?rest_route=\/wp\/v2\/media\/12960"}],"wp:attachment":[{"href":"https:\/\/baralivres.ma\/index.php?rest_route=%2Fwp%2Fv2%2Fmedia&parent=12959"}],"wp:term":[{"taxonomy":"product_cat","embeddable":true,"href":"https:\/\/baralivres.ma\/index.php?rest_route=%2Fwp%2Fv2%2Fproduct_cat&post=12959"},{"taxonomy":"product_tag","embeddable":true,"href":"https:\/\/baralivres.ma\/index.php?rest_route=%2Fwp%2Fv2%2Fproduct_tag&post=12959"}],"curies":[{"name":"wp","href":"https:\/\/api.w.org\/{rel}","templated":true}]}}