{"id":12937,"date":"2023-09-12T11:05:44","date_gmt":"2023-09-12T10:05:44","guid":{"rendered":"https:\/\/baralivres.ma\/?post_type=product&#038;p=12937"},"modified":"2023-09-12T11:05:45","modified_gmt":"2023-09-12T10:05:45","slug":"boruto-naruto-next-generations-tome-11","status":"publish","type":"product","link":"https:\/\/baralivres.ma\/?product=boruto-naruto-next-generations-tome-11","title":{"rendered":"Boruto &#8211; Naruto Next Generations Tome 11"},"content":{"rendered":"<p>Kawaki, Boruto, Mitsuki et Sarada passent \u00e0 l&rsquo;action pour secourir Naruto, retenu prisonnier dans une autre dimension. Cependant, sur place, Boro, les y attend !! Les quatre amis sont d\u00e9sempar\u00e9s face aux capacit\u00e9s surprenantes et au ninjutsu de Boro. Quelle sera leur strat\u00e9gie pour sortir de cette situation d\u00e9sesp\u00e9r\u00e9e ?<\/p>\n","protected":false},"excerpt":{"rendered":"<p>Kawaki, Boruto, Mitsuki et Sarada passent \u00e0 l&rsquo;action pour secourir Naruto, retenu prisonnier dans une autre dimension. Cependant, sur place, Boro, les y attend !! Les quatre amis sont d\u00e9sempar\u00e9s face aux capacit\u00e9s surprenantes et au ninjutsu de Boro. Quelle sera leur strat\u00e9gie pour sortir de cette situation d\u00e9sesp\u00e9r\u00e9e ?<\/p>\n","protected":false},"featured_media":12938,"comment_status":"open","ping_status":"closed","template":"","meta":{"inline_featured_image":false},"product_cat":[203,204,205],"product_tag":[],"class_list":{"0":"post-12937","1":"product","2":"type-product","3":"status-publish","4":"has-post-thumbnail","6":"product_cat-adolescente","7":"product_cat-francais","8":"product_cat-enfant-adolescente-francais","10":"first","11":"instock","12":"shipping-taxable","13":"purchasable","14":"product-type-simple"},"_links":{"self":[{"href":"https:\/\/baralivres.ma\/index.php?rest_route=\/wp\/v2\/product\/12937","targetHints":{"allow":["GET"]}}],"collection":[{"href":"https:\/\/baralivres.ma\/index.php?rest_route=\/wp\/v2\/product"}],"about":[{"href":"https:\/\/baralivres.ma\/index.php?rest_route=\/wp\/v2\/types\/product"}],"replies":[{"embeddable":true,"href":"https:\/\/baralivres.ma\/index.php?rest_route=%2Fwp%2Fv2%2Fcomments&post=12937"}],"version-history":[{"count":1,"href":"https:\/\/baralivres.ma\/index.php?rest_route=\/wp\/v2\/product\/12937\/revisions"}],"predecessor-version":[{"id":12939,"href":"https:\/\/baralivres.ma\/index.php?rest_route=\/wp\/v2\/product\/12937\/revisions\/12939"}],"wp:featuredmedia":[{"embeddable":true,"href":"https:\/\/baralivres.ma\/index.php?rest_route=\/wp\/v2\/media\/12938"}],"wp:attachment":[{"href":"https:\/\/baralivres.ma\/index.php?rest_route=%2Fwp%2Fv2%2Fmedia&parent=12937"}],"wp:term":[{"taxonomy":"product_cat","embeddable":true,"href":"https:\/\/baralivres.ma\/index.php?rest_route=%2Fwp%2Fv2%2Fproduct_cat&post=12937"},{"taxonomy":"product_tag","embeddable":true,"href":"https:\/\/baralivres.ma\/index.php?rest_route=%2Fwp%2Fv2%2Fproduct_tag&post=12937"}],"curies":[{"name":"wp","href":"https:\/\/api.w.org\/{rel}","templated":true}]}}