{"id":12928,"date":"2023-09-12T11:00:44","date_gmt":"2023-09-12T10:00:44","guid":{"rendered":"https:\/\/baralivres.ma\/?post_type=product&#038;p=12928"},"modified":"2023-09-12T11:00:45","modified_gmt":"2023-09-12T10:00:45","slug":"boruto-naruto-next-generations-tome-8","status":"publish","type":"product","link":"https:\/\/baralivres.ma\/?product=boruto-naruto-next-generations-tome-8","title":{"rendered":"Boruto &#8211; Naruto Next Generations Tome 8"},"content":{"rendered":"<p>Une nouvelle g\u00e9n\u00e9ration de ninjas d\u00e9barque \u00e0 Konoha ! Kawaki est prisonnier des traumatismes du pass\u00e9 li\u00e9s \u00e0 son K\u00e2ma. Cependant, petit \u00e0 petit, en vivant chez Boruto, son coeur commence \u00e0 s&rsquo;ouvrir. C&rsquo;est alors que le noyau dur de Kara, qui poursuit Kawaki, s&rsquo;introduit dans le village cach\u00e9 de Konoha ! lie nouveau, de redoutables ennemis sont pr\u00eats \u00e0 attaquer !!<\/p>\n","protected":false},"excerpt":{"rendered":"<p>Une nouvelle g\u00e9n\u00e9ration de ninjas d\u00e9barque \u00e0 Konoha ! Kawaki est prisonnier des traumatismes du pass\u00e9 li\u00e9s \u00e0 son K\u00e2ma. Cependant, petit \u00e0 petit, en vivant chez Boruto, son coeur commence \u00e0 s&rsquo;ouvrir. C&rsquo;est alors que le noyau dur de Kara, qui poursuit Kawaki, s&rsquo;introduit dans le village cach\u00e9 de Konoha ! lie nouveau, de redoutables ennemis sont pr\u00eats \u00e0 attaquer !!<\/p>\n","protected":false},"featured_media":12929,"comment_status":"open","ping_status":"closed","template":"","meta":{"inline_featured_image":false},"product_cat":[203,204,205],"product_tag":[],"class_list":{"0":"post-12928","1":"product","2":"type-product","3":"status-publish","4":"has-post-thumbnail","6":"product_cat-adolescente","7":"product_cat-francais","8":"product_cat-enfant-adolescente-francais","10":"first","11":"instock","12":"shipping-taxable","13":"purchasable","14":"product-type-simple"},"_links":{"self":[{"href":"https:\/\/baralivres.ma\/index.php?rest_route=\/wp\/v2\/product\/12928","targetHints":{"allow":["GET"]}}],"collection":[{"href":"https:\/\/baralivres.ma\/index.php?rest_route=\/wp\/v2\/product"}],"about":[{"href":"https:\/\/baralivres.ma\/index.php?rest_route=\/wp\/v2\/types\/product"}],"replies":[{"embeddable":true,"href":"https:\/\/baralivres.ma\/index.php?rest_route=%2Fwp%2Fv2%2Fcomments&post=12928"}],"version-history":[{"count":1,"href":"https:\/\/baralivres.ma\/index.php?rest_route=\/wp\/v2\/product\/12928\/revisions"}],"predecessor-version":[{"id":12930,"href":"https:\/\/baralivres.ma\/index.php?rest_route=\/wp\/v2\/product\/12928\/revisions\/12930"}],"wp:featuredmedia":[{"embeddable":true,"href":"https:\/\/baralivres.ma\/index.php?rest_route=\/wp\/v2\/media\/12929"}],"wp:attachment":[{"href":"https:\/\/baralivres.ma\/index.php?rest_route=%2Fwp%2Fv2%2Fmedia&parent=12928"}],"wp:term":[{"taxonomy":"product_cat","embeddable":true,"href":"https:\/\/baralivres.ma\/index.php?rest_route=%2Fwp%2Fv2%2Fproduct_cat&post=12928"},{"taxonomy":"product_tag","embeddable":true,"href":"https:\/\/baralivres.ma\/index.php?rest_route=%2Fwp%2Fv2%2Fproduct_tag&post=12928"}],"curies":[{"name":"wp","href":"https:\/\/api.w.org\/{rel}","templated":true}]}}