{"id":12925,"date":"2023-09-12T10:58:50","date_gmt":"2023-09-12T09:58:50","guid":{"rendered":"https:\/\/baralivres.ma\/?post_type=product&#038;p=12925"},"modified":"2023-09-12T10:58:51","modified_gmt":"2023-09-12T09:58:51","slug":"boruto-naruto-next-generations-tome-7","status":"publish","type":"product","link":"https:\/\/baralivres.ma\/?product=boruto-naruto-next-generations-tome-7","title":{"rendered":"Boruto &#8211; Naruto Next Generations Tome 7"},"content":{"rendered":"<p>La VIe Grande Guerre Ninja n&rsquo;est plus qu&rsquo;un lointain souvenir et la paix s&rsquo;est install\u00e9e. Mais un ennemi ressemblant \u00e9trangement \u00e0 Kaguya fait son apparition et s&rsquo;attaque \u00e0 Killer Bee&#8230; Sasuke enqu\u00eate dans l&rsquo;ombre et rentre pour pr\u00e9venir Naruto du danger ! A Konoha, on pr\u00e9pare l&rsquo;examen des ninjas pour passer ninja de moyenne classe. Boruto, le fils de Naruto, doit y participer en compagnie de Sarada et de Mitsuki.<br \/>\nBoruto demande alors \u00e0 Sasuke, le compagnon d&rsquo;armes de son p\u00e8re, de le prendre comme disciple<\/p>\n","protected":false},"excerpt":{"rendered":"<p>La VIe Grande Guerre Ninja n&rsquo;est plus qu&rsquo;un lointain souvenir et la paix s&rsquo;est install\u00e9e. Mais un ennemi ressemblant \u00e9trangement \u00e0 Kaguya fait son apparition et s&rsquo;attaque \u00e0 Killer Bee&#8230; Sasuke enqu\u00eate dans l&rsquo;ombre et rentre pour pr\u00e9venir Naruto du danger ! A Konoha, on pr\u00e9pare l&rsquo;examen des ninjas pour passer ninja de moyenne classe. Boruto, le fils de Naruto, doit y participer en compagnie de Sarada et de Mitsuki.<br \/>\nBoruto demande alors \u00e0 Sasuke, le compagnon d&rsquo;armes de son p\u00e8re, de le prendre comme disciple<\/p>\n","protected":false},"featured_media":12926,"comment_status":"open","ping_status":"closed","template":"","meta":{"inline_featured_image":false},"product_cat":[203,204,205],"product_tag":[],"class_list":{"0":"post-12925","1":"product","2":"type-product","3":"status-publish","4":"has-post-thumbnail","6":"product_cat-adolescente","7":"product_cat-francais","8":"product_cat-enfant-adolescente-francais","10":"first","11":"instock","12":"shipping-taxable","13":"purchasable","14":"product-type-simple"},"_links":{"self":[{"href":"https:\/\/baralivres.ma\/index.php?rest_route=\/wp\/v2\/product\/12925","targetHints":{"allow":["GET"]}}],"collection":[{"href":"https:\/\/baralivres.ma\/index.php?rest_route=\/wp\/v2\/product"}],"about":[{"href":"https:\/\/baralivres.ma\/index.php?rest_route=\/wp\/v2\/types\/product"}],"replies":[{"embeddable":true,"href":"https:\/\/baralivres.ma\/index.php?rest_route=%2Fwp%2Fv2%2Fcomments&post=12925"}],"version-history":[{"count":1,"href":"https:\/\/baralivres.ma\/index.php?rest_route=\/wp\/v2\/product\/12925\/revisions"}],"predecessor-version":[{"id":12927,"href":"https:\/\/baralivres.ma\/index.php?rest_route=\/wp\/v2\/product\/12925\/revisions\/12927"}],"wp:featuredmedia":[{"embeddable":true,"href":"https:\/\/baralivres.ma\/index.php?rest_route=\/wp\/v2\/media\/12926"}],"wp:attachment":[{"href":"https:\/\/baralivres.ma\/index.php?rest_route=%2Fwp%2Fv2%2Fmedia&parent=12925"}],"wp:term":[{"taxonomy":"product_cat","embeddable":true,"href":"https:\/\/baralivres.ma\/index.php?rest_route=%2Fwp%2Fv2%2Fproduct_cat&post=12925"},{"taxonomy":"product_tag","embeddable":true,"href":"https:\/\/baralivres.ma\/index.php?rest_route=%2Fwp%2Fv2%2Fproduct_tag&post=12925"}],"curies":[{"name":"wp","href":"https:\/\/api.w.org\/{rel}","templated":true}]}}