{"id":12922,"date":"2023-09-12T10:57:33","date_gmt":"2023-09-12T09:57:33","guid":{"rendered":"https:\/\/baralivres.ma\/?post_type=product&#038;p=12922"},"modified":"2023-09-12T10:57:36","modified_gmt":"2023-09-12T09:57:36","slug":"boruto-naruto-next-generations-tome-6","status":"publish","type":"product","link":"https:\/\/baralivres.ma\/?product=boruto-naruto-next-generations-tome-6","title":{"rendered":"Boruto &#8211; Naruto Next Generations Tome 6"},"content":{"rendered":"<p>L&rsquo;ex-shinobi, Ao, se dresse devant Boruto et ses amis ! Boruto et les autres ne peuvent rien faire contre le puissant Ao dot\u00e9 d&rsquo;outils scientifiques ninjas. Boruto a-t-il un plan pour sortir de cette situation d\u00e9sesp\u00e9r\u00e9e ?<\/p>\n","protected":false},"excerpt":{"rendered":"<p>L&rsquo;ex-shinobi, Ao, se dresse devant Boruto et ses amis ! Boruto et les autres ne peuvent rien faire contre le puissant Ao dot\u00e9 d&rsquo;outils scientifiques ninjas. Boruto a-t-il un plan pour sortir de cette situation d\u00e9sesp\u00e9r\u00e9e ?<\/p>\n","protected":false},"featured_media":12923,"comment_status":"open","ping_status":"closed","template":"","meta":{"inline_featured_image":false},"product_cat":[203,204,205],"product_tag":[],"class_list":{"0":"post-12922","1":"product","2":"type-product","3":"status-publish","4":"has-post-thumbnail","6":"product_cat-adolescente","7":"product_cat-francais","8":"product_cat-enfant-adolescente-francais","10":"first","11":"instock","12":"shipping-taxable","13":"purchasable","14":"product-type-simple"},"_links":{"self":[{"href":"https:\/\/baralivres.ma\/index.php?rest_route=\/wp\/v2\/product\/12922","targetHints":{"allow":["GET"]}}],"collection":[{"href":"https:\/\/baralivres.ma\/index.php?rest_route=\/wp\/v2\/product"}],"about":[{"href":"https:\/\/baralivres.ma\/index.php?rest_route=\/wp\/v2\/types\/product"}],"replies":[{"embeddable":true,"href":"https:\/\/baralivres.ma\/index.php?rest_route=%2Fwp%2Fv2%2Fcomments&post=12922"}],"version-history":[{"count":1,"href":"https:\/\/baralivres.ma\/index.php?rest_route=\/wp\/v2\/product\/12922\/revisions"}],"predecessor-version":[{"id":12924,"href":"https:\/\/baralivres.ma\/index.php?rest_route=\/wp\/v2\/product\/12922\/revisions\/12924"}],"wp:featuredmedia":[{"embeddable":true,"href":"https:\/\/baralivres.ma\/index.php?rest_route=\/wp\/v2\/media\/12923"}],"wp:attachment":[{"href":"https:\/\/baralivres.ma\/index.php?rest_route=%2Fwp%2Fv2%2Fmedia&parent=12922"}],"wp:term":[{"taxonomy":"product_cat","embeddable":true,"href":"https:\/\/baralivres.ma\/index.php?rest_route=%2Fwp%2Fv2%2Fproduct_cat&post=12922"},{"taxonomy":"product_tag","embeddable":true,"href":"https:\/\/baralivres.ma\/index.php?rest_route=%2Fwp%2Fv2%2Fproduct_tag&post=12922"}],"curies":[{"name":"wp","href":"https:\/\/api.w.org\/{rel}","templated":true}]}}