{"id":12919,"date":"2023-09-12T10:56:25","date_gmt":"2023-09-12T09:56:25","guid":{"rendered":"https:\/\/baralivres.ma\/?post_type=product&#038;p=12919"},"modified":"2023-09-12T10:56:25","modified_gmt":"2023-09-12T09:56:25","slug":"boruto-naruto-next-generations-tome-3","status":"publish","type":"product","link":"https:\/\/baralivres.ma\/?product=boruto-naruto-next-generations-tome-3","title":{"rendered":"Boruto &#8211; Naruto Next Generations Tome 3"},"content":{"rendered":"<p>Momoshiki a aspir\u00e9 Kinshiki, et sa nouvelle apparence ne pr\u00e9sage rien de bon ! Sa force \u00e9crasante met \u00e0 mal les Cinq Kage. Malgr\u00e9 le duo superfort que forment Naruto et Sasuke, un \u00e9v\u00e8nement inattendu survient. Boruto d\u00e9tient la cl\u00e9 pour sortir de cette situation plus que critique !! Quelle est la technique secr\u00e8te que lui transmet son ma\u00eetre Sasuke ?<\/p>\n","protected":false},"excerpt":{"rendered":"<p>Momoshiki a aspir\u00e9 Kinshiki, et sa nouvelle apparence ne pr\u00e9sage rien de bon ! Sa force \u00e9crasante met \u00e0 mal les Cinq Kage. Malgr\u00e9 le duo superfort que forment Naruto et Sasuke, un \u00e9v\u00e8nement inattendu survient. Boruto d\u00e9tient la cl\u00e9 pour sortir de cette situation plus que critique !! Quelle est la technique secr\u00e8te que lui transmet son ma\u00eetre Sasuke ?<\/p>\n","protected":false},"featured_media":12920,"comment_status":"open","ping_status":"closed","template":"","meta":{"inline_featured_image":false},"product_cat":[203,204,205],"product_tag":[],"class_list":{"0":"post-12919","1":"product","2":"type-product","3":"status-publish","4":"has-post-thumbnail","6":"product_cat-adolescente","7":"product_cat-francais","8":"product_cat-enfant-adolescente-francais","10":"first","11":"instock","12":"shipping-taxable","13":"purchasable","14":"product-type-simple"},"_links":{"self":[{"href":"https:\/\/baralivres.ma\/index.php?rest_route=\/wp\/v2\/product\/12919","targetHints":{"allow":["GET"]}}],"collection":[{"href":"https:\/\/baralivres.ma\/index.php?rest_route=\/wp\/v2\/product"}],"about":[{"href":"https:\/\/baralivres.ma\/index.php?rest_route=\/wp\/v2\/types\/product"}],"replies":[{"embeddable":true,"href":"https:\/\/baralivres.ma\/index.php?rest_route=%2Fwp%2Fv2%2Fcomments&post=12919"}],"version-history":[{"count":1,"href":"https:\/\/baralivres.ma\/index.php?rest_route=\/wp\/v2\/product\/12919\/revisions"}],"predecessor-version":[{"id":12921,"href":"https:\/\/baralivres.ma\/index.php?rest_route=\/wp\/v2\/product\/12919\/revisions\/12921"}],"wp:featuredmedia":[{"embeddable":true,"href":"https:\/\/baralivres.ma\/index.php?rest_route=\/wp\/v2\/media\/12920"}],"wp:attachment":[{"href":"https:\/\/baralivres.ma\/index.php?rest_route=%2Fwp%2Fv2%2Fmedia&parent=12919"}],"wp:term":[{"taxonomy":"product_cat","embeddable":true,"href":"https:\/\/baralivres.ma\/index.php?rest_route=%2Fwp%2Fv2%2Fproduct_cat&post=12919"},{"taxonomy":"product_tag","embeddable":true,"href":"https:\/\/baralivres.ma\/index.php?rest_route=%2Fwp%2Fv2%2Fproduct_tag&post=12919"}],"curies":[{"name":"wp","href":"https:\/\/api.w.org\/{rel}","templated":true}]}}