{"id":12916,"date":"2023-09-12T10:55:03","date_gmt":"2023-09-12T09:55:03","guid":{"rendered":"https:\/\/baralivres.ma\/?post_type=product&#038;p=12916"},"modified":"2023-09-12T10:55:04","modified_gmt":"2023-09-12T09:55:04","slug":"boruto-naruto-next-generations-tome-2","status":"publish","type":"product","link":"https:\/\/baralivres.ma\/?product=boruto-naruto-next-generations-tome-2","title":{"rendered":"Boruto &#8211; Naruto Next Generations Tome 2"},"content":{"rendered":"<p>Boruto r\u00e9ussit la deuxi\u00e8me \u00e9preuve de l&rsquo;examen de s\u00e9lection des ninjas de moyenne classe. Pendant la troisi\u00e8me \u00e9preuve, il utilise de nouveau l&rsquo;artefact de l&rsquo;unit\u00e9 scientifique pour gagner ! Cela n&rsquo;\u00e9chappe pas \u00e0 Naruto qui disqualifie son fils ! Mais ils sont interrompus par le terrible Momoshiki !<\/p>\n","protected":false},"excerpt":{"rendered":"<p>Boruto r\u00e9ussit la deuxi\u00e8me \u00e9preuve de l&rsquo;examen de s\u00e9lection des ninjas de moyenne classe. Pendant la troisi\u00e8me \u00e9preuve, il utilise de nouveau l&rsquo;artefact de l&rsquo;unit\u00e9 scientifique pour gagner ! Cela n&rsquo;\u00e9chappe pas \u00e0 Naruto qui disqualifie son fils ! Mais ils sont interrompus par le terrible Momoshiki !<\/p>\n","protected":false},"featured_media":12917,"comment_status":"open","ping_status":"closed","template":"","meta":{"inline_featured_image":false},"product_cat":[203,204,205],"product_tag":[],"class_list":{"0":"post-12916","1":"product","2":"type-product","3":"status-publish","4":"has-post-thumbnail","6":"product_cat-adolescente","7":"product_cat-francais","8":"product_cat-enfant-adolescente-francais","10":"first","11":"instock","12":"shipping-taxable","13":"purchasable","14":"product-type-simple"},"_links":{"self":[{"href":"https:\/\/baralivres.ma\/index.php?rest_route=\/wp\/v2\/product\/12916","targetHints":{"allow":["GET"]}}],"collection":[{"href":"https:\/\/baralivres.ma\/index.php?rest_route=\/wp\/v2\/product"}],"about":[{"href":"https:\/\/baralivres.ma\/index.php?rest_route=\/wp\/v2\/types\/product"}],"replies":[{"embeddable":true,"href":"https:\/\/baralivres.ma\/index.php?rest_route=%2Fwp%2Fv2%2Fcomments&post=12916"}],"version-history":[{"count":1,"href":"https:\/\/baralivres.ma\/index.php?rest_route=\/wp\/v2\/product\/12916\/revisions"}],"predecessor-version":[{"id":12918,"href":"https:\/\/baralivres.ma\/index.php?rest_route=\/wp\/v2\/product\/12916\/revisions\/12918"}],"wp:featuredmedia":[{"embeddable":true,"href":"https:\/\/baralivres.ma\/index.php?rest_route=\/wp\/v2\/media\/12917"}],"wp:attachment":[{"href":"https:\/\/baralivres.ma\/index.php?rest_route=%2Fwp%2Fv2%2Fmedia&parent=12916"}],"wp:term":[{"taxonomy":"product_cat","embeddable":true,"href":"https:\/\/baralivres.ma\/index.php?rest_route=%2Fwp%2Fv2%2Fproduct_cat&post=12916"},{"taxonomy":"product_tag","embeddable":true,"href":"https:\/\/baralivres.ma\/index.php?rest_route=%2Fwp%2Fv2%2Fproduct_tag&post=12916"}],"curies":[{"name":"wp","href":"https:\/\/api.w.org\/{rel}","templated":true}]}}